{"id":126919,"date":"2025-11-03T12:05:34","date_gmt":"2025-11-03T17:05:34","guid":{"rendered":"https:\/\/queerchamber.ca\/fr\/?page_id=126919"},"modified":"2025-11-03T12:06:03","modified_gmt":"2025-11-03T17:06:03","slug":"2025-business-leadership-awards","status":"publish","type":"page","link":"https:\/\/queerchamber.ca\/fr\/2025-business-leadership-awards\/","title":{"rendered":"Prix du leadership en affaires 2025"},"content":{"rendered":"\n<h3 class=\"wp-block-heading\"><strong>La p\u00e9riode limite de mise en candidature pour les <a href=\"https:\/\/applications.queerchamber.ca\/\">Prix annuels de leadership en affaires 2ELGBTQI+ de la CCQC<\/a> .<\/strong><\/h3>\n\n\n\n<div class=\"wp-block-group alignwide has-global-padding is-layout-constrained wp-block-group-is-layout-constrained\">\n<div class=\"wp-block-columns is-layout-flex wp-container-core-columns-is-layout-28f84493 wp-block-columns-is-layout-flex\">\n<div class=\"wp-block-column is-layout-flow wp-block-column-is-layout-flow\">\n<figure class=\"wp-block-image size-full\" style=\"margin-top:0;margin-bottom:0\"><img decoding=\"async\" src=\"https:\/\/queerchamber.ca\/wp-content\/uploads\/2025\/08\/Awards-Nomination-2025-Gala_1600-x-900.png\" alt=\"\" class=\"wp-image-61972\"\/><\/figure>\n<\/div>\n\n\n\n<div class=\"wp-block-column is-layout-flow wp-block-column-is-layout-flow\">\n<p>Ces prix rev\u00eatent une grande importance, car <strong>ils rendent hommage \u00e0 des personnes et \u00e0 des entreprises exceptionnelles qui ont jou\u00e9 un r\u00f4le particulier dans la croissance \u00e9conomique de la communaut\u00e9 2ELGBTQI+ au Canada<\/strong>. Ils rendent hommage \u00e0 ceux qui ont cr\u00e9\u00e9 des changements positifs et favoris\u00e9 un environnement d\u2019affaires florissant.<\/p>\n\n\n\n<p>La <strong>date limite pour les mises en candidature \u00e9tait le 14 octobre 2025<\/strong>.<\/p>\n\n\n\n<p>Les finalistes seront s\u00e9lectionn\u00e9s d\u2019ici le 20 octobre 2025 et seront invit\u00e9s au 10e gala annuel Noir &amp; Blanc de la CCQC le 14 novembre 2025 o\u00f9 les gagnants seront annonc\u00e9s\u00a0!<\/p>\n\n\n\n<p>Suivez-nous sur notre <a href=\"https:\/\/queerchamber.ca\/\">site Web<\/a> et nos <a href=\"https:\/\/linktr.ee\/cglcc\">r\u00e9seaux sociaux<\/a> pour en savoir plus sur les prix.<\/p>\n<\/div>\n<\/div>\n\n\n\n<h3 class=\"wp-block-heading\">Vous trouverez ci-dessous des informations pour chaque cat\u00e9gorie de prix. <\/h3>\n<\/div>\n\n\n<div class=\"accordion-stack\" >\n\n\t\t\t\t\t\t\t\t\t\t\t\t\t\t\n            \n            <div class=\"accordion-details accordion-item-1\" data-open=\"false\" >\n                <div class=\"accordion-summary\" id=\"summary-accordion-item-1\" aria-controls=\"content-accordion-item-1\" aria-expanded=\"false\" tabindex=\"0\">\n                    <div class=\"accordion-title\" >2025 Business Leader of the Year <\/div>\n                    <div class=\"accordion-toggle\"><\/div>\n                <\/div><!-- .accordion-summary -->\n                <div class=\"accordion-content\" id=\"content-accordion-item-1\" aria-labelledby=\"summary-accordion-item-1\" >\n                    <div >\n\t\t\t\t\t\t<p>The Business Leader Award celebrates individuals who have demonstrated exceptional leadership and advocacy within the 2SLGBTQI+ business community in Canada. This award recognizes individuals who have made significant contributions through their business endeavors aimed at fostering greater inclusion and representation for 2SLGBTQI+ businesses and entrepreneurs.<\/p>\n                    <\/div>\n\n                                    <\/div><!-- .accordion-content -->\n            <\/div><!-- .accordion-details -->\n\n\t\t\t\t\t\t\t\t\t\t\t\t\t\t\n            \n            <div class=\"accordion-details accordion-item-2\" data-open=\"false\" >\n                <div class=\"accordion-summary\" id=\"summary-accordion-item-2\" aria-controls=\"content-accordion-item-2\" aria-expanded=\"false\" tabindex=\"0\">\n                    <div class=\"accordion-title\" >2025 Corporation of the Year <\/div>\n                    <div class=\"accordion-toggle\"><\/div>\n                <\/div><!-- .accordion-summary -->\n                <div class=\"accordion-content\" id=\"content-accordion-item-2\" aria-labelledby=\"summary-accordion-item-2\" >\n                    <div >\n\t\t\t\t\t\t<p>This award acknowledges a corporation that is a leader in Canada that enhances 2SLGBTQI+ Business and supports the 2SLGBTQI+ community through commitment, activities and visibility. Winners of this award exemplify excellence and are anchors of the Canadian business ecosystem.<\/p>\n                    <\/div>\n\n                                    <\/div><!-- .accordion-content -->\n            <\/div><!-- .accordion-details -->\n\n\t\t\t\t\t\t\t\t\t\t\t\t\t\t\n            \n            <div class=\"accordion-details accordion-item-3\" data-open=\"false\" >\n                <div class=\"accordion-summary\" id=\"summary-accordion-item-3\" aria-controls=\"content-accordion-item-3\" aria-expanded=\"false\" tabindex=\"0\">\n                    <div class=\"accordion-title\" >2025 2SLGBTQI+ Business of the Year <\/div>\n                    <div class=\"accordion-toggle\"><\/div>\n                <\/div><!-- .accordion-summary -->\n                <div class=\"accordion-content\" id=\"content-accordion-item-3\" aria-labelledby=\"summary-accordion-item-3\" >\n                    <div >\n\t\t\t\t\t\t<p>This award celebrates a business that is owned, operated and controlled, by a 2SLGBTQI+ individual(s) that has made a significant economic impact on the local\/regional\/national community, while making contributions to the 2SLGBTQI+ community in Canada.<\/p>\n                    <\/div>\n\n                                    <\/div><!-- .accordion-content -->\n            <\/div><!-- .accordion-details -->\n\n\t\t\t\t\t\t\t\t\t\t\t\t\t\t\n            \n            <div class=\"accordion-details accordion-item-4\" data-open=\"false\" >\n                <div class=\"accordion-summary\" id=\"summary-accordion-item-4\" aria-controls=\"content-accordion-item-4\" aria-expanded=\"false\" tabindex=\"0\">\n                    <div class=\"accordion-title\" >2025 Young 2SLGBTQI+ Entrepreneur of the Year <\/div>\n                    <div class=\"accordion-toggle\"><\/div>\n                <\/div><!-- .accordion-summary -->\n                <div class=\"accordion-content\" id=\"content-accordion-item-4\" aria-labelledby=\"summary-accordion-item-4\" >\n                    <div >\n\t\t\t\t\t\t<p>This award recognizes outstanding achievement by a 2SLGBTQI+ young entrepreneur. The award is given to an individual who best exemplifies the qualities of effective leadership and innovative thinking, demonstrates growth potential, shows a high level of social, cultural, and environmental awareness, and has demonstrated commitment to both the 2SLGBTQI+ community and beyond.<\/p>\n                    <\/div>\n\n                                    <\/div><!-- .accordion-content -->\n            <\/div><!-- .accordion-details -->\n\n\t\t\t\t\t\t\t\t\t\t\t\t\t\t\n            \n            <div class=\"accordion-details accordion-item-5\" data-open=\"false\" >\n                <div class=\"accordion-summary\" id=\"summary-accordion-item-5\" aria-controls=\"content-accordion-item-5\" aria-expanded=\"false\" tabindex=\"0\">\n                    <div class=\"accordion-title\" >2025 2SLGBTQI+  Community Impact Award  <\/div>\n                    <div class=\"accordion-toggle\"><\/div>\n                <\/div><!-- .accordion-summary -->\n                <div class=\"accordion-content\" id=\"content-accordion-item-5\" aria-labelledby=\"summary-accordion-item-5\" >\n                    <div >\n\t\t\t\t\t\t<p>The 2SLGBTQI+ Community Impact Award celebrates outstanding contributions by an individual, organization, or business that has made a significant and positive impact on the 2SLGBTQI+ community. This award recognizes efforts in promoting inclusivity, advocating for the community, and enhancing the well-being of 2SLGBTQI+ individuals through innovative programs, policies, and\/or initiatives.<\/p>\n                    <\/div>\n\n                                    <\/div><!-- .accordion-content -->\n            <\/div><!-- .accordion-details -->\n\n\t\t\t\t\t\t\t\t\t\t\t\t\t\t\n            \n            <div class=\"accordion-details accordion-item-6\" data-open=\"false\" >\n                <div class=\"accordion-summary\" id=\"summary-accordion-item-6\" aria-controls=\"content-accordion-item-6\" aria-expanded=\"false\" tabindex=\"0\">\n                    <div class=\"accordion-title\" >2025 CCQC Rainbow Registered Prism Award <\/div>\n                    <div class=\"accordion-toggle\"><\/div>\n                <\/div><!-- .accordion-summary -->\n                <div class=\"accordion-content\" id=\"content-accordion-item-6\" aria-labelledby=\"summary-accordion-item-6\" >\n                    <div >\n\t\t\t\t\t\t<p>This award recognizes a\u202fRainbow Registered organization\u202fthat has demonstrated outstanding commitment to creating welcoming and inclusive environments for 2SLGBTQI+ individuals. The recipient has shown leadership in embedding diversity, equity, and inclusion into their workplace culture, client experience, community engagement, and operational practices. This organization goes beyond compliance, becoming a visible champion of 2SLGBTQI+ inclusion within their industry and community.<\/p>\n                    <\/div>\n\n                                    <\/div><!-- .accordion-content -->\n            <\/div><!-- .accordion-details -->\n\n\t\t\t\t\t\t\n<\/div><!-- .accordion-stack -->\n\n\n\n<p>Si vous avez des questions ou des commentaires concernant les prix, veuillez <a href=\"mailto:events@queerchamber.ca\" target=\"_blank\" rel=\"noreferrer noopener\">events@queerchamber.ca<\/a> contacter.<\/p>\n\n\n\n<p>Les laur\u00e9ats pr\u00e9c\u00e9dents de nos prix de leadership se trouvent sur notre <a href=\"https:\/\/queerchamber.ca\/business-leadership-wall-of-fame\/\">mur de la renomm\u00e9e du leadership en affaires<\/a>.<\/p>\n","protected":false},"excerpt":{"rendered":"<p>La p\u00e9riode limite de mise en candidature pour les Prix annuels de leadership en affaires 2ELGBTQI+ de la CCQC. Ces prix rev\u00eatent une grande importance, car ils rendent hommage \u00e0 des personnes et \u00e0 des entreprises exceptionnelles qui ont jou\u00e9 un r\u00f4le particulier dans la croissance \u00e9conomique de la communaut\u00e9 2ELGBTQI+ au Canada. Ils rendent hommage \u00e0 ceux qui ont cr\u00e9\u00e9 des changements positifs et favoris\u00e9 un environnement d\u2019affaires florissant. La date limite pour les mises en candidature \u00e9tait le 14 octobre 2025. Les finalistes seront s\u00e9lectionn\u00e9s d\u2019ici le 20 octobre 2025 et seront invit\u00e9s au 10e gala annuel Noir &amp; Blanc de la CCQC le 14 novembre 2025 o\u00f9 les gagnants seront annonc\u00e9s\u00a0! Suivez-nous sur notre site web et nos r\u00e9seaux sociaux [&#8230;]<\/p>\n","protected":false},"author":4024,"featured_media":0,"parent":0,"menu_order":0,"comment_status":"closed","ping_status":"closed","template":"","meta":{"_acf_changed":false,"_tec_requires_first_save":true,"_trash_the_other_posts":false,"advanced_seo_description":"","jetpack_seo_html_title":"","jetpack_seo_noindex":false,"_EventAllDay":false,"_EventTimezone":"","_EventStartDate":"","_EventEndDate":"","_EventStartDateUTC":"","_EventEndDateUTC":"","_EventShowMap":false,"_EventShowMapLink":false,"_EventURL":"","_EventCost":"","_EventCostDescription":"","_EventCurrencySymbol":"","_EventCurrencyCode":"","_EventCurrencyPosition":"","_EventDateTimeSeparator":"","_EventTimeRangeSeparator":"","_EventOrganizerID":[],"_EventVenueID":[],"_OrganizerEmail":"","_OrganizerPhone":"","_OrganizerWebsite":"","_VenueAddress":"","_VenueCity":"","_VenueCountry":"","_VenueProvince":"","_VenueState":"","_VenueZip":"","_VenuePhone":"","_VenueURL":"","_VenueStateProvince":"","_VenueLat":"","_VenueLng":"","_VenueShowMap":false,"_VenueShowMapLink":false,"_price":"","_stock":"","_tribe_ticket_header":"","_tribe_default_ticket_provider":"","_tribe_ticket_capacity":"0","_ticket_start_date":"","_ticket_end_date":"","_tribe_ticket_show_description":"","_tribe_ticket_show_not_going":false,"_tribe_ticket_use_global_stock":"","_tribe_ticket_global_stock_level":"","_global_stock_mode":"","_global_stock_cap":"","_tribe_rsvp_for_event":"","_tribe_ticket_going_count":"","_tribe_ticket_not_going_count":"","_tribe_tickets_list":"[]","_tribe_ticket_has_attendee_info_fields":false,"_tribe_blocks_recurrence_rules":"","_tribe_blocks_recurrence_description":"","_tribe_blocks_recurrence_exclusions":"","editor_notices":[],"footnotes":"","_tec_slr_enabled":"","_tec_slr_layout":""},"class_list":["post-126919","page","type-page","status-publish","hentry"],"acf":[],"jetpack_sharing_enabled":true,"ticketed":false,"_links":{"self":[{"href":"https:\/\/queerchamber.ca\/fr\/wp-json\/wp\/v2\/pages\/126919","targetHints":{"allow":["GET"]}}],"collection":[{"href":"https:\/\/queerchamber.ca\/fr\/wp-json\/wp\/v2\/pages"}],"about":[{"href":"https:\/\/queerchamber.ca\/fr\/wp-json\/wp\/v2\/types\/page"}],"author":[{"embeddable":true,"href":"https:\/\/queerchamber.ca\/fr\/wp-json\/wp\/v2\/users\/4024"}],"replies":[{"embeddable":true,"href":"https:\/\/queerchamber.ca\/fr\/wp-json\/wp\/v2\/comments?post=126919"}],"version-history":[{"count":3,"href":"https:\/\/queerchamber.ca\/fr\/wp-json\/wp\/v2\/pages\/126919\/revisions"}],"predecessor-version":[{"id":126922,"href":"https:\/\/queerchamber.ca\/fr\/wp-json\/wp\/v2\/pages\/126919\/revisions\/126922"}],"wp:attachment":[{"href":"https:\/\/queerchamber.ca\/fr\/wp-json\/wp\/v2\/media?parent=126919"}],"curies":[{"name":"wp","href":"https:\/\/api.w.org\/{rel}","templated":true}]}}