{"id":59589,"date":"2024-08-26T13:27:48","date_gmt":"2024-08-26T17:27:48","guid":{"rendered":"https:\/\/dev-cglcc-multisite.pantheonsite.io\/fr\/mental-health-initiative\/"},"modified":"2025-10-30T19:19:09","modified_gmt":"2025-10-30T23:19:09","slug":"mental-health-initiative","status":"publish","type":"page","link":"https:\/\/queerchamber.ca\/fr\/mental-health-initiative\/","title":{"rendered":"Initiative pour la sant\u00e9 mentale 2ELGBTQIA+\u00a0"},"content":{"rendered":"\n<div class=\"wp-block-group alignfull has-purple-background-color has-background has-global-padding is-layout-constrained wp-block-group-is-layout-constrained\" style=\"padding-top:0;padding-bottom:var(--wp--preset--spacing--large)\">\n<div class=\"wp-block-columns is-layout-flex wp-container-core-columns-is-layout-28f84493 wp-block-columns-is-layout-flex\">\n<div class=\"wp-block-column is-vertically-aligned-center is-layout-flow wp-block-column-is-layout-flow\" style=\"flex-basis:60%\">\n<div style=\"height:70px\" aria-hidden=\"true\" class=\"wp-block-spacer\"><\/div>\n\n\n\n<h1 class=\"wp-block-heading has-xxx-large-font-size\">Initiative pour la sant\u00e9 mentale 2ELGBTQIA+\u00a0<\/h1>\n<\/div>\n\n\n\n<div class=\"wp-block-column is-vertically-aligned-center is-layout-flow wp-block-column-is-layout-flow\" style=\"flex-basis:33.33%\">\n<figure class=\"wp-block-image alignright size-large is-style-skewed-left span-right\"><img decoding=\"async\" src=\"https:\/\/queerchamber.ca\/wp-content\/uploads\/sites\/2\/2025\/10\/Mental-Health-1-960x506.jpeg\" alt=\"\" class=\"wp-image-65775\" style=\"object-fit:cover\"\/><\/figure>\n<\/div>\n<\/div>\n\n\n\n<div class=\"wp-block-columns is-layout-flex wp-container-core-columns-is-layout-28f84493 wp-block-columns-is-layout-flex\">\n<div class=\"wp-block-column is-layout-flow wp-block-column-is-layout-flow\" style=\"flex-basis:70%\">\n<p class=\"is-style-default has-medium-font-size\">Ateliers collectifs sur la sant\u00e9 mentale destin\u00e9s aux gestionnaires 2ELGBTQIA+.\u2028<\/p>\n<\/div>\n\n\n\n<div class=\"wp-block-column is-layout-flow wp-block-column-is-layout-flow\" style=\"flex-basis:25%\"><\/div>\n<\/div>\n\n\n\n<div style=\"height:30px\" aria-hidden=\"true\" class=\"wp-block-spacer\"><\/div>\n<\/div>\n\n\n\n<div style=\"height:70px\" aria-hidden=\"true\" class=\"wp-block-spacer\"><\/div>\n\n\n\n<div class=\"wp-block-columns alignwide is-layout-flex wp-container-core-columns-is-layout-28f84493 wp-block-columns-is-layout-flex\">\n<div class=\"wp-block-column is-layout-flow wp-block-column-is-layout-flow\" style=\"flex-basis:66.66%\">\n<p><strong><strong>La sant\u00e9 mentale a un impact disproportionn\u00e9 sur les personnes et gestionnaires 2ELGBTQIA+.<\/strong> <\/strong><\/p>\n\n\n\n<p>C&#8217;est pourquoi la CCQC s&#8217;est associ\u00e9e \u00e0&nbsp;<a href=\"https:\/\/ourlandingplace.com\/\">Our Landing Place<\/a>&nbsp;pour lancer une initiative historique en mati\u00e8re de sant\u00e9 mentale \u00e0 l&#8217;intention des entrepreneur.e.s et propri\u00e9taires d&#8217;entreprise 2ELGBTQIA+. Dans le cadre de cette initiative, les participant.e.s peuvent assister \u00e0 des ateliers de groupe qui leur offrent des informations pr\u00e9cieuses et des strat\u00e9gies pratiques en mati\u00e8re de sant\u00e9 mentale, ainsi qu&#8217;<strong>un soutien individuel en mati\u00e8re de sant\u00e9 mentale<\/strong> et ce, gratuitement.<br><\/p>\n\n\n\n<p>Vous souhaitez soutenir cette initiative ? Prenez contact avec nous pour en savoir plus !<\/p>\n\n\n\n<div class=\"wp-block-buttons is-layout-flex wp-block-buttons-is-layout-flex\">\n<div class=\"wp-block-button is-style-arrow-right\"><a class=\"wp-block-button__link wp-element-button\" href=\"mailto:sabrina.uwase@queerchamber.ca\">Contactez Sabrina Uwase pour apporter votre soutien en tant qu&#8217;entreprise partenaire.<\/a><\/div>\n<\/div>\n<\/div>\n\n\n\n<div class=\"wp-block-column is-layout-flow wp-block-column-is-layout-flow\" style=\"flex-basis:33.33%\">\n<figure class=\"wp-block-image size-full is-resized\"><img loading=\"lazy\" decoding=\"async\" width=\"1000\" height=\"585\" src=\"https:\/\/queerchamber.ca\/fr\/wp-content\/uploads\/sites\/7\/2025\/10\/MentalHealth_logoFR.jpg\" alt=\"\" class=\"wp-image-59795\" style=\"width:307px;height:auto\" srcset=\"https:\/\/queerchamber.ca\/fr\/wp-content\/uploads\/sites\/7\/2025\/10\/MentalHealth_logoFR.jpg 1000w, https:\/\/queerchamber.ca\/fr\/wp-content\/uploads\/sites\/7\/2025\/10\/MentalHealth_logoFR-462x270.jpg 462w, https:\/\/queerchamber.ca\/fr\/wp-content\/uploads\/sites\/7\/2025\/10\/MentalHealth_logoFR-960x562.jpg 960w, https:\/\/queerchamber.ca\/fr\/wp-content\/uploads\/sites\/7\/2025\/10\/MentalHealth_logoFR-768x449.jpg 768w\" sizes=\"auto, (max-width: 1000px) 100vw, 1000px\" \/><\/figure>\n\n\n\n<figure class=\"wp-block-image size-full is-resized\"><img decoding=\"async\" src=\"https:\/\/queerchamber.ca\/wp-content\/uploads\/sites\/2\/2025\/05\/OLP-2.png\" alt=\"\" class=\"wp-image-60731\" style=\"width:205px;height:auto\"\/><\/figure>\n<\/div>\n<\/div>\n\n\n\n<div style=\"height:60px\" aria-hidden=\"true\" class=\"wp-block-spacer\"><\/div>\n\n\n\n<h2 class=\"wp-block-heading alignwide\" id=\"group\"><mark><mark style=\"background-color:#ffffff\" class=\"has-inline-color has-primary-color\">Offres de programmes<\/mark><\/mark><\/h2>\n\n\n\n<div class=\"wp-block-group alignwide has-global-padding is-layout-constrained wp-block-group-is-layout-constrained\">\n<hr class=\"wp-block-separator has-text-color has-jet-color has-alpha-channel-opacity has-jet-background-color has-background\"\/>\n\n\n\n<div class=\"wp-block-columns is-layout-flex wp-container-core-columns-is-layout-28f84493 wp-block-columns-is-layout-flex\">\n<div class=\"wp-block-column is-layout-flow wp-block-column-is-layout-flow\">\n<h3 class=\"wp-block-heading\"><mark><mark style=\"background-color:#ffffff\" class=\"has-inline-color has-primary-color\">Soutien individuel en mati\u00e8re de sant\u00e9 mentale<\/mark><\/mark><\/h3>\n\n\n\n<p>Our Landing Place est un collectif de conseillers identifi\u00e9s 2ELGBTQIA+ offrant des conseils virtuels sexuellement positifs, affirmatifs et comp\u00e9tents. Dans le cadre de l&#8217;initiative pour la sant\u00e9 mentale, les participants peuvent b\u00e9n\u00e9ficier de huit s\u00e9ances individuelles avec un th\u00e9rapeute professionnel de leur choix. Ces s\u00e9ances s&#8217;adressent aux personnes qui s&#8217;identifient comme 2ELGBTQIA+ et qui sont des entrepreneurs ou des propri\u00e9taires d&#8217;entreprise \u00e2g\u00e9s de 19 ans et plus et qui vivent actuellement au Canada.<\/p>\n\n\n\n<p>Chaque candidat retenu se verra attribuer un maximum de huit sessions \u00e0 utiliser au cours d&#8217;une p\u00e9riode de trois mois. Ces sessions restent 100% confidentielles et la participation n&#8217;est pas divulgu\u00e9e au la CCQC<em>.<\/em><\/p>\n<\/div>\n<\/div>\n\n\n\n<div class=\"wp-block-buttons is-layout-flex wp-block-buttons-is-layout-flex\">\n<div class=\"wp-block-button has-custom-width wp-block-button__width-50 is-style-fill\"><a class=\"wp-block-button__link has-white-color has-text-color has-link-color wp-element-button\" href=\"https:\/\/www.ourlandingplace.com\/cglcc\" style=\"padding-top:var(--wp--preset--spacing--small);padding-bottom:var(--wp--preset--spacing--small)\">En savoir plus<\/a><\/div>\n<\/div>\n\n\n\n<h3 class=\"wp-block-heading\"><\/h3>\n<\/div>\n\n\n\n<hr class=\"wp-block-separator aligncenter has-alpha-channel-opacity\"\/>\n\n\n\n<h2 class=\"wp-block-heading\"><strong><mark style=\"background-color:#ffffff\" class=\"has-inline-color has-primary-color\">impact du programme<\/mark><\/strong><\/h2>\n\n\n\n<hr class=\"wp-block-separator alignwide has-text-color has-black-color has-alpha-channel-opacity has-black-background-color has-background\"\/>\n\n\n\n<h3 class=\"wp-block-heading alignwide\" id=\"individual\"><strong><strong><mark><mark style=\"background-color:#ffffff\" class=\"has-inline-color\">T\u00e9moignages des personnes ayant particip<\/mark><\/mark><\/strong><\/strong><mark style=\"background-color:#ffffff\" class=\"has-inline-color\">\u00e9<\/mark><\/h3>\n\n\n    <div class=\"testimonials-bg alignfull\">\n        <div class=\"testimonials-wrap swiper-container\" role=\"region\" aria-label=\"Testimonials Carousel\">\n            <div class=\"swiper-wrapper\">\n                                    <div\n                            class=\"testimonial-wrap swiper-slide\"\n                            role=\"group\"\n                            aria-roledescription=\"testimonial\"\n                            aria-label=\"Testimonial 1\"\n                    >\n                        <div class=\"testimonial-inner\">\n                                                            <div class=\"testimonial-image\">\n                                    <img decoding=\"async\"\n                                            src=\"https:\/\/queerchamber.ca\/fr\/wp-content\/uploads\/sites\/7\/2025\/05\/bubble-4.jpg\"\n                                            alt=\"Testimonial image 1\"\n                                            loading=\"lazy\"\n                                    \/>\n                                <\/div>\n                            \n                            <div class=\"testimonial\">\n                                <blockquote>\n                                                                            <p>L&#039;initiative de la CCQC m&#039;a \u00e9t\u00e9 d&#039;une aide pr\u00e9cieuse. En tant que personne queer, transgenre et racis\u00e9e, les multiples formes d&#039;oppression qui s&#039;ajoutent \u00e0 la difficult\u00e9 de vivre au quotidien p\u00e8sent lourdement sur moi. J&#039;adore mon travail en tant que travailleur autonome, mais l&#039;assurance n&#039;est pas la chose la plus accessible pour moi. L&#039;initiative pour la sant\u00e9 mentale m&#039;a aid\u00e9 \u00e0 donner la priorit\u00e9 \u00e0 ma sant\u00e9 mentale et \u00e0 ne pas avoir \u00e0 r\u00e9fl\u00e9chir \u00e0 deux fois pour savoir si je pouvais me le permettre financi\u00e8rement. Cela m&#039;a permis de prendre soin de moi et de d\u00e9fendre mes int\u00e9r\u00eats, au lieu de mettre ma sant\u00e9 mentale au second plan comme je l&#039;ai fait (et comme beaucoup d&#039;autres personnes l&#039;ont fait) par le pass\u00e9. J&#039;esp\u00e8re qu&#039;\u00e0 l&#039;avenir, il y aura davantage de moyens d&#039;acc\u00e9der \u00e0 une th\u00e9rapie&quot;<\/p>\n                                                                                                        <\/blockquote>\n                            <\/div>\n                        <\/div>\n                    <\/div>\n                                    <div\n                            class=\"testimonial-wrap swiper-slide\"\n                            role=\"group\"\n                            aria-roledescription=\"testimonial\"\n                            aria-label=\"Testimonial 2\"\n                    >\n                        <div class=\"testimonial-inner\">\n                                                            <div class=\"testimonial-image\">\n                                    <img decoding=\"async\"\n                                            src=\"https:\/\/queerchamber.ca\/fr\/wp-content\/uploads\/sites\/7\/2025\/05\/bubble-4.jpg\"\n                                            alt=\"Testimonial image 2\"\n                                            loading=\"lazy\"\n                                    \/>\n                                <\/div>\n                            \n                            <div class=\"testimonial\">\n                                <blockquote>\n                                                                            <p>\u00ab Une initiative qui change la vie des gestionnaires 2ELGBTQIA+ en mettant en relation la communaut\u00e9 et les sp\u00e9cialisations neurodivergentes, et en offrant aux gens un espace s\u00fbr o\u00f9 ils peuvent cesser de jouer un r\u00f4le et affronter les difficult\u00e9s li\u00e9es aux d\u00e9fis commerciaux dans un espace h\u00e9t\u00e9ro-normatif dominant. \u00bb<\/p>\n                                                                                                        <\/blockquote>\n                            <\/div>\n                        <\/div>\n                    <\/div>\n                                    <div\n                            class=\"testimonial-wrap swiper-slide\"\n                            role=\"group\"\n                            aria-roledescription=\"testimonial\"\n                            aria-label=\"Testimonial 3\"\n                    >\n                        <div class=\"testimonial-inner\">\n                                                            <div class=\"testimonial-image\">\n                                    <img decoding=\"async\"\n                                            src=\"https:\/\/queerchamber.ca\/fr\/wp-content\/uploads\/sites\/7\/2025\/05\/bubble-4.jpg\"\n                                            alt=\"Testimonial image 3\"\n                                            loading=\"lazy\"\n                                    \/>\n                                <\/div>\n                            \n                            <div class=\"testimonial\">\n                                <blockquote>\n                                                                            <p>\u00ab Ce programme comble une lacune extr\u00eamement importante dans les soins de sant\u00e9 mentale. Les solo-preneur.e.s, en particulier, sont plus susceptibles que les autres d&#039;appartenir \u00e0 des groupes marginalis\u00e9s, notamment les personnes 2ELGBTQIA, les femmes, les personnes racis\u00e9es et les personnes handicap\u00e9es. J&#039;appartiens \u00e0 tous ces groupes, et nous sommes particuli\u00e8rement susceptibles de ne pas disposer de ressources financi\u00e8res ou d&#039;avoir acc\u00e8s \u00e0 des services de sant\u00e9 mentale. Les soins de sant\u00e9 mentale sont inaccessibles et extr\u00eamement importants pour les gestionnaires 2ELGBTQIA+, en particulier celles et ceux qui appartiennent \u00e0 d&#039;autres groupes marginalis\u00e9s. Nous sommes plus susceptibles de vivre sous le seuil de pauvret\u00e9 et de subir des difficult\u00e9s financi\u00e8res et un stress mental importants et prolong\u00e9s. \u00bb<\/p>\n                                                                                                        <\/blockquote>\n                            <\/div>\n                        <\/div>\n                    <\/div>\n                                    <div\n                            class=\"testimonial-wrap swiper-slide\"\n                            role=\"group\"\n                            aria-roledescription=\"testimonial\"\n                            aria-label=\"Testimonial 4\"\n                    >\n                        <div class=\"testimonial-inner\">\n                                                            <div class=\"testimonial-image\">\n                                    <img decoding=\"async\"\n                                            src=\"https:\/\/queerchamber.ca\/fr\/wp-content\/uploads\/sites\/7\/2025\/05\/bubble-4.jpg\"\n                                            alt=\"Testimonial image 4\"\n                                            loading=\"lazy\"\n                                    \/>\n                                <\/div>\n                            \n                            <div class=\"testimonial\">\n                                <blockquote>\n                                                                            <p>\u00ab Je suis extr\u00eamement reconnaissant envers ce programme qui m&#039;a permis de b\u00e9n\u00e9ficier des services d&#039;un th\u00e9rapeute LGBTQ+ hautement qualifi\u00e9 dont j&#039;avais vraiment besoin et que je n&#039;aurais pas pu me permettre autrement. En soutenant mon bien-\u00eatre mental, ce programme me donne les moyens de cr\u00e9er une entreprise qui, je l&#039;esp\u00e8re, pourra \u00e0 son tour, un jour, rendre la pareille \u00e0 cette gentillesse collective. \u00bb<\/p>\n                                                                                                        <\/blockquote>\n                            <\/div>\n                        <\/div>\n                    <\/div>\n                            <\/div>\n\n            <!-- Pagination -->\n            <div\n                    class=\"testimonials-pagination swiper-pagination\"\n                    role=\"navigation\"\n                    aria-label=\"Testimonial Carousel Navigation\"\n            ><\/div>\n        <\/div>\n    <\/div>\n\n\n\n<h3 class=\"wp-block-heading\"><strong><mark class=\"has-inline-color has-primary-color\">Le programme en un coup d&#8217;oeil<\/mark><\/strong><\/h3>\n\n\n\n<blockquote class=\"wp-block-quote is-layout-flow wp-block-quote-is-layout-flow\">\n<div class=\"wp-block-buttons is-layout-flex wp-block-buttons-is-layout-flex\">\n<div class=\"wp-block-button is-style-rounded-pill-large\"><a class=\"wp-block-button__link wp-element-button\" href=\"https:\/\/canadaglcc.sharepoint.com\/:b:\/s\/externalsharing\/EZQRcH98o_1EkfajUbOqAxwB3yBmdN9ESe6cjb0IF4ElEA?e=kR5b8I\">2024 Infographie ENG<\/a><\/div>\n<\/div>\n\n\n\n<div class=\"wp-block-buttons is-layout-flex wp-block-buttons-is-layout-flex\">\n<div class=\"wp-block-button is-style-rounded-pill-large\"><a class=\"wp-block-button__link wp-element-button\" href=\"https:\/\/canadaglcc.sharepoint.com\/:b:\/s\/externalsharing\/EcTnXqF5hqFDlPodVRcLxPYBiI4KlbhKRLVS7StSACI5og?e=PrXlcX\">2024 Infographie FRN<\/a><\/div>\n<\/div>\n<\/blockquote>\n\n\n\n<p><\/p>\n","protected":false},"excerpt":{"rendered":"<p>The 2SLGBTQIA+ Mental Health Initiative Group workshops about mental health for 2SLGBTQIA+ business owners.\u2028 Mental health disproportionately impacts 2SLGBTQIA+ individuals and entrepreneurs. That&#8217;s why CQCC has partnered with Our Landing Place to launch a landmark mental health initiative for 2SLGBTQIA+ entrepreneurs and business owners. Through this initiative, participants can access group workshops, offering valuable insights and practical strategies around mental health, as well as one-on-one mental health support, at no cost. Interested in supporting this initiative? Get in touch to learn more! Program Offerings Individual Mental Health Support Our Landing Place is a collective of 2SLGBTQIA+ identified counsellors offering sex-positive, [&hellip;]<\/p>\n","protected":false},"author":2,"featured_media":0,"parent":0,"menu_order":0,"comment_status":"closed","ping_status":"closed","template":"","meta":{"_acf_changed":false,"_tec_requires_first_save":true,"_trash_the_other_posts":false,"advanced_seo_description":"","jetpack_seo_html_title":"","jetpack_seo_noindex":false,"_EventAllDay":false,"_EventTimezone":"","_EventStartDate":"","_EventEndDate":"","_EventStartDateUTC":"","_EventEndDateUTC":"","_EventShowMap":false,"_EventShowMapLink":false,"_EventURL":"","_EventCost":"","_EventCostDescription":"","_EventCurrencySymbol":"","_EventCurrencyCode":"","_EventCurrencyPosition":"","_EventDateTimeSeparator":"","_EventTimeRangeSeparator":"","_EventOrganizerID":[],"_EventVenueID":[],"_OrganizerEmail":"","_OrganizerPhone":"","_OrganizerWebsite":"","_VenueAddress":"","_VenueCity":"","_VenueCountry":"","_VenueProvince":"","_VenueState":"","_VenueZip":"","_VenuePhone":"","_VenueURL":"","_VenueStateProvince":"","_VenueLat":"","_VenueLng":"","_VenueShowMap":false,"_VenueShowMapLink":false,"_price":"","_stock":"","_tribe_ticket_header":"","_tribe_default_ticket_provider":"","_tribe_ticket_capacity":"","_ticket_start_date":"","_ticket_end_date":"","_tribe_ticket_show_description":"","_tribe_ticket_show_not_going":false,"_tribe_ticket_use_global_stock":"","_tribe_ticket_global_stock_level":"","_global_stock_mode":"","_global_stock_cap":"","_tribe_rsvp_for_event":"","_tribe_ticket_going_count":"","_tribe_ticket_not_going_count":"","_tribe_tickets_list":"[]","_tribe_ticket_has_attendee_info_fields":false,"_tribe_blocks_recurrence_rules":"","_tribe_blocks_recurrence_description":"","_tribe_blocks_recurrence_exclusions":"","editor_notices":[],"footnotes":"","_tec_slr_enabled":"","_tec_slr_layout":""},"class_list":["post-59589","page","type-page","status-publish","hentry"],"acf":[],"jetpack_sharing_enabled":true,"ticketed":false,"_links":{"self":[{"href":"https:\/\/queerchamber.ca\/fr\/wp-json\/wp\/v2\/pages\/59589","targetHints":{"allow":["GET"]}}],"collection":[{"href":"https:\/\/queerchamber.ca\/fr\/wp-json\/wp\/v2\/pages"}],"about":[{"href":"https:\/\/queerchamber.ca\/fr\/wp-json\/wp\/v2\/types\/page"}],"author":[{"embeddable":true,"href":"https:\/\/queerchamber.ca\/fr\/wp-json\/wp\/v2\/users\/2"}],"replies":[{"embeddable":true,"href":"https:\/\/queerchamber.ca\/fr\/wp-json\/wp\/v2\/comments?post=59589"}],"version-history":[{"count":14,"href":"https:\/\/queerchamber.ca\/fr\/wp-json\/wp\/v2\/pages\/59589\/revisions"}],"predecessor-version":[{"id":126904,"href":"https:\/\/queerchamber.ca\/fr\/wp-json\/wp\/v2\/pages\/59589\/revisions\/126904"}],"wp:attachment":[{"href":"https:\/\/queerchamber.ca\/fr\/wp-json\/wp\/v2\/media?parent=59589"}],"curies":[{"name":"wp","href":"https:\/\/api.w.org\/{rel}","templated":true}]}}