{"id":59605,"date":"2024-07-24T18:34:43","date_gmt":"2024-07-24T22:34:43","guid":{"rendered":"https:\/\/dev-cglcc-multisite.pantheonsite.io\/fr\/atlantic-canadian-tourism-hospitality\/"},"modified":"2025-10-28T17:15:22","modified_gmt":"2025-10-28T21:15:22","slug":"atlantic-canadian-tourism-hospitality","status":"publish","type":"page","link":"https:\/\/queerchamber.ca\/fr\/atlantic-canadian-tourism-hospitality\/","title":{"rendered":"Projet de tourisme du Canada atlantique"},"content":{"rendered":"\n<div class=\"wp-block-group alignfull has-white-color has-peach-background-color has-text-color has-background has-link-color wp-elements-ec9aeb84511fc8dbbd9605c81f56007b has-global-padding is-layout-constrained wp-block-group-is-layout-constrained\" style=\"padding-top:0;padding-bottom:var(--wp--preset--spacing--large)\">\n<div class=\"wp-block-columns is-layout-flex wp-container-core-columns-is-layout-28f84493 wp-block-columns-is-layout-flex\">\n<div class=\"wp-block-column is-vertically-aligned-center is-layout-flow wp-block-column-is-layout-flow\" style=\"flex-basis:60%\">\n<div style=\"height:70px\" aria-hidden=\"true\" class=\"wp-block-spacer\"><\/div>\n\n\n\n<h2 class=\"wp-block-heading has-primary-color has-text-color has-link-color has-xxx-large-font-size wp-elements-e40e25e3b238104670ba89a9217be455\">Projet de tourisme du Canada atlantique<\/h2>\n<\/div>\n\n\n\n<div class=\"wp-block-column is-vertically-aligned-center is-layout-flow wp-block-column-is-layout-flow\" style=\"flex-basis:33.33%\"><\/div>\n<\/div>\n\n\n\n<div style=\"height:30px\" aria-hidden=\"true\" class=\"wp-block-spacer\"><\/div>\n<\/div>\n\n\n\n<div style=\"height:14px\" aria-hidden=\"true\" class=\"wp-block-spacer\"><\/div>\n\n\n\n<p><em>Ce projet est financ\u00e9 par le gouvernement du Canada par l&#8217;interm\u00e9diaire de l&#8217;Agence de promotion \u00e9conomique du Canada atlantique (APECA).<\/em><\/p>\n\n\n\n<figure class=\"wp-block-image aligncenter size-full\"><img loading=\"lazy\" decoding=\"async\" width=\"801\" height=\"95\" src=\"https:\/\/queerchamber.ca\/fr\/wp-content\/uploads\/sites\/7\/2025\/10\/ACOA-and-Canada-logo-1.png\" alt=\"\" class=\"wp-image-126859\" srcset=\"https:\/\/queerchamber.ca\/fr\/wp-content\/uploads\/sites\/7\/2025\/10\/ACOA-and-Canada-logo-1.png 801w, https:\/\/queerchamber.ca\/fr\/wp-content\/uploads\/sites\/7\/2025\/10\/ACOA-and-Canada-logo-1-462x55.png 462w, https:\/\/queerchamber.ca\/fr\/wp-content\/uploads\/sites\/7\/2025\/10\/ACOA-and-Canada-logo-1-768x91.png 768w\" sizes=\"auto, (max-width: 801px) 100vw, 801px\" \/><\/figure>\n\n\n\n<div class=\"wp-block-group alignwide has-global-padding is-layout-constrained wp-block-group-is-layout-constrained\">\n<hr class=\"wp-block-separator has-text-color has-jet-color has-alpha-channel-opacity has-jet-background-color has-background\" \/>\n<\/div>\n\n\n\n<h2 class=\"wp-block-heading has-peach-color has-text-color has-link-color wp-elements-80d0ff8e50b076888ae0d9341b763d0c\">Am\u00e9liorer l&#8217;Inclusion 2ELGBTQI+ dans le Canada atlantique (Tourisme et h\u00f4tellerie)<\/h2>\n\n\n\n<p>Notre partenariat avec l&#8217;APECA (Agence de promotion \u00e9conomique du Canada atlantique) vise \u00e0 renforcer l&#8217;inclusion 2ELGBTQI+ dans le secteur du tourisme et de l&#8217;h\u00f4tellerie du Canada atlantique. Cette initiative vise \u00e0 am\u00e9liorer la capacit\u00e9 des entreprises de ce secteur \u00e0 r\u00e9pondre aux besoins des visiteurs, des employ\u00e9s et des parties prenantes (2ELGBTQI+) dans l&#8217;ensemble du Canada atlantique, gr\u00e2ce \u00e0 nos programmes et services adapt\u00e9s.<\/p>\n\n\n\n<div class=\"wp-block-columns is-layout-flex wp-container-core-columns-is-layout-28f84493 wp-block-columns-is-layout-flex\">\n<div class=\"wp-block-column is-layout-flow wp-block-column-is-layout-flow\" style=\"flex-basis:66.66%\">\n<h3 class=\"wp-block-heading\">Arc-en-Ciel Officiel Programme<\/h3>\n\n\n\n<p>Arc-en-ciel Officiel est une accr\u00e9ditation nationale destin\u00e9e aux entreprises et aux organisations favorables aux personnes 2ELGBTQI+. Le symbole Arc-en-ciel Officiel indique que l\u2019entreprise ou l\u2019organisation qui l\u2019affiche r\u00e9pond \u00e0 un ensemble de normes strictes qui garantit que la client\u00e8le 2ELGBTQI+ se sent en s\u00e9curit\u00e9, accueillie et accept\u00e9e.<\/p>\n\n\n\n<p>Gr\u00e2ce \u00e0 notre partenariat avec l&#8217;APECA, les&nbsp;<strong>entreprises \u00e9ligibles peuvent obtenir un financement pour leur premi\u00e8re ann\u00e9e d&#8217;accr\u00e9ditation<\/strong>, renfor\u00e7ant ainsi leur engagement en faveur de l&#8217;inclusion des 2ELGBTQI+ .<\/p>\n<\/div>\n\n\n\n<div class=\"wp-block-column is-vertically-aligned-center is-layout-flow wp-block-column-is-layout-flow\" style=\"flex-basis:33.33%\">\n<figure class=\"wp-block-image aligncenter size-full is-resized\"><img loading=\"lazy\" decoding=\"async\" width=\"400\" height=\"400\" src=\"https:\/\/queerchamber.ca\/fr\/wp-content\/uploads\/sites\/7\/2025\/10\/RR-Logo-no-tagline.webp\" alt=\"\" class=\"wp-image-126861\" style=\"width:283px;height:auto\" srcset=\"https:\/\/queerchamber.ca\/fr\/wp-content\/uploads\/sites\/7\/2025\/10\/RR-Logo-no-tagline.webp 400w, https:\/\/queerchamber.ca\/fr\/wp-content\/uploads\/sites\/7\/2025\/10\/RR-Logo-no-tagline-160x160.webp 160w, https:\/\/queerchamber.ca\/fr\/wp-content\/uploads\/sites\/7\/2025\/10\/RR-Logo-no-tagline-193x193.webp 193w\" sizes=\"auto, (max-width: 400px) 100vw, 400px\" \/><\/figure>\n<\/div>\n<\/div>\n\n\n\n<div class=\"wp-block-columns is-layout-flex wp-container-core-columns-is-layout-28f84493 wp-block-columns-is-layout-flex\">\n<div class=\"wp-block-column is-layout-flow wp-block-column-is-layout-flow\">\n<hr class=\"wp-block-separator has-text-color has-jet-color has-alpha-channel-opacity has-jet-background-color has-background\" \/>\n\n\n\n<h3 class=\"wp-block-heading\">Des webinaires pr\u00eats pour le march\u00e9 du voyage<\/h3>\n\n\n\n<p>Ce s\u00e9minaire de deux heures vous permettra de partager des informations exclusives sur le march\u00e9 du voyage 2ELGBTQI+ et des \u00e9tudes de cas sur les meilleures pratiques dans le monde entier, ainsi que de d\u00e9couvrir un certain nombre de produits personnalis\u00e9s 2ELGBTQI+ pour vous aider \u00e0 inspirer votre propre strat\u00e9gie d&#8217;accueil touristique r\u00e9ussie 2ELGBTQI+ .<\/p>\n<\/div>\n\n\n\n<div class=\"wp-block-column is-layout-flow wp-block-column-is-layout-flow\">\n<hr class=\"wp-block-separator has-text-color has-jet-color has-alpha-channel-opacity has-jet-background-color has-background\" \/>\n\n\n\n<h3 class=\"wp-block-heading\">Naviguer l&#8217;Inclusion 2ELGBTQI+ dans l&#8217;industrie du tourisme<\/h3>\n\n\n\n<p>Pour soutenir les efforts de d\u00e9veloppement de produits pr\u00eats \u00e0 \u00eatre commercialis\u00e9s, le site CCQC<em> Navigating 2ELGBTQI+ Diversity and Inclusion in the Tourism Industry<\/em> aide les entreprises du secteur du tourisme \u00e0 se familiariser avec 2ELGBTQI+ l&#8217;inclusion et \u00e0 comprendre, appr\u00e9cier et servir efficacement 2ELGBTQI+ clients et employ\u00e9s.<\/p>\n<\/div>\n<\/div>\n\n\n\n<h3 class=\"wp-block-heading\">Entreprises de tourisme et d\u2019h\u00f4tellerie de l\u2019Atlantique : Participez \u00e0 nos webinaires sur l\u2019inclusion 2RLGBTQI+, enti\u00e8rement financ\u00e9s par l\u2019APECA<\/h3>\n\n\n\n<div class=\"wp-block-buttons is-layout-flex wp-block-buttons-is-layout-flex\">\n<div class=\"wp-block-button is-style-arrow-right\"><a class=\"wp-block-button__link wp-element-button\" href=\"https:\/\/queerchamber.ca\/events\/\">Rejoignez une session \u00e0 venir<\/a><\/div>\n<\/div>\n\n\n\n<hr class=\"wp-block-separator has-text-color has-jet-color has-alpha-channel-opacity has-jet-background-color has-background\" \/>\n\n\n\n<p><\/p>\n\n\n\n<p><strong>CONTACT DU PROGRAMME<\/strong><\/p>\n\n\n\n<p>Pour toute demande de renseignements, pour organiser une r\u00e9union sur ce projet destin\u00e9 aux entreprises touristiques et h\u00f4teli\u00e8res du Canada atlantique et pour \u00e9valuer votre admissibilit\u00e9, veuillez contacter l&#8217;\u00e9quipe Arc-en-Ciel Officiel .<\/p>\n\n\n\n<div class=\"wp-block-buttons is-layout-flex wp-block-buttons-is-layout-flex\">\n<div class=\"wp-block-button is-style-arrow-right\"><a class=\"wp-block-button__link wp-element-button\" href=\"mailto:rainbowregistered@queerchamber.ca\" target=\"_blank\" rel=\" noreferrer noopener nofollow\">Envoyez un courriel<\/a><\/div>\n<\/div>\n\n\n\n<div style=\"height:60px\" aria-hidden=\"true\" class=\"wp-block-spacer\"><\/div>\n\n\n\n<p><\/p>\n","protected":false},"excerpt":{"rendered":"<p>This project is&nbsp;funded by the Government of Canada through&nbsp;the Atlantic&nbsp;Canada&nbsp;Opportunities Agency (ACOA). Enhancing 2SLGBTQI+ Inclusion in Atlantic Canada (Tourism and Hospitality) Our partnership with ACOA (Atlantic Canada Opportunities Agency) is dedicated to strengthening 2SLGBTQI+ inclusion in Atlantic Canadian tourism and hospitality. This initiative aims to enhance the responsiveness of businesses in this sector to the needs of 2SLGBTQI+ visitors, employees, and stakeholders across Atlantic Canada through our tailored programs and services. Rainbow Registered Program Rainbow Registered is a national accreditation for 2SLGBTQI+ friendly businesses and organizations. When you see a Rainbow Registered symbol, you know the business or organization meets [&hellip;]<\/p>\n","protected":false},"author":2,"featured_media":0,"parent":0,"menu_order":0,"comment_status":"closed","ping_status":"closed","template":"","meta":{"_acf_changed":false,"_tec_requires_first_save":true,"_trash_the_other_posts":false,"advanced_seo_description":"","jetpack_seo_html_title":"","jetpack_seo_noindex":false,"_EventAllDay":false,"_EventTimezone":"","_EventStartDate":"","_EventEndDate":"","_EventStartDateUTC":"","_EventEndDateUTC":"","_EventShowMap":false,"_EventShowMapLink":false,"_EventURL":"","_EventCost":"","_EventCostDescription":"","_EventCurrencySymbol":"","_EventCurrencyCode":"","_EventCurrencyPosition":"","_EventDateTimeSeparator":"","_EventTimeRangeSeparator":"","_EventOrganizerID":[],"_EventVenueID":[],"_OrganizerEmail":"","_OrganizerPhone":"","_OrganizerWebsite":"","_VenueAddress":"","_VenueCity":"","_VenueCountry":"","_VenueProvince":"","_VenueState":"","_VenueZip":"","_VenuePhone":"","_VenueURL":"","_VenueStateProvince":"","_VenueLat":"","_VenueLng":"","_VenueShowMap":false,"_VenueShowMapLink":false,"_price":"","_stock":"","_tribe_ticket_header":"","_tribe_default_ticket_provider":"","_tribe_ticket_capacity":"","_ticket_start_date":"","_ticket_end_date":"","_tribe_ticket_show_description":"","_tribe_ticket_show_not_going":false,"_tribe_ticket_use_global_stock":"","_tribe_ticket_global_stock_level":"","_global_stock_mode":"","_global_stock_cap":"","_tribe_rsvp_for_event":"","_tribe_ticket_going_count":"","_tribe_ticket_not_going_count":"","_tribe_tickets_list":"[]","_tribe_ticket_has_attendee_info_fields":false,"_tribe_blocks_recurrence_rules":"","_tribe_blocks_recurrence_description":"","_tribe_blocks_recurrence_exclusions":"","editor_notices":[],"footnotes":"","_tec_slr_enabled":"","_tec_slr_layout":""},"class_list":["post-59605","page","type-page","status-publish","hentry"],"acf":[],"jetpack_sharing_enabled":true,"ticketed":false,"_links":{"self":[{"href":"https:\/\/queerchamber.ca\/fr\/wp-json\/wp\/v2\/pages\/59605","targetHints":{"allow":["GET"]}}],"collection":[{"href":"https:\/\/queerchamber.ca\/fr\/wp-json\/wp\/v2\/pages"}],"about":[{"href":"https:\/\/queerchamber.ca\/fr\/wp-json\/wp\/v2\/types\/page"}],"author":[{"embeddable":true,"href":"https:\/\/queerchamber.ca\/fr\/wp-json\/wp\/v2\/users\/2"}],"replies":[{"embeddable":true,"href":"https:\/\/queerchamber.ca\/fr\/wp-json\/wp\/v2\/comments?post=59605"}],"version-history":[{"count":5,"href":"https:\/\/queerchamber.ca\/fr\/wp-json\/wp\/v2\/pages\/59605\/revisions"}],"predecessor-version":[{"id":126870,"href":"https:\/\/queerchamber.ca\/fr\/wp-json\/wp\/v2\/pages\/59605\/revisions\/126870"}],"wp:attachment":[{"href":"https:\/\/queerchamber.ca\/fr\/wp-json\/wp\/v2\/media?parent=59605"}],"curies":[{"name":"wp","href":"https:\/\/api.w.org\/{rel}","templated":true}]}}