{"id":59619,"date":"2024-03-25T16:43:56","date_gmt":"2024-03-25T20:43:56","guid":{"rendered":"https:\/\/dev-cglcc-multisite.pantheonsite.io\/fr\/become-a-partner\/"},"modified":"2025-10-30T18:35:29","modified_gmt":"2025-10-30T22:35:29","slug":"become-a-partner","status":"publish","type":"page","link":"https:\/\/queerchamber.ca\/fr\/become-a-partner\/","title":{"rendered":"Devenir soci\u00e9t\u00e9 partenaire"},"content":{"rendered":"\n<div class=\"wp-block-group alignfull has-purple-background-color has-background has-global-padding is-layout-constrained wp-block-group-is-layout-constrained\" style=\"padding-top:0;padding-bottom:var(--wp--preset--spacing--large)\">\n<div class=\"wp-block-columns is-layout-flex wp-container-core-columns-is-layout-28f84493 wp-block-columns-is-layout-flex\">\n<div class=\"wp-block-column is-vertically-aligned-center is-layout-flow wp-block-column-is-layout-flow\" style=\"flex-basis:60%\">\n<div style=\"height:70px\" aria-hidden=\"true\" class=\"wp-block-spacer\"><\/div>\n\n\n\n<h1 class=\"wp-block-heading has-xxx-large-font-size\">Devenir soci\u00e9t\u00e9 partenaire<\/h1>\n<\/div>\n\n\n\n<div class=\"wp-block-column is-vertically-aligned-center is-layout-flow wp-block-column-is-layout-flow\" style=\"flex-basis:33.33%\">\n<figure class=\"wp-block-image alignright size-full is-style-skewed-left span-right\"><img decoding=\"async\" src=\"https:\/\/queerchamber.ca\/wp-content\/uploads\/sites\/2\/2025\/10\/corporate-partner.png\" alt=\"\" class=\"wp-image-63729\" style=\"object-fit:cover\"\/><\/figure>\n<\/div>\n<\/div>\n\n\n\n<div style=\"height:30px\" aria-hidden=\"true\" class=\"wp-block-spacer\"><\/div>\n<\/div>\n\n\n\n<div class=\"wp-block-group alignwide has-global-padding is-content-justification-left is-layout-constrained wp-container-core-group-is-layout-12dd3699 wp-block-group-is-layout-constrained\">\n<div style=\"height:20px\" aria-hidden=\"true\" class=\"wp-block-spacer\"><\/div>\n\n\n\n<p>Le Canada compte un nombre croissant d&#8217;entreprises 2ELGBTQI+ &#8211; estim\u00e9 \u00e0 plus de 100 000. La CCQC est votre lien avec ces entreprises qui repr\u00e9sentent des millions de dollars en activit\u00e9 \u00e9conomique et en potentiel.<\/p>\n\n\n\n<p>En tant qu&#8217;organisme de certification des entreprises 2ELGBTQI+ au Canada, la CCQC collabore avec ses entreprises partenaires, l&#8217;industrie, le gouvernement, les affili\u00e9s r\u00e9gionaux et les fournisseurs certifi\u00e9s afin de cr\u00e9er des opportunit\u00e9s qui favorisent la r\u00e9ussite de toutes les parties int\u00e9ress\u00e9es.<\/p>\n\n\n\n<p>En tant que soci\u00e9t\u00e9 partenaire de la CCQC, vous rencontrerez des chefs d\u2019entreprises LGBT+ qui repr\u00e9sentent un potentiel non exploit\u00e9 pour votre entreprise. En diversifiant vos sources d\u2019approvisionnement, vous b\u00e9n\u00e9ficierez d\u2019un acc\u00e8s \u00e0 un ensemble unique d\u2019exp\u00e9riences, de comp\u00e9tences et de savoir-faire. Vous indiquerez \u00e9galement aux millions de personnes LGBT+ et alli\u00e9es qui consomment des biens et services que la diversit\u00e9 et l\u2019inclusion vous tiennent \u00e0 c\u0153ur, un \u00e9l\u00e9ment qui rev\u00eat une grande importance pour elles.<\/p>\n\n\n\n<div style=\"height:30px\" aria-hidden=\"true\" class=\"wp-block-spacer\"><\/div>\n\n\n\n<hr class=\"wp-block-separator has-text-color has-jet-color has-alpha-channel-opacity has-jet-background-color has-background\"\/>\n\n\n\n<h2 class=\"wp-block-heading\">Joignez-vous \u00e0 nous pour tirer profit d\u2019un acc\u00e8s, d\u2019une visibilit\u00e9, d\u2019un soutien et honorez votre engagement.<\/h2>\n\n\n\n<div style=\"height:30px\" aria-hidden=\"true\" class=\"wp-block-spacer\"><\/div>\n\n\n\n<div class=\"wp-block-columns is-layout-flex wp-container-core-columns-is-layout-28f84493 wp-block-columns-is-layout-flex\">\n<div class=\"wp-block-column is-layout-flow wp-block-column-is-layout-flow\">\n<figure class=\"wp-block-image size-full\"><img loading=\"lazy\" decoding=\"async\" width=\"900\" height=\"600\" src=\"https:\/\/queerchamber.ca\/fr\/wp-content\/uploads\/sites\/7\/2025\/05\/image.jpeg\" alt=\"\" class=\"wp-image-121948\" srcset=\"https:\/\/queerchamber.ca\/fr\/wp-content\/uploads\/sites\/7\/2025\/05\/image.jpeg 900w, https:\/\/queerchamber.ca\/fr\/wp-content\/uploads\/sites\/7\/2025\/05\/image-462x308.jpeg 462w, https:\/\/queerchamber.ca\/fr\/wp-content\/uploads\/sites\/7\/2025\/05\/image-768x512.jpeg 768w\" sizes=\"auto, (max-width: 900px) 100vw, 900px\" \/><\/figure>\n\n\n\n<h3 class=\"wp-block-heading\">Acc\u00e8s<\/h3>\n\n\n\n<ul class=\"wp-block-list\">\n<li>Identifier des fournisseurs comp\u00e9titifs de biens et de services en participant au programme de diversit\u00e9 des fournisseurs de la CCQC.<\/li>\n\n\n\n<li>Participez \u00e0 des \u00e9v\u00e9nements, notamment au forum sur la diversit\u00e9 des fournisseurs de la CCQC.<\/li>\n\n\n\n<li>\u00c9tablir des relations gr\u00e2ce \u00e0 des opportunit\u00e9s de r\u00e9seautage au Canada et \u00e0 l&#8217;\u00e9tranger par le biais du programme mondial de la CCQC.<\/li>\n\n\n\n<li>Profiter des opportunit\u00e9s d&#8217;intervention lors de conf\u00e9rences et d&#8217;\u00e9v\u00e9nements<\/li>\n<\/ul>\n<\/div>\n\n\n\n<div class=\"wp-block-column is-layout-flow wp-block-column-is-layout-flow\">\n<figure class=\"wp-block-image size-full\"><img loading=\"lazy\" decoding=\"async\" width=\"900\" height=\"600\" src=\"https:\/\/queerchamber.ca\/fr\/wp-content\/uploads\/sites\/7\/2025\/05\/image-1.jpeg\" alt=\"\" class=\"wp-image-121949\" srcset=\"https:\/\/queerchamber.ca\/fr\/wp-content\/uploads\/sites\/7\/2025\/05\/image-1.jpeg 900w, https:\/\/queerchamber.ca\/fr\/wp-content\/uploads\/sites\/7\/2025\/05\/image-1-462x308.jpeg 462w, https:\/\/queerchamber.ca\/fr\/wp-content\/uploads\/sites\/7\/2025\/05\/image-1-768x512.jpeg 768w\" sizes=\"auto, (max-width: 900px) 100vw, 900px\" \/><\/figure>\n\n\n\n<h3 class=\"wp-block-heading\">Visibilit\u00e9<\/h3>\n\n\n\n<ul class=\"wp-block-list\">\n<li>Obtenir l&#8217;utilisation exclusive du logo\/titre &#8220;Partenaires de la CCQC&#8221; dans vos communications internes et externes, ainsi que pour le marketing et la publicit\u00e9, signalant ainsi votre soutien \u00e0 la communaut\u00e9 2ELGBTQI+ .<\/li>\n\n\n\n<li>B\u00e9n\u00e9ficier de la promotion de la marque de l&#8217;entreprise sur tous les supports marketing et sites web des programmes de diversit\u00e9 des fournisseurs la CCQC et 2ELGBTQI+ .<\/li>\n\n\n\n<li>Obtenir une reconnaissance et des opportunit\u00e9s m\u00e9diatiques lors de toutes les conf\u00e9rences et manifestations organis\u00e9es sur le site la CCQC<\/li>\n\n\n\n<li>Promouvoir les \u00e9v\u00e9nements et les programmes de votre entreprise par le biais des canaux de distribution la CCQC (y compris notre site web, notre groupe LinkedIn et notre base de donn\u00e9es de fournisseurs certifi\u00e9s).<\/li>\n<\/ul>\n<\/div>\n<\/div>\n\n\n\n<div style=\"height:30px\" aria-hidden=\"true\" class=\"wp-block-spacer\"><\/div>\n\n\n\n<div class=\"wp-block-columns is-layout-flex wp-container-core-columns-is-layout-28f84493 wp-block-columns-is-layout-flex\">\n<div class=\"wp-block-column is-layout-flow wp-block-column-is-layout-flow\">\n<figure class=\"wp-block-image size-full\"><img loading=\"lazy\" decoding=\"async\" width=\"900\" height=\"600\" src=\"https:\/\/queerchamber.ca\/fr\/wp-content\/uploads\/sites\/7\/2025\/05\/image-2.jpeg\" alt=\"\" class=\"wp-image-121950\" srcset=\"https:\/\/queerchamber.ca\/fr\/wp-content\/uploads\/sites\/7\/2025\/05\/image-2.jpeg 900w, https:\/\/queerchamber.ca\/fr\/wp-content\/uploads\/sites\/7\/2025\/05\/image-2-462x308.jpeg 462w, https:\/\/queerchamber.ca\/fr\/wp-content\/uploads\/sites\/7\/2025\/05\/image-2-768x512.jpeg 768w\" sizes=\"auto, (max-width: 900px) 100vw, 900px\" \/><\/figure>\n\n\n\n<h3 class=\"wp-block-heading\">Engagement<\/h3>\n\n\n\n<ul class=\"wp-block-list\">\n<li>Participer \u00e0 des discussions strat\u00e9giques et \u00e0 des tables rondes d&#8217;entreprise sur la croissance de l&#8217;organisation et le programme de diversit\u00e9 des fournisseurs (2ELGBTQI+).<\/li>\n\n\n\n<li>Devenez membre du conseil consultatif de l&#8217;entreprise la CCQC<\/li>\n\n\n\n<li>Influencer la politique et la prise de d\u00e9cision<\/li>\n<\/ul>\n<\/div>\n\n\n\n<div class=\"wp-block-column is-layout-flow wp-block-column-is-layout-flow\">\n<figure class=\"wp-block-image size-full\"><img loading=\"lazy\" decoding=\"async\" width=\"900\" height=\"600\" src=\"https:\/\/queerchamber.ca\/fr\/wp-content\/uploads\/sites\/7\/2025\/05\/image-3.jpeg\" alt=\"\" class=\"wp-image-121951\" srcset=\"https:\/\/queerchamber.ca\/fr\/wp-content\/uploads\/sites\/7\/2025\/05\/image-3.jpeg 900w, https:\/\/queerchamber.ca\/fr\/wp-content\/uploads\/sites\/7\/2025\/05\/image-3-462x308.jpeg 462w, https:\/\/queerchamber.ca\/fr\/wp-content\/uploads\/sites\/7\/2025\/05\/image-3-768x512.jpeg 768w\" sizes=\"auto, (max-width: 900px) 100vw, 900px\" \/><\/figure>\n\n\n\n<h3 class=\"wp-block-heading\">soutien<\/h3>\n\n\n\n<ul class=\"wp-block-list\">\n<li>Obtenir de l&#8217;aide pour mettre en place votre propre programme de diversit\u00e9 des fournisseurs<\/li>\n\n\n\n<li>Acc\u00e9der aux outils de notre programme de diversit\u00e9 des fournisseurs, ainsi qu&#8217;\u00e0 d&#8217;autres outils et formations.<\/li>\n\n\n\n<li>Acc\u00e9der \u00e0 la connaissance du march\u00e9 pour faire des affaires avec la communaut\u00e9 2ELGBTQI+<\/li>\n<\/ul>\n<\/div>\n<\/div>\n\n\n\n<div style=\"height:30px\" aria-hidden=\"true\" class=\"wp-block-spacer\"><\/div>\n\n\n\n<hr class=\"wp-block-separator has-text-color has-black-color has-alpha-channel-opacity has-black-background-color has-background\"\/>\n\n\n\n<h3 class=\"wp-block-heading\">Nos socit\u00e9t\u00e9s partenaires<\/h3>\n\n\n\n<p>En tant qu&#8217;entreprise partenaire, vous avez \u00e9galement la possibilit\u00e9 de rester \u00e0 la pointe des pratiques en mati\u00e8re de diversit\u00e9 en acqu\u00e9rant des connaissances sur le march\u00e9 en travaillant avec la communaut\u00e9 2ELGBTQI+ et en b\u00e9n\u00e9ficiant d&#8217;une formation et d&#8217;outils sur la diversit\u00e9 des fournisseurs. Restez \u00e0 l&#8217;avant-garde du succ\u00e8s de la diversit\u00e9 des fournisseurs au Canada.<\/p>\n\n\n\n<div style=\"height:40px\" aria-hidden=\"true\" class=\"wp-block-spacer\"><\/div>\n\n\n\n<hr class=\"wp-block-separator has-text-color has-black-color has-alpha-channel-opacity has-black-background-color has-background\"\/>\n\n\n\n<p>La Chambre de commerce queer du Canada (CCQC) est la seule chambre de commerce qui unit et d\u00e9fend les int\u00e9r\u00eats de plus de 100 000 entreprises d\u00e9tenues et exploit\u00e9es par 2ELGBTQI+ au Canada. En tant qu&#8217;entreprise partenaire, vous avez la possibilit\u00e9 de rester \u00e0 la pointe des pratiques en mati\u00e8re de diversit\u00e9 en acqu\u00e9rant des connaissances sur le march\u00e9 en travaillant avec la communaut\u00e9 2ELGBTQI+ et en b\u00e9n\u00e9ficiant d&#8217;une formation et d&#8217;outils sur la diversit\u00e9 des fournisseurs. Int\u00e9ress\u00e9 par un partenariat avec nous ? Fournissez les informations suivantes et nous entamerons la relation.<\/p>\n\n\n\n<p>Vous avez des questions ? Prenez&nbsp;<a href=\"mailto:office@queerchamber.ca\">contact<\/a><a href=\"mailto:office@queerchamber.ca\"> avec nous par courrier \u00e9lectronique<\/a>.<\/p>\n\n\n\n<div style=\"height:40px\" aria-hidden=\"true\" class=\"wp-block-spacer\"><\/div>\n\n\n<div class=\"wpforms-container wpforms-container-save-resume wpforms-block wpforms-block-d13fa7bb-267d-4fd1-895d-f99233f56c25\" id=\"wpforms-17846\"><form id=\"wpforms-form-17846\" class=\"wpforms-validate wpforms-form wpforms-ajax-form\" data-formid=\"17846\" method=\"post\" enctype=\"multipart\/form-data\" action=\"\/fr\/wp-json\/wp\/v2\/pages\/59619\" data-token=\"de10abd821f18b2922e07db56cec2551\" data-token-time=\"1777132250\"><noscript class=\"wpforms-error-noscript\">Please enable JavaScript in your browser to complete this form.<\/noscript><div class=\"wpforms-field-container\"><div id=\"wpforms-17846-field_1-container\" class=\"wpforms-field wpforms-field-text\" data-field-id=\"1\"><label class=\"wpforms-field-label\" for=\"wpforms-17846-field_1\">Company Name <span class=\"wpforms-required-label\">*<\/span><\/label><input type=\"text\" id=\"wpforms-17846-field_1\" class=\"wpforms-field-medium wpforms-field-required\" name=\"wpforms[fields][1]\" required><\/div><div id=\"wpforms-17846-field_2-container\" class=\"wpforms-field wpforms-field-text\" data-field-id=\"2\"><label class=\"wpforms-field-label\" for=\"wpforms-17846-field_2\">Contact First and Last Name<\/label><input type=\"text\" id=\"wpforms-17846-field_2\" class=\"wpforms-field-medium\" name=\"wpforms[fields][2]\" ><\/div><div id=\"wpforms-17846-field_9-container\" class=\"wpforms-field wpforms-field-text\" data-field-id=\"9\"><label class=\"wpforms-field-label\" for=\"wpforms-17846-field_9\">Position \/ Job title<\/label><input type=\"text\" id=\"wpforms-17846-field_9\" class=\"wpforms-field-medium\" name=\"wpforms[fields][9]\" ><\/div><div id=\"wpforms-17846-field_3-container\" class=\"wpforms-field wpforms-field-email\" data-field-id=\"3\"><label class=\"wpforms-field-label\" for=\"wpforms-17846-field_3\">Contact Email <span class=\"wpforms-required-label\">*<\/span><\/label><input type=\"email\" id=\"wpforms-17846-field_3\" class=\"wpforms-field-medium wpforms-field-required\" name=\"wpforms[fields][3]\" spellcheck=\"false\" required><\/div><div id=\"wpforms-17846-field_4-container\" class=\"wpforms-field wpforms-field-phone\" data-field-id=\"4\"><label class=\"wpforms-field-label\" for=\"wpforms-17846-field_4\">Contact Phone<\/label><input type=\"tel\" id=\"wpforms-17846-field_4\" class=\"wpforms-field-medium wpforms-smart-phone-field\" data-rule-smart-phone-field=\"true\" name=\"wpforms[fields][4]\" aria-label=\"Contact Phone\" ><\/div><div id=\"wpforms-17846-field_5-container\" class=\"wpforms-field wpforms-field-radio\" data-field-id=\"5\"><label class=\"wpforms-field-label\">Annual Revenue from Canadian Operations<\/label><ul id=\"wpforms-17846-field_5\"><li class=\"choice-1 depth-1\"><input type=\"radio\" id=\"wpforms-17846-field_5_1\" name=\"wpforms[fields][5]\" value=\"$5-$9m\"  ><label class=\"wpforms-field-label-inline\" for=\"wpforms-17846-field_5_1\">$5-$9m<\/label><\/li><li class=\"choice-2 depth-1\"><input type=\"radio\" id=\"wpforms-17846-field_5_2\" name=\"wpforms[fields][5]\" value=\"$10m-$99m\"  ><label class=\"wpforms-field-label-inline\" for=\"wpforms-17846-field_5_2\">$10m-$99m<\/label><\/li><li class=\"choice-3 depth-1\"><input type=\"radio\" id=\"wpforms-17846-field_5_3\" name=\"wpforms[fields][5]\" value=\"$100m-$499m\"  ><label class=\"wpforms-field-label-inline\" for=\"wpforms-17846-field_5_3\">$100m-$499m<\/label><\/li><li class=\"choice-4 depth-1\"><input type=\"radio\" id=\"wpforms-17846-field_5_4\" name=\"wpforms[fields][5]\" value=\"$500m-$1B\"  ><label class=\"wpforms-field-label-inline\" for=\"wpforms-17846-field_5_4\">$500m-$1B<\/label><\/li><li class=\"choice-5 depth-1\"><input type=\"radio\" id=\"wpforms-17846-field_5_5\" name=\"wpforms[fields][5]\" value=\"$1B+\"  ><label class=\"wpforms-field-label-inline\" for=\"wpforms-17846-field_5_5\">$1B+<\/label><\/li><\/ul><\/div><div id=\"wpforms-17846-field_6-container\" class=\"wpforms-field wpforms-field-checkbox\" data-field-id=\"6\"><label class=\"wpforms-field-label\">What support are you looking for from CCQC (select all that apply): <\/label><ul id=\"wpforms-17846-field_6\"><li class=\"choice-1 depth-1\"><input type=\"checkbox\" id=\"wpforms-17846-field_6_1\" name=\"wpforms[fields][6][]\" value=\"Supplier Diversity\"  ><label class=\"wpforms-field-label-inline\" for=\"wpforms-17846-field_6_1\">Supplier Diversity<\/label><\/li><li class=\"choice-4 depth-1\"><input type=\"checkbox\" id=\"wpforms-17846-field_6_4\" name=\"wpforms[fields][6][]\" value=\"Global Initiatives\"  ><label class=\"wpforms-field-label-inline\" for=\"wpforms-17846-field_6_4\">Global Initiatives<\/label><\/li><li class=\"choice-5 depth-1\"><input type=\"checkbox\" id=\"wpforms-17846-field_6_5\" name=\"wpforms[fields][6][]\" value=\"Tourism Programs\"  ><label class=\"wpforms-field-label-inline\" for=\"wpforms-17846-field_6_5\">Tourism Programs<\/label><\/li><li class=\"choice-6 depth-1\"><input type=\"checkbox\" id=\"wpforms-17846-field_6_6\" name=\"wpforms[fields][6][]\" value=\"Diversity and Inclusion Training\"  ><label class=\"wpforms-field-label-inline\" for=\"wpforms-17846-field_6_6\">Diversity and Inclusion Training<\/label><\/li><li class=\"choice-7 depth-1\"><input type=\"checkbox\" id=\"wpforms-17846-field_6_7\" name=\"wpforms[fields][6][]\" value=\"Supporting the 2SLGBTQI+ community\"  ><label class=\"wpforms-field-label-inline\" for=\"wpforms-17846-field_6_7\">Supporting the 2SLGBTQI+ community<\/label><\/li><li class=\"choice-8 depth-1\"><input type=\"checkbox\" id=\"wpforms-17846-field_6_8\" name=\"wpforms[fields][6][]\" value=\"Advocacy\"  ><label class=\"wpforms-field-label-inline\" for=\"wpforms-17846-field_6_8\">Advocacy<\/label><\/li><li class=\"choice-9 depth-1\"><input type=\"checkbox\" id=\"wpforms-17846-field_6_9\" name=\"wpforms[fields][6][]\" value=\"Rainbow Registered\"  ><label class=\"wpforms-field-label-inline\" for=\"wpforms-17846-field_6_9\">Rainbow Registered<\/label><\/li><li class=\"choice-10 depth-1\"><input type=\"checkbox\" id=\"wpforms-17846-field_6_10\" name=\"wpforms[fields][6][]\" value=\"Other\"  ><label class=\"wpforms-field-label-inline\" for=\"wpforms-17846-field_6_10\">Other<\/label><\/li><\/ul><\/div><div id=\"wpforms-17846-field_7-container\" class=\"wpforms-field wpforms-field-radio\" data-field-id=\"7\"><label class=\"wpforms-field-label\">Does your company have a supplier diversity program? <\/label><ul id=\"wpforms-17846-field_7\"><li class=\"choice-1 depth-1\"><input type=\"radio\" id=\"wpforms-17846-field_7_1\" name=\"wpforms[fields][7]\" value=\"Yes\"  ><label class=\"wpforms-field-label-inline\" for=\"wpforms-17846-field_7_1\">Yes<\/label><\/li><li class=\"choice-2 depth-1\"><input type=\"radio\" id=\"wpforms-17846-field_7_2\" name=\"wpforms[fields][7]\" value=\"No\"  ><label class=\"wpforms-field-label-inline\" for=\"wpforms-17846-field_7_2\">No<\/label><\/li><li class=\"choice-3 depth-1\"><input type=\"radio\" id=\"wpforms-17846-field_7_3\" name=\"wpforms[fields][7]\" value=\"Unsure\"  ><label class=\"wpforms-field-label-inline\" for=\"wpforms-17846-field_7_3\">Unsure<\/label><\/li><\/ul><\/div><div id=\"wpforms-17846-field_8-container\" class=\"wpforms-field wpforms-field-radio\" data-field-id=\"8\"><label class=\"wpforms-field-label\">If not, is this something you are interested in developing? <\/label><ul id=\"wpforms-17846-field_8\"><li class=\"choice-1 depth-1\"><input type=\"radio\" id=\"wpforms-17846-field_8_1\" name=\"wpforms[fields][8]\" value=\"Yes\"  ><label class=\"wpforms-field-label-inline\" for=\"wpforms-17846-field_8_1\">Yes<\/label><\/li><li class=\"choice-2 depth-1\"><input type=\"radio\" id=\"wpforms-17846-field_8_2\" name=\"wpforms[fields][8]\" value=\"No\"  ><label class=\"wpforms-field-label-inline\" for=\"wpforms-17846-field_8_2\">No<\/label><\/li><li class=\"choice-3 depth-1\"><input type=\"radio\" id=\"wpforms-17846-field_8_3\" name=\"wpforms[fields][8]\" value=\"Unsure\"  ><label class=\"wpforms-field-label-inline\" for=\"wpforms-17846-field_8_3\">Unsure<\/label><\/li><\/ul><\/div><\/div><!-- .wpforms-field-container --><div class=\"wpforms-submit-container\" ><input type=\"hidden\" name=\"wpforms[id]\" value=\"17846\"><input type=\"hidden\" name=\"page_title\" value=\"\"><input type=\"hidden\" name=\"page_url\" value=\"https:\/\/queerchamber.ca\/fr\/wp-json\/wp\/v2\/pages\/59619\"><input type=\"hidden\" name=\"url_referer\" value=\"\"><button type=\"submit\" name=\"wpforms[submit]\" id=\"wpforms-submit-17846\" class=\"wpforms-submit\" data-alt-text=\"Sending...\" data-submit-text=\"Submit\" aria-live=\"assertive\" value=\"wpforms-submit\">Submit<\/button><img loading=\"lazy\" decoding=\"async\" src=\"https:\/\/queerchamber.ca\/fr\/wp-content\/plugins\/wpforms\/assets\/images\/submit-spin.svg\" class=\"wpforms-submit-spinner\" style=\"display: none;\" width=\"26\" height=\"26\" alt=\"Loading\"><\/div><\/form><\/div>  <!-- .wpforms-container -->\n\n\n<div style=\"height:40px\" aria-hidden=\"true\" class=\"wp-block-spacer\"><\/div>\n<\/div>\n","protected":false},"excerpt":{"rendered":"<p>Canada is home to a growing number of 2SLGBTQI+ businesses \u2013 estimated at over 100,000. CQCC is your connection to these businesses representing millions of dollars in economic activity as well as potential. As the certifying body for 2SLGBTQI+ businesses in Canada, CQCC collaborates with its Corporate Partners, industry, government, regional affiliates and certified suppliers to create opportunities that enhance the success of all interested parties. As a Corporate Partner of CQCC, you\u2019ll meet 2SLGBTQI+ entrepreneurs representing untapped potential for your business. Diversifying your suppliers helps you access a unique set of experiences, skills and know-how. You\u2019ll also signal to [&hellip;]<\/p>\n","protected":false},"author":1,"featured_media":0,"parent":0,"menu_order":0,"comment_status":"closed","ping_status":"closed","template":"","meta":{"_acf_changed":false,"_tec_requires_first_save":true,"_trash_the_other_posts":false,"advanced_seo_description":"","jetpack_seo_html_title":"","jetpack_seo_noindex":false,"_EventAllDay":false,"_EventTimezone":"","_EventStartDate":"","_EventEndDate":"","_EventStartDateUTC":"","_EventEndDateUTC":"","_EventShowMap":false,"_EventShowMapLink":false,"_EventURL":"","_EventCost":"","_EventCostDescription":"","_EventCurrencySymbol":"","_EventCurrencyCode":"","_EventCurrencyPosition":"","_EventDateTimeSeparator":"","_EventTimeRangeSeparator":"","_EventOrganizerID":[],"_EventVenueID":[],"_OrganizerEmail":"","_OrganizerPhone":"","_OrganizerWebsite":"","_VenueAddress":"","_VenueCity":"","_VenueCountry":"","_VenueProvince":"","_VenueState":"","_VenueZip":"","_VenuePhone":"","_VenueURL":"","_VenueStateProvince":"","_VenueLat":"","_VenueLng":"","_VenueShowMap":false,"_VenueShowMapLink":false,"_price":"","_stock":"","_tribe_ticket_header":"","_tribe_default_ticket_provider":"","_tribe_ticket_capacity":"","_ticket_start_date":"","_ticket_end_date":"","_tribe_ticket_show_description":"","_tribe_ticket_show_not_going":false,"_tribe_ticket_use_global_stock":"","_tribe_ticket_global_stock_level":"","_global_stock_mode":"","_global_stock_cap":"","_tribe_rsvp_for_event":"","_tribe_ticket_going_count":"","_tribe_ticket_not_going_count":"","_tribe_tickets_list":"[]","_tribe_ticket_has_attendee_info_fields":false,"_tribe_blocks_recurrence_rules":"","_tribe_blocks_recurrence_description":"","_tribe_blocks_recurrence_exclusions":"","editor_notices":[],"footnotes":"","_tec_slr_enabled":"","_tec_slr_layout":""},"class_list":["post-59619","page","type-page","status-publish","hentry"],"acf":[],"jetpack_sharing_enabled":true,"ticketed":false,"_links":{"self":[{"href":"https:\/\/queerchamber.ca\/fr\/wp-json\/wp\/v2\/pages\/59619","targetHints":{"allow":["GET"]}}],"collection":[{"href":"https:\/\/queerchamber.ca\/fr\/wp-json\/wp\/v2\/pages"}],"about":[{"href":"https:\/\/queerchamber.ca\/fr\/wp-json\/wp\/v2\/types\/page"}],"author":[{"embeddable":true,"href":"https:\/\/queerchamber.ca\/fr\/wp-json\/wp\/v2\/users\/1"}],"replies":[{"embeddable":true,"href":"https:\/\/queerchamber.ca\/fr\/wp-json\/wp\/v2\/comments?post=59619"}],"version-history":[{"count":5,"href":"https:\/\/queerchamber.ca\/fr\/wp-json\/wp\/v2\/pages\/59619\/revisions"}],"predecessor-version":[{"id":126891,"href":"https:\/\/queerchamber.ca\/fr\/wp-json\/wp\/v2\/pages\/59619\/revisions\/126891"}],"wp:attachment":[{"href":"https:\/\/queerchamber.ca\/fr\/wp-json\/wp\/v2\/media?parent=59619"}],"curies":[{"name":"wp","href":"https:\/\/api.w.org\/{rel}","templated":true}]}}