{"id":59625,"date":"2024-02-29T14:53:37","date_gmt":"2024-02-29T19:53:37","guid":{"rendered":"https:\/\/dev-cglcc-multisite.pantheonsite.io\/fr\/destination-audits\/"},"modified":"2025-10-22T14:24:20","modified_gmt":"2025-10-22T18:24:20","slug":"destination-audits","status":"publish","type":"page","link":"https:\/\/queerchamber.ca\/fr\/destination-audits\/","title":{"rendered":"Destination Audits"},"content":{"rendered":"\n<div class=\"alignfull hero hero--small hero--pink_red \" role=\"region\"\n    aria-label=\"Destination Audits\">\n\n    \n<svg preserveAspectRatio=\"xMidYMid slice\" viewBox=\"0 0 1823 1095\" version=\"1.1\" xmlns=\"http:\/\/www.w3.org\/2000\/svg\" xmlns:xlink=\"http:\/\/www.w3.org\/1999\/xlink\">\n    <defs>\n        <linearGradient x1=\"0.0474896411%\" y1=\"49.9525104%\" x2=\"99.4409612%\" y2=\"49.9525104%\" id=\"linearGradient-1\">\n            <stop stop-color=\"#81008C\" offset=\"0%\"><\/stop>\n            <stop stop-color=\"#F90000\" offset=\"100%\"><\/stop>\n        <\/linearGradient>\n        <rect id=\"path-2\" x=\"0\" y=\"0\" width=\"1823\" height=\"1095\"><\/rect>\n        <linearGradient x1=\"49.7442254%\" y1=\"99.6492461%\" x2=\"49.7442254%\" y2=\"0.255774573%\" id=\"linearGradient-4\">\n            <stop stop-color=\"#500057\" offset=\"0%\"><\/stop>\n            <stop stop-color=\"#6B003D\" offset=\"30.1309122%\"><\/stop>\n            <stop stop-color=\"#960013\" offset=\"78.2939189%\"><\/stop>\n            <stop stop-color=\"#A10008\" offset=\"90.5194257%\"><\/stop>\n            <stop stop-color=\"#A90000\" offset=\"100%\"><\/stop>\n        <\/linearGradient>\n        <linearGradient x1=\"0.0474896411%\" y1=\"49.9525104%\" x2=\"99.4409612%\" y2=\"49.9525104%\" id=\"linearGradient-5\">\n            <stop stop-color=\"#500057\" offset=\"0%\"><\/stop>\n            <stop stop-color=\"#600047\" offset=\"18.4227196%\"><\/stop>\n            <stop stop-color=\"#9A000F\" offset=\"82.9365498%\"><\/stop>\n            <stop stop-color=\"#A90000\" offset=\"100%\"><\/stop>\n        <\/linearGradient>\n        <linearGradient x1=\"49.7442254%\" y1=\"99.6492461%\" x2=\"49.7442254%\" y2=\"0.255774573%\" id=\"linearGradient-6\">\n            <stop stop-color=\"#500057\" offset=\"0%\"><\/stop>\n            <stop stop-color=\"#A90000\" offset=\"100%\"><\/stop>\n        <\/linearGradient>\n        <linearGradient x1=\"49.7442254%\" y1=\"99.6492461%\" x2=\"49.7442254%\" y2=\"0.255774573%\" id=\"linearGradient-7\">\n            <stop stop-color=\"#500057\" offset=\"0%\"><\/stop>\n            <stop stop-color=\"#A90000\" offset=\"100%\"><\/stop>\n        <\/linearGradient>\n    <\/defs>\n    <g id=\"gradient--red\" stroke=\"none\" stroke-width=\"1\" fill=\"none\" fill-rule=\"evenodd\">\n        <mask id=\"mask-3\" fill=\"white\">\n            <use xlink:href=\"#path-2\"><\/use>\n        <\/mask>\n        <use id=\"Mask\" fill=\"url(#linearGradient-1)\" xlink:href=\"#path-2\"><\/use>\n        <g id=\"Shapes\" mask=\"url(#mask-3)\">\n            <g transform=\"translate(884.365172, 919.856748) rotate(12.000000) translate(-884.365172, -919.856748) translate(-2054.134828, -910.643252)\">\n                <g class=\"triangle triangle--1\"><polygon id=\"Fill-1\" fill=\"url(#linearGradient-4)\" transform=\"translate(3272.189547, 1578.848015) rotate(-192.000000) translate(-3272.189547, -1578.848015) \" points=\"3272.20073 283.766095 2523.18753 1578.84802 1774.15196 2873.92994 3272.20073 2873.92994 4770.22713 2873.92994 4138.80339 1782.16618 4021.21393 1578.84802\"><\/polygon><\/g>\n                <g class=\"triangle triangle--2\"><polygon id=\"Fill-1-Copy-2\" fill=\"url(#linearGradient-5)\" transform=\"translate(3326.488737, 1675.833862) rotate(-12.000000) translate(-3326.488737, -1675.833862) \" points=\"3326.49992 380.751941 2577.48672 1675.83386 1828.45115 2970.91578 3326.49992 2970.91578 4824.52632 2970.91578 4075.51312 1675.83386\"><\/polygon><\/g>\n                <g class=\"triangle triangle--3\"><polygon id=\"Fill-1-Copy\" fill=\"url(#linearGradient-6)\" transform=\"translate(1840.854217, 1986.513888) rotate(-12.000000) translate(-1840.854217, -1986.513888) \" points=\"1840.86608 612.761856 1046.23778 1986.51389 251.585745 3360.26592 1840.86608 3360.26592 3430.12269 3360.26592 2635.49439 1986.51389\"><\/polygon><\/g>\n                <g class=\"triangle triangle--4\"><polygon id=\"Fill-1-Copy-3\" fill=\"url(#linearGradient-7)\" transform=\"translate(4141.631313, 1614.868031) rotate(-192.000000) translate(-4141.631313, -1614.868031) \" points=\"4141.6425 319.786111 3392.62929 1614.86803 2643.59373 2909.94995 4141.6425 2909.94995 5639.6689 2909.94995 4890.6557 1614.86803\"><\/polygon><\/g>\n            <\/g>\n        <\/g>\n    <\/g>\n<\/svg>\n    <div class=\"hero__text block-container\">\n        <div class=\"hero__text-inner\">\n            \n                        <h1 id=\"page-title\">\n                Destination Audits            <\/h1>\n        <\/div>\n    <\/div>\n<\/div>\n\n\n<div style=\"height:40px\" aria-hidden=\"true\" class=\"wp-block-spacer\"><\/div>\n\n\n\n<div class=\"wp-block-columns alignwide is-layout-flex wp-container-core-columns-is-layout-28f84493 wp-block-columns-is-layout-flex\">\n<div class=\"wp-block-column is-layout-flow wp-block-column-is-layout-flow\" style=\"flex-basis:66.66%\">\n<hr class=\"wp-block-separator has-text-color has-black-color has-alpha-channel-opacity has-black-background-color has-background\" style=\"margin-top:0;margin-bottom:0\" \/>\n\n\n\n<h3 class=\"wp-block-heading\">Destination Audits<\/h3>\n\n\n\n<p>Un nombre limit\u00e9 de destinations seront admissibles \u00e0 notre programme de v\u00e9rification des destinations, en fonction de leur niveau d\u2019int\u00e9r\u00eat, de leurs efforts et des opportunit\u00e9s per\u00e7ues du march\u00e9 du voyage 2ELGBTQI+. L\u2019audit de destination est con\u00e7u pour \u00e9valuer vos forces et vos points \u00e0 am\u00e9liorer dans vos strat\u00e9gies globales de voyage 2ELGBTQI+, de pr\u00e9paration au march\u00e9 ou de tourisme.<\/p>\n\n\n\n<p>Pour ce faire, il est essentiel que les personnes intervenantes de la communaut\u00e9 et de la destination s\u2019engagent \u00e0 \u00e9valuer les efforts pass\u00e9s, pr\u00e9sents et futurs pour r\u00e9pondre aux besoins du march\u00e9 du voyage 2ELGBTQI+. Vous d\u00e9couvrirez peut-\u00eatre des opportunit\u00e9s aussi simples que de r\u00e9inventer un produit ou une exp\u00e9rience d\u00e9j\u00e0 disponible \u00e0 votre destination, et vous constaterez qu\u2019en \u00e9tablissant de nouveaux partenariats ou en apportant quelques petits ajustements, l\u2019entreprise est pr\u00eate pour le march\u00e9 du voyage 2ELGBTQI+.<\/p>\n\n\n\n<p>Le programme d\u2019audit de destination convient le mieux aux destinations qui ont d\u00e9j\u00e0 suivi une formation sur la diversit\u00e9 et l\u2019inclusion et qui ont fait des efforts pour accueillir le march\u00e9 du voyage 2ELGBTQI+ (ou qui ont termin\u00e9 le s\u00e9minaire Pr\u00eat pour le march\u00e9 du voyage). Le rapport final de recommandation de l\u2019audit peut servir d\u2019outil d\u2019analyse comparative pour continuer \u00e0 \u00e9valuer et \u00e0 am\u00e9liorer votre strat\u00e9gie de march\u00e9 du voyage 2ELGBTQI+ chaque ann\u00e9e.<\/p>\n<\/div>\n\n\n\n<div class=\"wp-block-column is-layout-flow wp-block-column-is-layout-flow\" style=\"flex-basis:33.33%\">\n<figure class=\"wp-block-image size-full\"><img decoding=\"async\" src=\"https:\/\/queerchamber.ca\/wp-content\/uploads\/2024\/02\/Tourism-e1651185464817.webp\" alt=\"\" class=\"wp-image-17133\" \/><\/figure>\n<\/div>\n<\/div>\n\n\n\n<div style=\"height:100px\" aria-hidden=\"true\" class=\"wp-block-spacer\"><\/div>\n","protected":false},"excerpt":{"rendered":"<p>Un nombre limit\u00e9 de destinations seront admissibles \u00e0 notre programme de v\u00e9rification de destination, en fonction de leur niveau d\u2019int\u00e9r\u00eat, de leurs efforts et des opportunit\u00e9s per\u00e7ues du march\u00e9 du voyage 2ELGBTQI+. L\u2019audit de destination est con\u00e7u pour \u00e9valuer vos forces et vos points \u00e0 am\u00e9liorer dans vos strat\u00e9gies globales de voyage 2ELGBTQI+, de pr\u00e9paration au march\u00e9 ou de tourisme. Pour ce faire, il est essentiel que les intervenants de la communaut\u00e9 et de la destination s\u2019engagent \u00e0 \u00e9valuer les efforts pass\u00e9s, pr\u00e9sents et futurs pour r\u00e9pondre aux besoins du march\u00e9 du voyage 2ELGBTQI+. Vous pouvez d\u00e9couvrir des opportunit\u00e9s aussi simples que de r\u00e9imaginer un produit ou une exp\u00e9rience d\u00e9j\u00e0 disponible \u00e0 votre destination, et le d\u00e9couvrir en d\u00e9veloppant de nouveaux [&#8230;]<\/p>\n","protected":false},"author":1,"featured_media":0,"parent":0,"menu_order":0,"comment_status":"closed","ping_status":"closed","template":"","meta":{"_acf_changed":false,"_tec_requires_first_save":true,"_trash_the_other_posts":false,"advanced_seo_description":"The Destination Audit evaluates your tourism initiatives and general LGBT+ travel market preparedness, identifying areas of strength and development.","jetpack_seo_html_title":"Destination Audits | Canada's 2SLGBTQI+ Chamber of Commerce","jetpack_seo_noindex":false,"_EventAllDay":false,"_EventTimezone":"","_EventStartDate":"","_EventEndDate":"","_EventStartDateUTC":"","_EventEndDateUTC":"","_EventShowMap":false,"_EventShowMapLink":false,"_EventURL":"","_EventCost":"","_EventCostDescription":"","_EventCurrencySymbol":"","_EventCurrencyCode":"","_EventCurrencyPosition":"","_EventDateTimeSeparator":"","_EventTimeRangeSeparator":"","_EventOrganizerID":[],"_EventVenueID":[],"_OrganizerEmail":"","_OrganizerPhone":"","_OrganizerWebsite":"","_VenueAddress":"","_VenueCity":"","_VenueCountry":"","_VenueProvince":"","_VenueState":"","_VenueZip":"","_VenuePhone":"","_VenueURL":"","_VenueStateProvince":"","_VenueLat":"","_VenueLng":"","_VenueShowMap":false,"_VenueShowMapLink":false,"_price":"","_stock":"","_tribe_ticket_header":"","_tribe_default_ticket_provider":"","_tribe_ticket_capacity":"","_ticket_start_date":"","_ticket_end_date":"","_tribe_ticket_show_description":"","_tribe_ticket_show_not_going":false,"_tribe_ticket_use_global_stock":"","_tribe_ticket_global_stock_level":"","_global_stock_mode":"","_global_stock_cap":"","_tribe_rsvp_for_event":"","_tribe_ticket_going_count":"","_tribe_ticket_not_going_count":"","_tribe_tickets_list":"[]","_tribe_ticket_has_attendee_info_fields":false,"_tribe_blocks_recurrence_rules":"","_tribe_blocks_recurrence_description":"","_tribe_blocks_recurrence_exclusions":"","editor_notices":[],"footnotes":"","_tec_slr_enabled":"","_tec_slr_layout":""},"class_list":["post-59625","page","type-page","status-publish","hentry"],"acf":[],"jetpack_sharing_enabled":true,"ticketed":false,"_links":{"self":[{"href":"https:\/\/queerchamber.ca\/fr\/wp-json\/wp\/v2\/pages\/59625","targetHints":{"allow":["GET"]}}],"collection":[{"href":"https:\/\/queerchamber.ca\/fr\/wp-json\/wp\/v2\/pages"}],"about":[{"href":"https:\/\/queerchamber.ca\/fr\/wp-json\/wp\/v2\/types\/page"}],"author":[{"embeddable":true,"href":"https:\/\/queerchamber.ca\/fr\/wp-json\/wp\/v2\/users\/1"}],"replies":[{"embeddable":true,"href":"https:\/\/queerchamber.ca\/fr\/wp-json\/wp\/v2\/comments?post=59625"}],"version-history":[{"count":2,"href":"https:\/\/queerchamber.ca\/fr\/wp-json\/wp\/v2\/pages\/59625\/revisions"}],"predecessor-version":[{"id":60165,"href":"https:\/\/queerchamber.ca\/fr\/wp-json\/wp\/v2\/pages\/59625\/revisions\/60165"}],"wp:attachment":[{"href":"https:\/\/queerchamber.ca\/fr\/wp-json\/wp\/v2\/media?parent=59625"}],"curies":[{"name":"wp","href":"https:\/\/api.w.org\/{rel}","templated":true}]}}