{"id":59627,"date":"2024-02-29T14:51:47","date_gmt":"2024-02-29T19:51:47","guid":{"rendered":"https:\/\/dev-cglcc-multisite.pantheonsite.io\/fr\/2slgbtqi-travel-market-ready-seminars\/"},"modified":"2025-10-21T16:28:02","modified_gmt":"2025-10-21T20:28:02","slug":"2seminaires-prets-a-voyager-s-slgbtqi","status":"publish","type":"page","link":"https:\/\/queerchamber.ca\/fr\/2seminaires-prets-a-voyager-s-slgbtqi\/","title":{"rendered":"S\u00e9minaires 2ELGBTQI+ Pr\u00eats pour le march\u00e9 du voyage"},"content":{"rendered":"\n<div class=\"alignfull hero hero--small hero--blue_purple \" role=\"region\"\n    aria-label=\"S\u00e9minaires 2ELGBTQI+ Pr\u00eats pour le march\u00e9 du voyage\">\n\n    \n<svg preserveAspectRatio=\"xMidYMid slice\" viewBox=\"0 0 1956 1337\" version=\"1.1\" xmlns=\"http:\/\/www.w3.org\/2000\/svg\" xmlns:xlink=\"http:\/\/www.w3.org\/1999\/xlink\">\n    <defs>\n        <linearGradient x1=\"0.0474896411%\" y1=\"49.9525104%\" x2=\"99.9525104%\" y2=\"49.9525104%\" id=\"linearGradient-3\">\n            <stop stop-color=\"#0046FF\" offset=\"0%\"><\/stop>\n            <stop stop-color=\"#81008C\" offset=\"99.9841639%\"><\/stop>\n        <\/linearGradient>\n        <linearGradient x1=\"50%\" y1=\"99.9050207%\" x2=\"50%\" y2=\"-8.04478012e-15%\" id=\"linearGradient-4\">\n            <stop stop-color=\"#0046FF\" offset=\"0%\"><\/stop>\n            <stop stop-color=\"#81008C\" offset=\"99.9841639%\"><\/stop>\n        <\/linearGradient>\n        <linearGradient x1=\"50%\" y1=\"-8.04478012e-15%\" x2=\"50%\" y2=\"99.9050207%\" id=\"linearGradient-5\">\n            <stop stop-color=\"#0046FF\" offset=\"0%\"><\/stop>\n            <stop stop-color=\"#81008C\" offset=\"99.9841639%\"><\/stop>\n        <\/linearGradient>\n    <\/defs>\n    <g id=\"Header---Programs---Tall\" stroke=\"none\" stroke-width=\"1\" fill=\"none\" fill-rule=\"evenodd\">\n        <g id=\"Shapes\">\n            <rect id=\"path-1\" x=\"0\" y=\"0\" width=\"1956\" height=\"1337\" fill=\"#BABABA\"><\/rect>\n            <g class=\"triangle triangle--4\" style=\"mix-blend-mode: multiply;\"><polygon fill=\"url(#linearGradient-3)\" transform=\"translate(1339.500000, 805.500000) rotate(-180.000000) translate(-1339.500000, -805.500000) \" points=\"1339.50775 -89 820.761618 805.5 302 1700 1339.50775 1700 2377 1700 1858.25387 805.5\"><\/polygon><\/g>\n            <g class=\"triangle triangle--4\" style=\"mix-blend-mode: multiply;\"><polygon fill=\"url(#linearGradient-4)\" transform=\"translate(1475.000000, 563.500000) rotate(-360.000000) translate(-1475.000000, -563.500000) \" points=\"1475.0067 -210 1026.51004 563.5 578 1337 1475.0067 1337 2372 1337 1923.50335 563.5\"><\/polygon><\/g>\n            <g class=\"triangle triangle--4\" style=\"mix-blend-mode: multiply;\"><polygon fill=\"url(#linearGradient-5)\" transform=\"translate(67.800000, 421.500000) rotate(-360.000000) translate(-67.500000, -421.500000) \" points=\"67.5079242 -494 -463.238114 421.5 -994 1337 67.5079242 1337 1129 1337 598.253962 421.5\"><\/polygon><\/g>\n        <\/g>\n    <\/g>\n<\/svg>\n    <div class=\"hero__text block-container\">\n        <div class=\"hero__text-inner\">\n            \n                        <h1 id=\"page-title\">\n                2SLGBTQI+ Travel Market-Ready Seminars            <\/h1>\n        <\/div>\n    <\/div>\n<\/div>\n\n\n<div style=\"height:40px\" aria-hidden=\"true\" class=\"wp-block-spacer\"><\/div>\n\n\n\n<div class=\"wp-block-columns alignwide is-layout-flex wp-container-core-columns-is-layout-28f84493 wp-block-columns-is-layout-flex\">\n<div class=\"wp-block-column is-layout-flow wp-block-column-is-layout-flow\" style=\"flex-basis:66.66%\">\n<hr class=\"wp-block-separator has-text-color has-black-color has-alpha-channel-opacity has-black-background-color has-background\" style=\"margin-top:0;margin-bottom:0\" \/>\n\n\n\n<h3 class=\"wp-block-heading\">Webinaires 2ELGBTQI+ sur le march\u00e9 du voyage<\/h3>\n\n\n\n<p>Une fois que vous aurez fait connaissance avec les diff\u00e9rentes communaut\u00e9s 2ELGBTQI+ et la meilleure fa\u00e7on de les servir dans votre milieu de travail, vous voudrez peut-\u00eatre faire un effort concert\u00e9 pour accueillir le march\u00e9 du voyage 2ELGBTQI+ dans votre destination.<\/p>\n\n\n\n<p>Gr\u00e2ce au financement du gouvernement du Canada, le CQCC a acc\u00e8s \u00e0 des recherches approfondies sur les pr\u00e9f\u00e9rences et les habitudes de consommation du march\u00e9 du voyage 2ELGBTQI+ \u2013 et a m\u00eame identifi\u00e9 des personas pour vous aider \u00e0 \u00e9laborer une strat\u00e9gie de marketing 2ELGBTQI+ efficace adapt\u00e9e \u00e0 ces groupes d\u00e9mographiques.<\/p>\n\n\n\n<p>Ce s\u00e9minaire de deux heures partagera des informations exclusives sur le march\u00e9 du voyage 2SLGBTQI+ et des meilleures pratiques d\u2019\u00e9tudes de cas du monde entier, et vous exposera \u00e0 un certain nombre de produits 2ELGBTQI+ personnalis\u00e9s pour vous aider \u00e0 inspirer votre propre strat\u00e9gie d\u2019accueil touristique 2ELGBTQI+ r\u00e9ussie.<\/p>\n\n\n\n<p>Partie 1<\/p>\n\n\n\n<figure class=\"wp-block-embed is-type-video is-provider-youtube wp-block-embed-youtube wp-embed-aspect-16-9 wp-has-aspect-ratio\"><div class=\"wp-block-embed__wrapper\">https:\/\/www.youtube.com\/watch?v=FPoHhv24tu4<\/div><\/figure>\n\n\n\n<p>Partie 2<\/p>\n\n\n\n<figure class=\"wp-block-embed is-type-video is-provider-youtube wp-block-embed-youtube wp-embed-aspect-16-9 wp-has-aspect-ratio\"><div class=\"wp-block-embed__wrapper\">https:\/\/www.youtube.com\/watch?v=zAkOxvde-Tw<\/div><\/figure>\n<\/div>\n\n\n\n<div class=\"wp-block-column is-layout-flow wp-block-column-is-layout-flow\" style=\"flex-basis:33.33%\">\n<figure class=\"wp-block-image size-full\"><img decoding=\"async\" src=\"https:\/\/queerchamber.ca\/wp-content\/uploads\/2024\/02\/Tourism-e1651185464817.webp\" alt=\"\" class=\"wp-image-17133\" \/><\/figure>\n<\/div>\n<\/div>\n\n\n\n<div style=\"height:60px\" aria-hidden=\"true\" class=\"wp-block-spacer\"><\/div>\n","protected":false},"excerpt":{"rendered":"<p>Une fois que vous aurez fait connaissance avec les diff\u00e9rentes communaut\u00e9s 2ELGBTQI+ et la meilleure fa\u00e7on de les servir dans votre milieu de travail, vous voudrez peut-\u00eatre faire un effort concert\u00e9 pour accueillir le march\u00e9 du voyage 2ELGBTQI+ dans votre destination. Gr\u00e2ce au financement du gouvernement du Canada, le CQCC a acc\u00e8s \u00e0 des recherches approfondies sur les pr\u00e9f\u00e9rences et les habitudes de consommation du march\u00e9 du voyage 2ELGBTQI+ \u2013 et a m\u00eame identifi\u00e9 des personas pour vous aider \u00e0 \u00e9laborer une strat\u00e9gie de marketing 2ELGBTQI+ efficace adapt\u00e9e \u00e0 ces groupes d\u00e9mographiques. Ce s\u00e9minaire de deux heures partagera des informations exclusives sur le march\u00e9 du voyage 2ELGBTQI+ et des meilleures pratiques d\u2019\u00e9tudes de cas du monde entier, [&#8230;]<\/p>\n","protected":false},"author":1,"featured_media":0,"parent":0,"menu_order":0,"comment_status":"closed","ping_status":"closed","template":"","meta":{"_acf_changed":false,"_tec_requires_first_save":true,"_trash_the_other_posts":false,"advanced_seo_description":"Learn about exclusive 2SLGBTQI+ travel market information and case study best practices and products from around the world.","jetpack_seo_html_title":"2SLGBTQI+ Travel Market-Ready Seminars | CQCC","jetpack_seo_noindex":false,"_EventAllDay":false,"_EventTimezone":"","_EventStartDate":"","_EventEndDate":"","_EventStartDateUTC":"","_EventEndDateUTC":"","_EventShowMap":false,"_EventShowMapLink":false,"_EventURL":"","_EventCost":"","_EventCostDescription":"","_EventCurrencySymbol":"","_EventCurrencyCode":"","_EventCurrencyPosition":"","_EventDateTimeSeparator":"","_EventTimeRangeSeparator":"","_EventOrganizerID":[],"_EventVenueID":[],"_OrganizerEmail":"","_OrganizerPhone":"","_OrganizerWebsite":"","_VenueAddress":"","_VenueCity":"","_VenueCountry":"","_VenueProvince":"","_VenueState":"","_VenueZip":"","_VenuePhone":"","_VenueURL":"","_VenueStateProvince":"","_VenueLat":"","_VenueLng":"","_VenueShowMap":false,"_VenueShowMapLink":false,"_price":"","_stock":"","_tribe_ticket_header":"","_tribe_default_ticket_provider":"","_tribe_ticket_capacity":"","_ticket_start_date":"","_ticket_end_date":"","_tribe_ticket_show_description":"","_tribe_ticket_show_not_going":false,"_tribe_ticket_use_global_stock":"","_tribe_ticket_global_stock_level":"","_global_stock_mode":"","_global_stock_cap":"","_tribe_rsvp_for_event":"","_tribe_ticket_going_count":"","_tribe_ticket_not_going_count":"","_tribe_tickets_list":"[]","_tribe_ticket_has_attendee_info_fields":false,"_tribe_blocks_recurrence_rules":"","_tribe_blocks_recurrence_description":"","_tribe_blocks_recurrence_exclusions":"","editor_notices":[],"footnotes":"","_tec_slr_enabled":"","_tec_slr_layout":""},"class_list":["post-59627","page","type-page","status-publish","hentry"],"acf":[],"jetpack_sharing_enabled":true,"ticketed":false,"_links":{"self":[{"href":"https:\/\/queerchamber.ca\/fr\/wp-json\/wp\/v2\/pages\/59627","targetHints":{"allow":["GET"]}}],"collection":[{"href":"https:\/\/queerchamber.ca\/fr\/wp-json\/wp\/v2\/pages"}],"about":[{"href":"https:\/\/queerchamber.ca\/fr\/wp-json\/wp\/v2\/types\/page"}],"author":[{"embeddable":true,"href":"https:\/\/queerchamber.ca\/fr\/wp-json\/wp\/v2\/users\/1"}],"replies":[{"embeddable":true,"href":"https:\/\/queerchamber.ca\/fr\/wp-json\/wp\/v2\/comments?post=59627"}],"version-history":[{"count":1,"href":"https:\/\/queerchamber.ca\/fr\/wp-json\/wp\/v2\/pages\/59627\/revisions"}],"predecessor-version":[{"id":59628,"href":"https:\/\/queerchamber.ca\/fr\/wp-json\/wp\/v2\/pages\/59627\/revisions\/59628"}],"wp:attachment":[{"href":"https:\/\/queerchamber.ca\/fr\/wp-json\/wp\/v2\/media?parent=59627"}],"curies":[{"name":"wp","href":"https:\/\/api.w.org\/{rel}","templated":true}]}}