{"id":59629,"date":"2024-02-29T14:50:34","date_gmt":"2024-02-29T19:50:34","guid":{"rendered":"https:\/\/dev-cglcc-multisite.pantheonsite.io\/fr\/diversity-inclusion-workshops\/"},"modified":"2025-10-21T16:28:03","modified_gmt":"2025-10-21T20:28:03","slug":"ateliers-diversite-inclusion","status":"publish","type":"page","link":"https:\/\/queerchamber.ca\/fr\/ateliers-diversite-inclusion\/","title":{"rendered":"Ateliers sur la diversit\u00e9 et l\u2019inclusion"},"content":{"rendered":"\n<div class=\"alignfull hero hero--small hero--blue_purple \" role=\"region\"\n    aria-label=\"Ateliers sur la diversit\u00e9 et l\u2019inclusion\">\n\n    \n<svg preserveAspectRatio=\"xMidYMid slice\" viewBox=\"0 0 1956 1337\" version=\"1.1\" xmlns=\"http:\/\/www.w3.org\/2000\/svg\" xmlns:xlink=\"http:\/\/www.w3.org\/1999\/xlink\">\n    <defs>\n        <linearGradient x1=\"0.0474896411%\" y1=\"49.9525104%\" x2=\"99.9525104%\" y2=\"49.9525104%\" id=\"linearGradient-3\">\n            <stop stop-color=\"#0046FF\" offset=\"0%\"><\/stop>\n            <stop stop-color=\"#81008C\" offset=\"99.9841639%\"><\/stop>\n        <\/linearGradient>\n        <linearGradient x1=\"50%\" y1=\"99.9050207%\" x2=\"50%\" y2=\"-8.04478012e-15%\" id=\"linearGradient-4\">\n            <stop stop-color=\"#0046FF\" offset=\"0%\"><\/stop>\n            <stop stop-color=\"#81008C\" offset=\"99.9841639%\"><\/stop>\n        <\/linearGradient>\n        <linearGradient x1=\"50%\" y1=\"-8.04478012e-15%\" x2=\"50%\" y2=\"99.9050207%\" id=\"linearGradient-5\">\n            <stop stop-color=\"#0046FF\" offset=\"0%\"><\/stop>\n            <stop stop-color=\"#81008C\" offset=\"99.9841639%\"><\/stop>\n        <\/linearGradient>\n    <\/defs>\n    <g id=\"Header---Programs---Tall\" stroke=\"none\" stroke-width=\"1\" fill=\"none\" fill-rule=\"evenodd\">\n        <g id=\"Shapes\">\n            <rect id=\"path-1\" x=\"0\" y=\"0\" width=\"1956\" height=\"1337\" fill=\"#BABABA\"><\/rect>\n            <g class=\"triangle triangle--4\" style=\"mix-blend-mode: multiply;\"><polygon fill=\"url(#linearGradient-3)\" transform=\"translate(1339.500000, 805.500000) rotate(-180.000000) translate(-1339.500000, -805.500000) \" points=\"1339.50775 -89 820.761618 805.5 302 1700 1339.50775 1700 2377 1700 1858.25387 805.5\"><\/polygon><\/g>\n            <g class=\"triangle triangle--4\" style=\"mix-blend-mode: multiply;\"><polygon fill=\"url(#linearGradient-4)\" transform=\"translate(1475.000000, 563.500000) rotate(-360.000000) translate(-1475.000000, -563.500000) \" points=\"1475.0067 -210 1026.51004 563.5 578 1337 1475.0067 1337 2372 1337 1923.50335 563.5\"><\/polygon><\/g>\n            <g class=\"triangle triangle--4\" style=\"mix-blend-mode: multiply;\"><polygon fill=\"url(#linearGradient-5)\" transform=\"translate(67.800000, 421.500000) rotate(-360.000000) translate(-67.500000, -421.500000) \" points=\"67.5079242 -494 -463.238114 421.5 -994 1337 67.5079242 1337 1129 1337 598.253962 421.5\"><\/polygon><\/g>\n        <\/g>\n    <\/g>\n<\/svg>\n    <div class=\"hero__text block-container\">\n        <div class=\"hero__text-inner\">\n            \n                        <h1 id=\"page-title\">\n                Diversity u0026amp; Inclusion Workshops            <\/h1>\n        <\/div>\n    <\/div>\n<\/div>\n\n\n<div style=\"height:40px\" aria-hidden=\"true\" class=\"wp-block-spacer\"><\/div>\n\n\n\n<div class=\"wp-block-group alignwide has-global-padding is-content-justification-left is-layout-constrained wp-container-core-group-is-layout-12dd3699 wp-block-group-is-layout-constrained\">\n<div class=\"wp-block-group has-global-padding is-layout-constrained wp-block-group-is-layout-constrained\">\n<figure class=\"wp-block-embed is-type-video is-provider-youtube wp-block-embed-youtube wp-embed-aspect-16-9 wp-has-aspect-ratio\"><div class=\"wp-block-embed__wrapper\">https:\/\/www.youtube.com\/watch?list=PL0w79HQ_D1Qsmec2lxAa6r0xiD7EY59SN&amp;v=9E3HPDxOVd4<\/div><\/figure>\n\n\n\n<figure class=\"wp-block-embed is-type-video is-provider-youtube wp-block-embed-youtube wp-embed-aspect-16-9 wp-has-aspect-ratio\"><div class=\"wp-block-embed__wrapper\">https:\/\/www.youtube.com\/watch?list=PL0w79HQ_D1Qsmec2lxAa6r0xiD7EY59SN&amp;v=_-GYyl9Uqvk<\/div><\/figure>\n\n\n\n<div style=\"height:30px\" aria-hidden=\"true\" class=\"wp-block-spacer\"><\/div>\n<\/div>\n<\/div>\n\n\n\n<div class=\"wp-block-columns alignwide is-layout-flex wp-container-core-columns-is-layout-28f84493 wp-block-columns-is-layout-flex\">\n<div class=\"wp-block-column is-layout-flow wp-block-column-is-layout-flow\" style=\"flex-basis:66.66%\">\n<hr class=\"wp-block-separator has-text-color has-black-color has-alpha-channel-opacity has-black-background-color has-background\" style=\"margin-top:0;margin-bottom:0\" \/>\n\n\n\n<h3 class=\"wp-block-heading\">Ateliers sur la diversit\u00e9 et l\u2019inclusion 2ELGBTQI+ dans l\u2019industrie du tourisme<\/h3>\n\n\n\n<p>Vous l\u2019avez d\u00e9j\u00e0 entendu : le changement vient de l\u2019int\u00e9rieur. Avant d\u2019inviter en masse des voyageurs 2ELGBTQI+ \u00e0 votre destination, assurez-vous que votre lieu de travail est un environnement inclusif pour les employ\u00e9s et les clients 2ELGBTQI+. N\u2019oubliez pas que les gens ne sont pas toujours \u00ab outs \u00bb ou visibles, et que vous n\u2019avez peut-\u00eatre pas de repr\u00e9sentation au sein de votre personnel ou de votre client\u00e8le pour une raison quelconque.<\/p>\n\n\n\n<p>Planifiez un atelier \u00ab Naviguer dans la diversit\u00e9 et l\u2019inclusion 2ELGBTQI+ dans l\u2019industrie du tourisme \u00bb anim\u00e9 par le CQCC pour apprendre les bases d\u2019un vocabulaire, d\u2019un espace et d\u2019un lieu de travail inclusifs pour les personnes 2ELGBTQI+.<\/p>\n\n\n\n<p>L\u2019atelier comprend un cours en ligne \u00e0 votre rythme pour vous permettre de vous familiariser avec les nombreuses communaut\u00e9s 2ELGBTQI+ diff\u00e9rentes. Une fois que vous aurez assist\u00e9 \u00e0 l\u2019atelier, vous repartirez avec un certificat reconnaissant votre participation et les mesures \u00e0 prendre pour transformer votre lieu de travail en un espace s\u00fbr pour les personnes 2ELGBTQI+.<\/p>\n\n\n\n<div style=\"height:100px\" aria-hidden=\"true\" class=\"wp-block-spacer\"><\/div>\n\n\n\n<hr class=\"wp-block-separator has-text-color has-black-color has-alpha-channel-opacity has-black-background-color has-background\" \/>\n\n\n\n<p>Les ateliers publics seront inscrits \u00e0 notre calendrier \u2013 assurez-vous de le consulter souvent. Pour planifier un atelier pour votre groupe ou pour plus d\u2019informations, veuillez nous contacter au <a href=\"mailto:tourism@queerchamber.ca\">bd-national@queerchamber.ca<\/a>.<\/p>\n<\/div>\n\n\n\n<div class=\"wp-block-column is-layout-flow wp-block-column-is-layout-flow\" style=\"flex-basis:33.33%\">\n<figure class=\"wp-block-image size-full\"><img decoding=\"async\" src=\"https:\/\/queerchamber.ca\/wp-content\/uploads\/2024\/02\/Tourism-e1651185464817.webp\" alt=\"\" class=\"wp-image-17133\" \/><\/figure>\n<\/div>\n<\/div>\n\n\n\n<div style=\"height:100px\" aria-hidden=\"true\" class=\"wp-block-spacer\"><\/div>\n","protected":false},"excerpt":{"rendered":"<p>Ateliers sur la diversit\u00e9 et l\u2019inclusion 2SLGBTQI+ dans l\u2019industrie du tourisme Vous l\u2019avez d\u00e9j\u00e0 entendu : le changement vient de l\u2019int\u00e9rieur. Avant d\u2019inviter en masse des voyageurs 2ELGBTQI+ \u00e0 votre destination, assurez-vous que votre lieu de travail est un environnement inclusif pour les employ\u00e9s et les clients 2ELGBTQI+. N\u2019oubliez pas que les gens ne sont pas toujours \u00ab outs \u00bb ou visibles, et que vous n\u2019avez peut-\u00eatre pas de repr\u00e9sentation au sein de votre personnel ou de votre client\u00e8le pour une raison quelconque. Planifiez un atelier \u00ab Naviguer dans la diversit\u00e9 et l\u2019inclusion 2ELGBTQI+ dans l\u2019industrie du tourisme \u00bb anim\u00e9 par le CQCC pour apprendre les bases d\u2019un vocabulaire, d\u2019un espace et d\u2019un lieu de travail inclusifs pour les personnes 2ELGBTQI+. L\u2019atelier comprend un [&#8230;]<\/p>\n","protected":false},"author":1,"featured_media":0,"parent":0,"menu_order":0,"comment_status":"closed","ping_status":"closed","template":"","meta":{"_acf_changed":false,"_tec_requires_first_save":true,"_trash_the_other_posts":false,"advanced_seo_description":"These workshops help you make sure your business is an inclusive place for LGBT+ workers and consumers before inviting LGBT+ people into your space. ","jetpack_seo_html_title":"Diversity & Inclusion Workshops | CQCC","jetpack_seo_noindex":false,"_EventAllDay":false,"_EventTimezone":"","_EventStartDate":"","_EventEndDate":"","_EventStartDateUTC":"","_EventEndDateUTC":"","_EventShowMap":false,"_EventShowMapLink":false,"_EventURL":"","_EventCost":"","_EventCostDescription":"","_EventCurrencySymbol":"","_EventCurrencyCode":"","_EventCurrencyPosition":"","_EventDateTimeSeparator":"","_EventTimeRangeSeparator":"","_EventOrganizerID":[],"_EventVenueID":[],"_OrganizerEmail":"","_OrganizerPhone":"","_OrganizerWebsite":"","_VenueAddress":"","_VenueCity":"","_VenueCountry":"","_VenueProvince":"","_VenueState":"","_VenueZip":"","_VenuePhone":"","_VenueURL":"","_VenueStateProvince":"","_VenueLat":"","_VenueLng":"","_VenueShowMap":false,"_VenueShowMapLink":false,"_price":"","_stock":"","_tribe_ticket_header":"","_tribe_default_ticket_provider":"","_tribe_ticket_capacity":"","_ticket_start_date":"","_ticket_end_date":"","_tribe_ticket_show_description":"","_tribe_ticket_show_not_going":false,"_tribe_ticket_use_global_stock":"","_tribe_ticket_global_stock_level":"","_global_stock_mode":"","_global_stock_cap":"","_tribe_rsvp_for_event":"","_tribe_ticket_going_count":"","_tribe_ticket_not_going_count":"","_tribe_tickets_list":"[]","_tribe_ticket_has_attendee_info_fields":false,"_tribe_blocks_recurrence_rules":"","_tribe_blocks_recurrence_description":"","_tribe_blocks_recurrence_exclusions":"","editor_notices":[],"footnotes":"","_tec_slr_enabled":"","_tec_slr_layout":""},"class_list":["post-59629","page","type-page","status-publish","hentry"],"acf":[],"jetpack_sharing_enabled":true,"ticketed":false,"_links":{"self":[{"href":"https:\/\/queerchamber.ca\/fr\/wp-json\/wp\/v2\/pages\/59629","targetHints":{"allow":["GET"]}}],"collection":[{"href":"https:\/\/queerchamber.ca\/fr\/wp-json\/wp\/v2\/pages"}],"about":[{"href":"https:\/\/queerchamber.ca\/fr\/wp-json\/wp\/v2\/types\/page"}],"author":[{"embeddable":true,"href":"https:\/\/queerchamber.ca\/fr\/wp-json\/wp\/v2\/users\/1"}],"replies":[{"embeddable":true,"href":"https:\/\/queerchamber.ca\/fr\/wp-json\/wp\/v2\/comments?post=59629"}],"version-history":[{"count":1,"href":"https:\/\/queerchamber.ca\/fr\/wp-json\/wp\/v2\/pages\/59629\/revisions"}],"predecessor-version":[{"id":59630,"href":"https:\/\/queerchamber.ca\/fr\/wp-json\/wp\/v2\/pages\/59629\/revisions\/59630"}],"wp:attachment":[{"href":"https:\/\/queerchamber.ca\/fr\/wp-json\/wp\/v2\/media?parent=59629"}],"curies":[{"name":"wp","href":"https:\/\/api.w.org\/{rel}","templated":true}]}}