{"id":59635,"date":"2024-02-28T17:25:41","date_gmt":"2024-02-28T22:25:41","guid":{"rendered":"https:\/\/dev-cglcc-multisite.pantheonsite.io\/fr\/training\/"},"modified":"2025-10-22T14:27:42","modified_gmt":"2025-10-22T18:27:42","slug":"formation","status":"publish","type":"page","link":"https:\/\/queerchamber.ca\/fr\/formation\/","title":{"rendered":"Formation"},"content":{"rendered":"\n<div class=\"wp-block-group alignfull has-light-purple-background-color has-background has-global-padding is-layout-constrained wp-block-group-is-layout-constrained\" style=\"padding-top:0;padding-bottom:var(--wp--preset--spacing--large)\">\n<div class=\"wp-block-columns is-layout-flex wp-container-core-columns-is-layout-28f84493 wp-block-columns-is-layout-flex\">\n<div class=\"wp-block-column is-vertically-aligned-center is-layout-flow wp-block-column-is-layout-flow\" style=\"flex-basis:60%\">\n<div style=\"height:70px\" aria-hidden=\"true\" class=\"wp-block-spacer\"><\/div>\n\n\n\n<h1 class=\"wp-block-heading has-xxx-large-font-size\">Formation<\/h1>\n\n\n\n<p class=\"is-style-default has-medium-font-size\">Nos possibilit\u00e9s de formation \u00e9voluent constamment pour r\u00e9pondre aux besoins de la communaut\u00e9 2ELGBTQI+ et de ses alli\u00e9.e.s. Si votre milieu de travail souhaite en savoir plus sur l\u2019engagement aupr\u00e8s de la communaut\u00e9 2ELGBTQI+ en tant qu\u2019employ\u00e9.e, avec des opportunit\u00e9s d\u2019affaires ou en tant que client.e final.e, nous avons un certain nombre de cours et d\u2019ateliers pour vous pr\u00e9parer.<\/p>\n<\/div>\n<\/div>\n\n\n\n<div style=\"height:30px\" aria-hidden=\"true\" class=\"wp-block-spacer\"><\/div>\n<\/div>\n\n\n\n<div style=\"height:40px\" aria-hidden=\"true\" class=\"wp-block-spacer\"><\/div>\n\n\n\n<div class=\"wp-block-group alignwide has-global-padding is-content-justification-left is-layout-constrained wp-container-core-group-is-layout-12dd3699 wp-block-group-is-layout-constrained\">\n<div class=\"wp-block-group has-global-padding is-layout-constrained wp-block-group-is-layout-constrained\">\n<h2 class=\"wp-block-heading\">Diversit\u00e9 et inclusion 2ELGBTQI+ \u2013 Cr\u00e9er un milieu de travail accueillant et accessible<\/h2>\n\n\n\n<p>La CQCC se r\u00e9jouit de pr\u00e9senter deux nouvelles sessions de formation en atelier. Il peut s\u2019agir d\u2019un programme en 2 parties ou de deux sessions distinctes &#8211; il n\u2019y a pas de pr\u00e9requis, et les entreprises ne sont pas oblig\u00e9es de suivre les deux.<\/p>\n\n\n\n<div style=\"height:40px\" aria-hidden=\"true\" class=\"wp-block-spacer\"><\/div>\n\n\n\n<div class=\"wp-block-columns is-layout-flex wp-container-core-columns-is-layout-28f84493 wp-block-columns-is-layout-flex\">\n<div class=\"wp-block-column is-layout-flow wp-block-column-is-layout-flow\">\n<hr class=\"wp-block-separator has-text-color has-black-color has-alpha-channel-opacity has-black-background-color has-background\" \/>\n\n\n\n<h2 class=\"wp-block-heading\">S\u00e9ance sur la main-d\u2019\u0153uvre<\/h2>\n\n\n\n<p>Une s\u00e9ance de 90 minutes con\u00e7ue pour amorcer une conversation sur la diversit\u00e9 et l\u2019inclusion 2ELGBTQI+ avec l\u2019ensemble de votre personnel. Il aborde les diff\u00e9rentes terminologies, la diversit\u00e9 des sexes et les pronoms, ainsi que ce \u00e0 quoi ressemble l\u2019alliance sur le lieu de travail.<\/p>\n\n\n\n<p>Ordre du jour:<\/p>\n\n\n\n<ul class=\"wp-block-list\">\n<li>Introduction 2ELGBTQI+<\/li>\n\n\n\n<li>Diversit\u00e9 des sexes<\/li>\n\n\n\n<li>Consid\u00e9rations relatives \u00e0 l\u2019inclusion<\/li>\n\n\n\n<li>Milieux de travail inclusifs<\/li>\n\n\n\n<li>Pour commencer : prochaines \u00e9tapes<\/li>\n<\/ul>\n<\/div>\n\n\n\n<div class=\"wp-block-column is-layout-flow wp-block-column-is-layout-flow\">\n<hr class=\"wp-block-separator has-text-color has-black-color has-alpha-channel-opacity has-black-background-color has-background\" \/>\n\n\n\n<h2 class=\"wp-block-heading\">S\u00e9ance de gestion<\/h2>\n\n\n\n<p>Une s\u00e9ance de 90 minutes qui met l\u2019accent sur la fa\u00e7on dont la direction peut soutenir l\u2019inclusion des personnes 2ELGBTQI+ au sein de votre organisation\/entreprise. Vous y trouverez un bref aper\u00e7u de la langue pertinente et de la diversit\u00e9 de genre, une discussion sur les exp\u00e9riences des professionnel.les 2ELGBTQI+ et des politiques et pratiques sugg\u00e9r\u00e9es \u00e0 prendre en compte pour soutenir vos efforts d\u2019inclusion.<\/p>\n\n\n\n<p>Ordre du jour:<\/p>\n\n\n\n<ul class=\"wp-block-list\">\n<li>Introduction 2ELGBTQI+<\/li>\n\n\n\n<li>Consid\u00e9rations d\u2019inclusion pour le leadership<\/li>\n\n\n\n<li>Politiques et pratiques inclusives<\/li>\n\n\n\n<li>Commencer votre voyage<\/li>\n\n\n\n<li>\u00c9tudes de cas d\u2019application<\/li>\n<\/ul>\n<\/div>\n<\/div>\n\n\n\n<hr class=\"wp-block-separator has-text-color has-black-color has-alpha-channel-opacity has-black-background-color has-background\" style=\"margin-top:var(--wp--preset--spacing--large);margin-bottom:var(--wp--preset--spacing--large)\" \/>\n\n\n\n<p>Pour planifier un atelier pour votre groupe ou pour plus d\u2019informations, veuillez contacter notre \u00e9quipe au bd-national@queerchamber.ca.<\/p>\n\n\n\n<div style=\"height:100px\" aria-hidden=\"true\" class=\"wp-block-spacer\"><\/div>\n<\/div>\n<\/div>\n\n\n\n<p><\/p>\n","protected":false},"excerpt":{"rendered":"<p>Nos possibilit\u00e9s de formation \u00e9voluent constamment pour r\u00e9pondre aux besoins de la communaut\u00e9 2ELGBTQI+ et de ses alli\u00e9s. Si votre milieu de travail souhaite en savoir plus sur l\u2019engagement aupr\u00e8s de la communaut\u00e9 2ELGBTQI+ en tant qu\u2019employ\u00e9, avec des opportunit\u00e9s d\u2019affaires ou en tant que client final, nous avons un certain nombre de cours et d\u2019ateliers pour vous pr\u00e9parer. Diversit\u00e9 et inclusion 2SLGBTQI+ \u2013 Cr\u00e9er un milieu de travail accueillant et accessible Le CQCC est heureux de pr\u00e9senter deux nouvelles s\u00e9ances de formation en atelier. Il peut s\u2019agir d\u2019un programme en 2 parties ou de deux sessions distinctes &#8211; il n\u2019y a pas de pr\u00e9requis, et les entreprises ne sont pas oblig\u00e9es de suivre les deux. S\u00e9ance sur la main-d\u2019\u0153uvre A [&#8230;]<\/p>\n","protected":false},"author":1,"featured_media":0,"parent":0,"menu_order":0,"comment_status":"closed","ping_status":"closed","template":"","meta":{"_acf_changed":false,"_tec_requires_first_save":true,"_trash_the_other_posts":false,"advanced_seo_description":"We offer 2SLGBTQ+ diversity & inclusion training for Canadian workplaces. Foster a welcoming environment & empower your workforce. ","jetpack_seo_html_title":"Training | Canada's 2SLGBTQI+ Chamber of Commerce | CQCC","jetpack_seo_noindex":false,"_EventAllDay":false,"_EventTimezone":"","_EventStartDate":"","_EventEndDate":"","_EventStartDateUTC":"","_EventEndDateUTC":"","_EventShowMap":false,"_EventShowMapLink":false,"_EventURL":"","_EventCost":"","_EventCostDescription":"","_EventCurrencySymbol":"","_EventCurrencyCode":"","_EventCurrencyPosition":"","_EventDateTimeSeparator":"","_EventTimeRangeSeparator":"","_EventOrganizerID":[],"_EventVenueID":[],"_OrganizerEmail":"","_OrganizerPhone":"","_OrganizerWebsite":"","_VenueAddress":"","_VenueCity":"","_VenueCountry":"","_VenueProvince":"","_VenueState":"","_VenueZip":"","_VenuePhone":"","_VenueURL":"","_VenueStateProvince":"","_VenueLat":"","_VenueLng":"","_VenueShowMap":false,"_VenueShowMapLink":false,"_price":"","_stock":"","_tribe_ticket_header":"","_tribe_default_ticket_provider":"","_tribe_ticket_capacity":"","_ticket_start_date":"","_ticket_end_date":"","_tribe_ticket_show_description":"","_tribe_ticket_show_not_going":false,"_tribe_ticket_use_global_stock":"","_tribe_ticket_global_stock_level":"","_global_stock_mode":"","_global_stock_cap":"","_tribe_rsvp_for_event":"","_tribe_ticket_going_count":"","_tribe_ticket_not_going_count":"","_tribe_tickets_list":"[]","_tribe_ticket_has_attendee_info_fields":false,"_tribe_blocks_recurrence_rules":"","_tribe_blocks_recurrence_description":"","_tribe_blocks_recurrence_exclusions":"","editor_notices":[],"footnotes":"","_tec_slr_enabled":"","_tec_slr_layout":""},"class_list":["post-59635","page","type-page","status-publish","hentry"],"acf":[],"jetpack_sharing_enabled":true,"ticketed":false,"_links":{"self":[{"href":"https:\/\/queerchamber.ca\/fr\/wp-json\/wp\/v2\/pages\/59635","targetHints":{"allow":["GET"]}}],"collection":[{"href":"https:\/\/queerchamber.ca\/fr\/wp-json\/wp\/v2\/pages"}],"about":[{"href":"https:\/\/queerchamber.ca\/fr\/wp-json\/wp\/v2\/types\/page"}],"author":[{"embeddable":true,"href":"https:\/\/queerchamber.ca\/fr\/wp-json\/wp\/v2\/users\/1"}],"replies":[{"embeddable":true,"href":"https:\/\/queerchamber.ca\/fr\/wp-json\/wp\/v2\/comments?post=59635"}],"version-history":[{"count":3,"href":"https:\/\/queerchamber.ca\/fr\/wp-json\/wp\/v2\/pages\/59635\/revisions"}],"predecessor-version":[{"id":60168,"href":"https:\/\/queerchamber.ca\/fr\/wp-json\/wp\/v2\/pages\/59635\/revisions\/60168"}],"wp:attachment":[{"href":"https:\/\/queerchamber.ca\/fr\/wp-json\/wp\/v2\/media?parent=59635"}],"curies":[{"name":"wp","href":"https:\/\/api.w.org\/{rel}","templated":true}]}}