{"id":59637,"date":"2024-02-28T17:25:26","date_gmt":"2024-02-28T22:25:26","guid":{"rendered":"https:\/\/dev-cglcc-multisite.pantheonsite.io\/fr\/tourism\/"},"modified":"2026-01-28T12:31:11","modified_gmt":"2026-01-28T17:31:11","slug":"tourisme","status":"publish","type":"page","link":"https:\/\/queerchamber.ca\/fr\/tourisme\/","title":{"rendered":"Tourisme"},"content":{"rendered":"\n<div class=\"wp-block-group alignfull is-style-default has-text-color has-background has-link-color wp-elements-7313bb549538097190b7a3e22a432724 has-global-padding is-layout-constrained wp-block-group-is-layout-constrained\" style=\"color:#000d2e;background-color:#f7c9db;padding-top:0;padding-bottom:var(--wp--preset--spacing--large)\">\n<div class=\"wp-block-columns is-layout-flex wp-container-core-columns-is-layout-28f84493 wp-block-columns-is-layout-flex\">\n<div class=\"wp-block-column is-vertically-aligned-center is-layout-flow wp-block-column-is-layout-flow\" style=\"flex-basis:60%\">\n<div style=\"height:70px\" aria-hidden=\"true\" class=\"wp-block-spacer\"><\/div>\n\n\n\n<h1 class=\"wp-block-heading has-xxx-large-font-size\">Tourisme<\/h1>\n\n\n\n<p class=\"is-style-default has-medium-font-size\">Outils de formation et d\u2019\u00e9ducation li\u00e9s au tourisme en partenariat avec Tourisme RH Canada.<\/p>\n<\/div>\n\n\n\n<div class=\"wp-block-column is-vertically-aligned-center is-layout-flow wp-block-column-is-layout-flow\" style=\"flex-basis:33.33%\"><\/div>\n<\/div>\n\n\n\n<div class=\"wp-block-columns is-layout-flex wp-container-core-columns-is-layout-28f84493 wp-block-columns-is-layout-flex\">\n<div class=\"wp-block-column is-layout-flow wp-block-column-is-layout-flow\" style=\"flex-basis:70%\"><\/div>\n\n\n\n<div class=\"wp-block-column is-layout-flow wp-block-column-is-layout-flow\" style=\"flex-basis:25%\"><\/div>\n<\/div>\n<\/div>\n\n\n\n<div style=\"height:40px\" aria-hidden=\"true\" class=\"wp-block-spacer\"><\/div>\n\n\n\n<div class=\"wp-block-group alignwide has-global-padding is-content-justification-left is-layout-constrained wp-container-core-group-is-layout-12dd3699 wp-block-group-is-layout-constrained\">\n<div class=\"wp-block-group has-global-padding is-layout-constrained wp-block-group-is-layout-constrained\">\n<h2 class=\"wp-block-heading\">Nous sommes l\u00e0 pour vous aider \u00e0 \u00eatre pr\u00eat pour le march\u00e9 des voyageur.se.s 2ELGBTQI+<\/h2>\n\n\n\n<figure class=\"wp-block-embed is-type-video is-provider-youtube wp-block-embed-youtube wp-embed-aspect-16-9 wp-has-aspect-ratio\"><div class=\"wp-block-embed__wrapper\">\n<iframe loading=\"lazy\" title=\"Introduction to the Tourism Project | Introduction au projet touristique\" width=\"500\" height=\"281\" src=\"https:\/\/www.youtube.com\/embed\/oCcI6lcnzhQ?list=PL0w79HQ_D1Qsmec2lxAa6r0xiD7EY59SN\" frameborder=\"0\" allow=\"accelerometer; autoplay; clipboard-write; encrypted-media; gyroscope; picture-in-picture; web-share\" referrerpolicy=\"strict-origin-when-cross-origin\" allowfullscreen><\/iframe>\n<\/div><\/figure>\n\n\n\n<hr class=\"wp-block-separator has-text-color has-black-color has-alpha-channel-opacity has-black-background-color has-background\" style=\"margin-top:var(--wp--preset--spacing--medium);margin-bottom:var(--wp--preset--spacing--medium)\" \/>\n\n\n\n<p>Les voyageur.se.s 2ELGBTQI+ repr\u00e9sentent une grande opportunit\u00e9 de reprise pour notre industrie touristique canadienne.<\/p>\n\n\n\n<p>Iels d\u00e9pensent plus que leurs homologues traditionnels \u00e0 7 fois le co\u00fbt moyen des d\u00e9placements. Iels se sont redress\u00e9.e.s plus rapidement apr\u00e8s les chocs industriels, faisant partie des premiers segments \u00e0 se redresser apr\u00e8s le 11 septembre et le SRAS. Et actuellement, 90 % d\u2019entre eux et elles cherchent des opportunit\u00e9s de voyage \u00e0 l\u2019int\u00e9rieur du Canada.<\/p>\n\n\n\n<p>Iels cherchent beaucoup des exp\u00e9riences de voyage que vous avez probablement d\u00e9j\u00e0 \u00e0 offrir, mais iels accordent une valeur bien sup\u00e9rieure \u00e0 leurs homologues classiques : leur s\u00e9curit\u00e9.<\/p>\n\n\n\n<p>Afin d\u2019accueillir le lucratif march\u00e9 canadien du voyage 2ELGBTQI+, \u00e9valu\u00e9 \u00e0 plus de 12 milliards de dollars par an, il reste du travail \u00e0 faire pour garantir le confort et le bien-\u00eatre de ces voyageur.se.s.<\/p>\n\n\n\n<p>Alors, quelle est la premi\u00e8re \u00e9tape ?<\/p>\n\n\n\n<p>Avant d\u2019engager ces communaut\u00e9s, vous devez vous pr\u00e9parer \u00e0 les accueillir dans un espace s\u00fbr. Cela signifie s\u2019assurer que votre destination reconna\u00eet la diversit\u00e9 de genre et sexuelle et met en place des pratiques significatives pour que les voyageur.se.s 2ELGBTQI+ vivent une exp\u00e9rience inclusive et positive avec vous.<\/p>\n\n\n\n<p>Heureusement, CCQC, en partenariat avec Tourisme RH Canada, a con\u00e7u plusieurs outils de formation et d\u2019\u00e9ducation pour vous mettre sur la bonne voie \u2013 et vous pr\u00e9parer \u00e0 d\u00e9velopper votre entreprise.<\/p>\n\n\n\n<hr class=\"wp-block-separator has-text-color has-black-color has-alpha-channel-opacity has-black-background-color has-background\" style=\"margin-top:var(--wp--preset--spacing--medium);margin-bottom:var(--wp--preset--spacing--medium)\" \/>\n\n\n\n<h3 class=\"wp-block-heading\">Programme d\u2019accr\u00e9ditation Arc-En-Ciel Officiel<\/h3>\n\n\n\n<p>Si vous souhaitez pr\u00e9senter votre entreprise avec enthousiasme comme un espace s\u00fbr et inclusif pour les personnes 2ELGBTQI+, vous \u00eates au bon endroit. Mais il y a plusieurs crit\u00e8res que vous devez remplir avant d\u2019obtenir la prestigieuse marque Arc-en-Ciel Officiel, ainsi que les avantages qui l\u2019accompagnent. Pour \u00eatre associ\u00e9 au programme Arc-en-Ciel Officiel, quelle que soit la taille de votre entreprise, vous devez respecter des normes rigoureuses qui garantissent que les personnes\u00a0 2ELGBTQI+ se sentent constamment en s\u00e9curit\u00e9 et inclus dans votre ou vos \u00e9tablissements, et que le travail commence de l\u2019int\u00e9rieur.<\/p>\n\n\n\n<div class=\"wp-block-buttons is-layout-flex wp-block-buttons-is-layout-flex\">\n<div class=\"wp-block-button is-style-rounded-pill-large\"><a class=\"wp-block-button__link wp-element-button\" href=\"https:\/\/queerchamber.ca\/programs\/rainbow-registered\/\">Pour en savoir plus<\/a><\/div>\n<\/div>\n\n\n\n<hr class=\"wp-block-separator has-text-color has-black-color has-alpha-channel-opacity has-black-background-color has-background\" style=\"margin-top:var(--wp--preset--spacing--medium);margin-bottom:var(--wp--preset--spacing--medium)\" \/>\n\n\n\n<h3 class=\"wp-block-heading\">Naviguer dans la diversit\u00e9 et l\u2019inclusion dans l\u2019industrie touristique 2ELGBTQI+ : Ateliers<\/h3>\n\n\n\n<p>Vous l\u2019avez d\u00e9j\u00e0 entendu : le changement vient de l\u2019int\u00e9rieur. Avant d\u2019inviter massivement des voyageur.se.s 2ELGBTQI+ \u00e0 votre destination, assurez-vous que votre lieu de travail est un environnement inclusif pour les employ\u00e9.e.s et client.e.s 2ELGBTQI+. Participez \u00e0 un atelier Navigu\u00e9 l&#8217;inclusion 2ELGBTQI+ : Diversit\u00e9 et Inclusion dans l\u2019industrie du tourisme dans votre r\u00e9gion pour apprendre les bases d\u2019un vocabulaire, d\u2019un espace et d\u2019un lieu de travail inclusifs pour 2ELGBTQI+.<\/p>\n\n\n\n<div class=\"wp-block-buttons is-layout-flex wp-block-buttons-is-layout-flex\">\n<div class=\"wp-block-button is-style-rounded-pill-large\"><a class=\"wp-block-button__link wp-element-button\" href=\"https:\/\/queerchamber.ca\/programs\/tourism\/diversity-inclusion-workshops\/\">Pour en savoir plus<\/a><\/div>\n<\/div>\n\n\n\n<hr class=\"wp-block-separator has-text-color has-black-color has-alpha-channel-opacity has-black-background-color has-background\" style=\"margin-top:var(--wp--preset--spacing--medium);margin-bottom:var(--wp--preset--spacing--medium)\" \/>\n\n\n\n<h3 class=\"wp-block-heading\">S\u00e9minaires pr\u00eats pour le march\u00e9 du voyage<\/h3>\n\n\n\n<p>Une fois que vous aurez fait connaissance des diff\u00e9rentes communaut\u00e9s 2ELGBTQI+ et de la meilleure fa\u00e7on de les servir dans votre entreprise, vous serez peut-\u00eatre pr\u00eat \u00e0 faire un effort concert\u00e9 pour accueillir le march\u00e9 du voyage 2ELGBTQI+. Ce s\u00e9minaire de deux heures partagera des \u00e9tudes de march\u00e9 exclusives 2ELGBTQI+ et des meilleures pratiques d\u2019\u00e9tudes de cas du monde entier, ainsi que vous pr\u00e9sentera plusieurs produits personnalis\u00e9s 2ELGBTQI+ pour vous inspirer \u00e0 votre propre strat\u00e9gie d\u2019accueil touristique 2ELGBTQI+ r\u00e9ussie.<\/p>\n\n\n\n<div class=\"wp-block-buttons is-layout-flex wp-block-buttons-is-layout-flex\">\n<div class=\"wp-block-button is-style-rounded-pill-large\"><a class=\"wp-block-button__link wp-element-button\" href=\"\/programs\/tourism\/2slgbtqi-travel-market-ready-seminars\/\">Pour en savoir plus<\/a><\/div>\n<\/div>\n\n\n\n<hr class=\"wp-block-separator has-text-color has-black-color has-alpha-channel-opacity has-black-background-color has-background\" style=\"margin-top:var(--wp--preset--spacing--medium);margin-bottom:var(--wp--preset--spacing--medium)\" \/>\n\n\n\n<h3 class=\"wp-block-heading\">Audits de destination<\/h3>\n\n\n\n<p>L\u2019audit de destination est con\u00e7u pour \u00e9valuer vos points forts et les axes d\u2019am\u00e9lioration dans votre pr\u00e9paration au march\u00e9 du voyage 2ELGBTQI+ ou \u00e0 vos strat\u00e9gies touristiques. Le programme d\u2019audit de destination convient le mieux aux destinations qui ont d\u00e9j\u00e0 suivi une formation sur la diversit\u00e9 et l\u2019inclusion et ont fait des efforts pour accueillir le march\u00e9 du voyage 2ELGBTQI+ (ou qui ont suivi le s\u00e9minaire Pr\u00eats pour le March\u00e9 du voyage). Le rapport final de recommandation de l\u2019audit peut servir d\u2019outil de benchmarking pour continuer \u00e0 \u00e9valuer et \u00e0 am\u00e9liorer chaque ann\u00e9e votre strat\u00e9gie de march\u00e9 du voyage 2ELGBTQI+.<\/p>\n\n\n\n<div class=\"wp-block-buttons is-layout-flex wp-block-buttons-is-layout-flex\">\n<div class=\"wp-block-button is-style-rounded-pill-large\"><a class=\"wp-block-button__link wp-element-button\" href=\"\/programs\/tourism\/destination-audits\/\">Pour en savoir plus<\/a><\/div>\n<\/div>\n\n\n\n<hr class=\"wp-block-separator has-text-color has-black-color has-alpha-channel-opacity has-black-background-color has-background\" style=\"margin-top:var(--wp--preset--spacing--medium);margin-bottom:var(--wp--preset--spacing--medium)\" \/>\n\n\n\n<h3 class=\"wp-block-heading\">Bo\u00eete \u00e0 outils touristique<\/h3>\n\n\n\n<p>La bo\u00eete \u00e0 outils est compos\u00e9e d\u2019une s\u00e9rie de ressources visant \u00e0 cr\u00e9er une organisation inclusive des personnes 2ELGBTQI+ :<\/p>\n\n\n\n<ul class=\"wp-block-list\">\n<li>Produits et visites 2ELGBTQI+<\/li>\n\n\n\n<li>Guide Inclusif des March\u00e9s Publics<\/li>\n\n\n\n<li>Guide de ressources sur l\u2019inclusion trans et non binaire<\/li>\n\n\n\n<li>Guide du march\u00e9 du voyage 2ELGBTQI+ et bo\u00eete \u00e0 outils pour le d\u00e9veloppement du tourisme<\/li>\n\n\n\n<li>Glossaire de terminologie<\/li>\n\n\n\n<li>Organisation d\u2019\u00e9v\u00e9nements inclusifs des personnes 2ELGBTQI+<\/li>\n\n\n\n<li>Guide d\u2019inclusion 2ELGBTQI+<\/li>\n\n\n\n<li>2ELGBTQI+ Argument \u00e9conomique en faveur de l\u2019inclusion<\/li>\n\n\n\n<li>Guide d\u2019engagement communautaire<\/li>\n\n\n\n<li>Marketing aupr\u00e8s de la communaut\u00e9 2ELGBTQI+<\/li>\n\n\n\n<li>Cr\u00e9ation d\u2019un groupe de ressources pour les employ\u00e9s<\/li>\n\n\n\n<li>Guide des ressources d\u2019alliance<\/li>\n\n\n\n<li>2ELGBTQI+ Politiques et pratiques inclusives<\/li>\n<\/ul>\n\n\n\n<p>La Toolkit est accessible \u00e0 tous les membres de la CCQC et aux entreprises accr\u00e9dit\u00e9es Arc-en-Ciel Officiel via notre portail des membres.<\/p>\n\n\n\n<figure class=\"wp-block-image size-full is-style-skewed-right\"><img loading=\"lazy\" decoding=\"async\" width=\"900\" height=\"600\" src=\"https:\/\/queerchamber.ca\/fr\/wp-content\/uploads\/sites\/7\/2026\/01\/CGLCC_Image_29.webp\" alt=\"\" class=\"wp-image-127025\" srcset=\"https:\/\/queerchamber.ca\/fr\/wp-content\/uploads\/sites\/7\/2026\/01\/CGLCC_Image_29.webp 900w, https:\/\/queerchamber.ca\/fr\/wp-content\/uploads\/sites\/7\/2026\/01\/CGLCC_Image_29-462x308.webp 462w, https:\/\/queerchamber.ca\/fr\/wp-content\/uploads\/sites\/7\/2026\/01\/CGLCC_Image_29-768x512.webp 768w\" sizes=\"auto, (max-width: 900px) 100vw, 900px\" \/><\/figure>\n\n\n\n<div style=\"height:100px\" aria-hidden=\"true\" class=\"wp-block-spacer\"><\/div>\n<\/div>\n<\/div>\n","protected":false},"excerpt":{"rendered":"<p>Tourisme : Outils de formation et d\u2019\u00e9ducation li\u00e9s au tourisme en partenariat avec Tourisme RH Canada. Nous sommes l\u00e0 pour vous aider \u00e0 \u00eatre pr\u00eat au march\u00e9 pour les voyageurs 2SLGBTQI+ Les voyageurs 2SLGBTQI+ repr\u00e9sentent une grande opportunit\u00e9 de reprise pour notre industrie touristique canadienne. Ils d\u00e9pensent plus que leurs homologues traditionnels \u00e0 7 fois le co\u00fbt moyen des d\u00e9placements. Ils se sont redress\u00e9s plus rapidement apr\u00e8s les chocs industriels, faisant partie des premiers segments \u00e0 se redresser apr\u00e8s le 11 septembre et le SRAS. Et actuellement, 90 % d\u2019entre eux cherchent des opportunit\u00e9s de voyage \u00e0 l\u2019int\u00e9rieur du Canada. Ils recherchent beaucoup des exp\u00e9riences de voyage que vous avez probablement d\u00e9j\u00e0 \u00e0 offrir, mais ils accordent une valeur bien sup\u00e9rieure \u00e0 leurs homologues classiques : leur [&#8230;]<\/p>\n","protected":false},"author":1,"featured_media":0,"parent":0,"menu_order":0,"comment_status":"closed","ping_status":"closed","template":"","meta":{"_acf_changed":false,"_tec_requires_first_save":true,"_trash_the_other_posts":false,"advanced_seo_description":"We are here to help destinations & businesses welcome and cater to the lucrative LGBT+ travel market in Canada. ","jetpack_seo_html_title":"Tourism | Canada's 2SLGBTQI+ Chamber of Commerce | CQCC","jetpack_seo_noindex":false,"_EventAllDay":false,"_EventTimezone":"","_EventStartDate":"","_EventEndDate":"","_EventStartDateUTC":"","_EventEndDateUTC":"","_EventShowMap":false,"_EventShowMapLink":false,"_EventURL":"","_EventCost":"","_EventCostDescription":"","_EventCurrencySymbol":"","_EventCurrencyCode":"","_EventCurrencyPosition":"","_EventDateTimeSeparator":"","_EventTimeRangeSeparator":"","_EventOrganizerID":[],"_EventVenueID":[],"_OrganizerEmail":"","_OrganizerPhone":"","_OrganizerWebsite":"","_VenueAddress":"","_VenueCity":"","_VenueCountry":"","_VenueProvince":"","_VenueState":"","_VenueZip":"","_VenuePhone":"","_VenueURL":"","_VenueStateProvince":"","_VenueLat":"","_VenueLng":"","_VenueShowMap":false,"_VenueShowMapLink":false,"_price":"","_stock":"","_tribe_ticket_header":"","_tribe_default_ticket_provider":"","_tribe_ticket_capacity":"","_ticket_start_date":"","_ticket_end_date":"","_tribe_ticket_show_description":"","_tribe_ticket_show_not_going":false,"_tribe_ticket_use_global_stock":"","_tribe_ticket_global_stock_level":"","_global_stock_mode":"","_global_stock_cap":"","_tribe_rsvp_for_event":"","_tribe_ticket_going_count":"","_tribe_ticket_not_going_count":"","_tribe_tickets_list":"[]","_tribe_ticket_has_attendee_info_fields":false,"_tribe_blocks_recurrence_rules":"","_tribe_blocks_recurrence_description":"","_tribe_blocks_recurrence_exclusions":"","editor_notices":[],"footnotes":"","_tec_slr_enabled":"","_tec_slr_layout":""},"class_list":["post-59637","page","type-page","status-publish","hentry"],"acf":[],"jetpack_sharing_enabled":true,"ticketed":false,"_links":{"self":[{"href":"https:\/\/queerchamber.ca\/fr\/wp-json\/wp\/v2\/pages\/59637","targetHints":{"allow":["GET"]}}],"collection":[{"href":"https:\/\/queerchamber.ca\/fr\/wp-json\/wp\/v2\/pages"}],"about":[{"href":"https:\/\/queerchamber.ca\/fr\/wp-json\/wp\/v2\/types\/page"}],"author":[{"embeddable":true,"href":"https:\/\/queerchamber.ca\/fr\/wp-json\/wp\/v2\/users\/1"}],"replies":[{"embeddable":true,"href":"https:\/\/queerchamber.ca\/fr\/wp-json\/wp\/v2\/comments?post=59637"}],"version-history":[{"count":5,"href":"https:\/\/queerchamber.ca\/fr\/wp-json\/wp\/v2\/pages\/59637\/revisions"}],"predecessor-version":[{"id":127026,"href":"https:\/\/queerchamber.ca\/fr\/wp-json\/wp\/v2\/pages\/59637\/revisions\/127026"}],"wp:attachment":[{"href":"https:\/\/queerchamber.ca\/fr\/wp-json\/wp\/v2\/media?parent=59637"}],"curies":[{"name":"wp","href":"https:\/\/api.w.org\/{rel}","templated":true}]}}