{"id":59641,"date":"2024-02-28T17:24:37","date_gmt":"2024-02-28T22:24:37","guid":{"rendered":"https:\/\/dev-cglcc-multisite.pantheonsite.io\/fr\/global-initiatives\/"},"modified":"2025-10-30T19:17:03","modified_gmt":"2025-10-30T23:17:03","slug":"programme-mondial","status":"publish","type":"page","link":"https:\/\/queerchamber.ca\/fr\/programme-mondial\/","title":{"rendered":"Programme Mondial"},"content":{"rendered":"\n<div class=\"wp-block-group alignfull has-magenta-background-color has-background has-global-padding is-layout-constrained wp-block-group-is-layout-constrained\" style=\"min-height:340px;padding-top:0;padding-bottom:var(--wp--preset--spacing--large)\">\n<div class=\"wp-block-columns is-layout-flex wp-container-core-columns-is-layout-28f84493 wp-block-columns-is-layout-flex\">\n<div class=\"wp-block-column is-vertically-aligned-center is-layout-flow wp-block-column-is-layout-flow\" style=\"flex-basis:60%\">\n<div style=\"height:70px\" aria-hidden=\"true\" class=\"wp-block-spacer\"><\/div>\n\n\n\n<h1 class=\"wp-block-heading has-xxx-large-font-size\"><strong>PROGRAMME MONDIAL<\/strong><\/h1>\n\n\n\n<p><\/p>\n<\/div>\n\n\n\n<div class=\"wp-block-column is-vertically-aligned-center is-layout-flow wp-block-column-is-layout-flow\" style=\"flex-basis:33.33%\">\n<figure class=\"wp-block-image alignright size-large is-style-skewed-left span-right\"><img decoding=\"async\" src=\"https:\/\/queerchamber.ca\/wp-content\/uploads\/sites\/2\/2025\/10\/18d6a157e0a9920aeafe1c82425b2301186ca2e2-960x676.jpg\" alt=\"\" class=\"wp-image-63645\" style=\"object-fit:cover\" \/><\/figure>\n<\/div>\n<\/div>\n\n\n\n<div style=\"height:30px\" aria-hidden=\"true\" class=\"wp-block-spacer\"><\/div>\n<\/div>\n\n\n\n<div style=\"height:40px\" aria-hidden=\"true\" class=\"wp-block-spacer\"><\/div>\n\n\n\n<p>Nous sommes fiers de travailler aux c\u00f4t\u00e9s du gouvernement canadien pour favoriser un d\u00e9veloppement international inclusif qui ouvre des portes aux&nbsp;<strong>entreprises et aux personnes entrepreneures 2ELGBTQI+&nbsp;<\/strong>du monde entier. En combinant la vaste port\u00e9e du Canada sur les march\u00e9s mondiaux et notre engagement \u00e0 soutenir les&nbsp;<strong>entreprises canadiennes<\/strong>, nous pouvons offrir des programmes de renforcement des capacit\u00e9s sur mesure, des possibilit\u00e9s de mentorat et l\u2019acc\u00e8s \u00e0 des r\u00e9seaux commerciaux essentiels. Ensemble, nous identifions les secteurs de croissance, facilitons les partenariats transfrontaliers et aidons ces innovateurs \u00e0 surmonter les difficult\u00e9s li\u00e9es \u00e0 l\u2019exportation vers de nouvelles r\u00e9gions. Cette collaboration leur permet de disposer des connaissances, des ressources et du soutien n\u00e9cessaires pour prosp\u00e9rer dans une \u00e9conomie mondiale de plus en plus interconnect\u00e9e.<\/p>\n\n\n\n<div class=\"wp-block-group alignwide has-global-padding is-content-justification-left is-layout-constrained wp-container-core-group-is-layout-12dd3699 wp-block-group-is-layout-constrained\">\n<div class=\"wp-block-group has-global-padding is-layout-constrained wp-block-group-is-layout-constrained\">\n<hr class=\"wp-block-separator has-text-color has-black-color has-alpha-channel-opacity has-black-background-color has-background\" \/>\n\n\n\n<h2 class=\"wp-block-heading\"><strong>PROGRAMME MONDIAL \u00c0 LA CCQC: VOTRE PORTE D\u2019ENTR\u00c9E VERS LA CROISSANCE INTERNATIONALE<\/strong><\/h2>\n\n\n\n<p>Avec l\u2019incroyable potentiel commercial du Canada, le monde regorge de possibilit\u00e9s pour les fournisseurs&nbsp;<strong>certifi\u00e9s LGBTQ+<\/strong>&nbsp;pr\u00eats \u00e0 prendre de l\u2019expansion au-del\u00e0 de nos fronti\u00e8res. C\u2019est pourquoi la CCQC, avec le g\u00e9n\u00e9reux soutien d\u2019<strong>Exportation et d\u00e9veloppement Canada (EDC)<\/strong>&nbsp;en tant que commanditaire du Programme mondial, est fi\u00e8re d\u2019aider les entreprises canadiennes \u00e0 s\u2019internationaliser.&nbsp;<\/p>\n\n\n\n<p>Nous proposons un&nbsp;<strong>programme de formation \u00e0 la pr\u00e9paration \u00e0 l\u2019exportation \u2013 un<\/strong>cours modulaire de 4 \u00e0 6 semaines con\u00e7u pour vous apporter les connaissances, les comp\u00e9tences et les contacts dont vous avez besoin pour explorer les march\u00e9s mondiaux. Au sein d\u2019une cohorte de chefs d\u2019entreprise partageant les m\u00eames id\u00e9es, vous apprendrez les principes fondamentaux de l\u2019exportation, b\u00e9n\u00e9ficierez des conseils d\u2019experts du secteur et construirez un r\u00e9seau de soutien qui perdurera longtemps apr\u00e8s la fin du programme.<\/p>\n\n\n\n<p>Mais notre engagement envers votre r\u00e9ussite ne s\u2019arr\u00eate pas l\u00e0.&nbsp;<strong>La CCQC m\u00e8ne r\u00e9guli\u00e8rement des missions commerciales dans le monde entier,&nbsp;<\/strong>ayant visit\u00e9 avec succ\u00e8s les \u00c9tats-Unis, l\u2019Union europ\u00e9enne, le Br\u00e9sil, le Mexique et bien d\u2019autres pays. Nous vous mettons en contact avec des chambres de commerce internationales et des organisations d\u00e9sireuses de s\u2019associer \u00e0 des&nbsp;<strong>entreprises canadiennes<\/strong>. Nos ressources, nos \u00e9v\u00e9nements et nos relations avec les partenaires vous permettent d\u2019avoir une connaissance approfondie des tendances internationales, un acc\u00e8s direct aux experts du march\u00e9 et la possibilit\u00e9 de rencontrer des d\u00e9cideurs cl\u00e9s qui peuvent aider \u00e0 propulser votre entreprise vers l\u2019avant.<\/p>\n\n\n\n<div class=\"wp-block-file\"><a id=\"wp-block-file--media-aa7cbbf7-a543-488f-9902-2515dbafe81c\" href=\"https:\/\/queerchamber.ca\/wp-content\/uploads\/2025\/02\/DIGITAL-ONLY-CQCC-Trade-Directory-2024-Palm-Springs-3.pdf\" target=\"_blank\" rel=\"noreferrer noopener\">Cliquez ici pour voir un exemple de la mani\u00e8re dont nous promouvons les entreprises canadiennes lors de nos missions commerciales.<\/a><\/div>\n\n\n\n<p>En partenariat avec le gouvernement du Canada, la CCQC a dirig\u00e9 la toute premi\u00e8re mission commerciale internationale LGBT du Canada en 2019, mettant fi\u00e8rement en \u00e9vidence l\u2019engagement du Canada \u00e0 \u00eatre \u00e0 l\u2019avant-garde de l\u2019expansion des opportunit\u00e9s mondiales pour tous.<\/p>\n\n\n\n<p><strong><strong>Les PME canadiennes offrent des solutions commerciales et des possibilit\u00e9s de partenariat extraordinaires et, ensemble, il n\u2019y a pas de limite \u00e0 ce qui peut \u00eatre r\u00e9alis\u00e9. &nbsp;<\/strong><\/strong><\/p>\n\n\n\n<hr class=\"wp-block-separator has-alpha-channel-opacity\" \/>\n\n\n\n<h3 class=\"wp-block-heading\"><strong>LA CCQC S\u2019ENGAGE \u00c0 COLLABORER AU D\u00c9VELOPPEMENT INTERNATIONAL<\/strong><\/h3>\n\n\n\n<p>Au fil des ans, nous avons travaill\u00e9 avec des partenaires en Tha\u00eflande et en Inde, et nous faisons actuellement \u00e9quipe avec des organisations partenaires en Colombie et en Am\u00e9rique latine pour cultiver des liens \u00e9conomiques et sociaux plus forts qui soutiennent l\u2019inclusion \u00e9conomique \u00e0 l\u2019\u00e9chelle mondiale. En forgeant des alliances, en comblant les lacunes en mati\u00e8re de connaissances et en partageant les meilleures pratiques, la CCQC favorise une croissance \u00e9conomique inclusive qui stimule les&nbsp;<strong>entreprises canadiennes&nbsp;<\/strong>dans le monde entier. La CCQC est fi\u00e8re d\u2019\u00eatre un partenaire pluriannuel du Fonds ACT Together For Inclusion (ACTIF) et un partenaire organisationnel du R\u00e9seau Dignit\u00e9 Canada.<\/p>\n\n\n\n<h3 class=\"wp-block-heading\"><strong>D\u00c9COUVREZ QUELQUES-UNES DE NOS R\u00c9CENTES MISSIONS COMMERCIALES<\/strong><\/h3>\n\n\n\n<ul class=\"wp-block-list\">\n<li>Le&nbsp;<strong>Mexique&nbsp;<\/strong>avec fiert\u00e9 Connexion :&nbsp;<a href=\"https:\/\/queerchamber.ca\/global-initiatives\/exploratory-trade-mission-mexico-city\/\">queerchamber.ca\/global-initiatives\/exploratory-trade-mission-mexico-city\/<\/a><\/li>\n\n\n\n<li><strong>New York City&nbsp;<\/strong>avec Lesbians Who Tech :&nbsp;<a href=\"https:\/\/queerchamber.ca\/global-initiatives\/lesbians-who-tech-nyc-mission\/\">queerchamber.ca\/global-initiatives\/lesbians-who-tech-nyc-mission\/<\/a><\/li>\n\n\n\n<li><strong>Palm Springs&nbsp;<\/strong>avec NGLCC :&nbsp;<a href=\"https:\/\/queerchamber.ca\/news\/48-degrees-of-smoking-hot-trade-mission-success-in-palm-springs-california\/\">queerchamber.ca\/news\/48-degrees-of-smoking-hot-trade-mission-success-in-palm-springs-california\/<\/a><\/li>\n\n\n\n<li><strong>Br\u00e9sil&nbsp;<\/strong>avec C\u00e2mara de Diversidade e Inclus\u00e3o :&nbsp;<a href=\"https:\/\/queerchamber.ca\/news\/successful-conclusion-of-historic-trade-mission-to-sao-paulo-brazil\/\">queerchamber.ca\/news\/successful-conclusion-of-historic-trade-mission-to-sao-paulo-brazil\/<\/a><\/li>\n<\/ul>\n\n\n\n<hr class=\"wp-block-separator has-text-color has-black-color has-alpha-channel-opacity has-black-background-color has-background\" \/>\n\n\n\n<h2 class=\"wp-block-heading\"><strong>CONTACTEZ NOUS<\/strong><\/h2>\n\n\n\n<p>Contactez l\u2019\u00e9quipe mondiale de la CCQC pour en savoir plus sur la mani\u00e8re dont nous pouvons vous aider \u00e0 vous d\u00e9velopper \u00e0 l\u2019\u00e9chelle mondiale.<\/p>\n\n\n\n<div class=\"wp-block-media-text\" style=\"grid-template-columns:16% auto\"><figure class=\"wp-block-media-text__media\"><img decoding=\"async\" src=\"https:\/\/queerchamber.ca\/wp-content\/uploads\/sites\/2\/2025\/02\/Cass-Elliot-400x400-1.png\" alt=\"\" class=\"wp-image-59341 size-full\" \/><\/figure><div class=\"wp-block-media-text__content\">\n<p><strong>Cass Elliott <\/strong>il<br>Gestionnaire Mondial<br>+1 (866) 300 7556 ext. 113<br><a href=\"mailto:cass.elliott@queerchamber.ca\">cass.elliott@queerchamber.ca<\/a><\/p>\n<\/div><\/div>\n\n\n\n<div class=\"wp-block-media-text\" style=\"grid-template-columns:16% auto\"><figure class=\"wp-block-media-text__media\"><img decoding=\"async\" src=\"https:\/\/queerchamber.ca\/wp-content\/uploads\/sites\/2\/2025\/02\/oscar.png\" alt=\"\" class=\"wp-image-59342 size-full\" \/><\/figure><div class=\"wp-block-media-text__content\">\n<p><strong>Oscar Andrade <\/strong>il<br>Administrateur, Programme mondial<br>+1 (866) 300 7556 ext. 133<br><a href=\"mailto:oscar.andrade@queerchamber.ca\">oscar.andrade@queerchamber.ca<\/a><\/p>\n<\/div><\/div>\n\n\n\n<hr class=\"wp-block-separator has-alpha-channel-opacity\" \/>\n\n\n\n<hr class=\"wp-block-separator has-text-color has-black-color has-alpha-channel-opacity has-black-background-color has-background\" \/>\n\n\n\n<h2 class=\"wp-block-heading\">RENCONTREZ NOS PARTENAIRES MONDIAUX<\/h2>\n\n\n\n<p><strong>Notre r\u00e9seau international a le vent dans les voiles.<\/strong><\/p>\n\n\n\n<p>En reliant les entreprises canadiennes 2ELGBTQI+ \u00e0 un r\u00e9seau mondial d\u2019autres chambres de commerce LGBT+, de gouvernements, d\u2019entreprises partenaires et d\u2019individus, la CCQC vous aide \u00e0 acc\u00e9der \u00e0 des opportunit\u00e9s internationales. Par le biais d\u2019ententes de collaboration, nous facilitons la recherche d\u2019occasions d\u2019affaires pour nos membres partout dans le monde.<\/p>\n<\/div>\n<\/div>\n\n\n\n<div class=\"wp-block-columns alignwide is-layout-flex wp-container-core-columns-is-layout-28f84493 wp-block-columns-is-layout-flex\">\n<div class=\"wp-block-column is-layout-flow wp-block-column-is-layout-flow\" style=\"flex-basis:66.66%\">\n<hr class=\"wp-block-separator has-text-color has-black-color has-alpha-channel-opacity has-black-background-color has-background\" \/>\n\n\n\n<p class=\"is-style-subheading\"><strong>R\u00c9SEAU INTERNATIONAL DE CHAMBRES DE COMMERCE LGBT+<\/strong><\/p>\n\n\n\n<p>Argentine : Camara de Comercio Gay Lesbica Argentina<\/p>\n\n\n\n<p>Australie :&nbsp;<a href=\"https:\/\/globemelbourne.com.au\/\">GLOBE \u2013 Gay and Lesbian Organization of Business and Enterprise (Organisation des gays et lesbiennes pour le commerce et l\u2019entreprise)<\/a><\/p>\n\n\n\n<p>Br\u00e9sil :&nbsp;<a href=\"https:\/\/cclgbtb.wixsite.com\/camaradecomerciolgbt\">C\u00e2mara de Com\u00e9rcio L\u00e9sbica, Gay, Bisexual e Transg\u00eanera Brasileira<\/a><\/p>\n\n\n\n<p>Europe centrale et orientale :&nbsp;<a href=\"http:\/\/www.eastmeetswest.eu\/\">L\u2019Est rencontre l\u2019Ouest<\/a><\/p>\n\n\n\n<p>Colombie :&nbsp;<a href=\"http:\/\/cclgbt.co\/\">C\u00e1mara de Comerciantes LGBT de Colombia<\/a><\/p>\n\n\n\n<p>Costa Rica :&nbsp;<a href=\"http:\/\/www.ccdcr.org\/\">C\u00e1mara de Comercio Diversa Costa Rica<\/a><\/p>\n\n\n\n<p>R\u00e9publique dominicaine :&nbsp;<a href=\"http:\/\/cclgbtrd.do\/site\/\">C\u00e1mara de Comercio LGBT de la Rep\u00fablica Dominicana<\/a><\/p>\n\n\n\n<p>Inde :&nbsp;<a href=\"https:\/\/rwsindia.org\/\">RWS : La chambre de commerce de l\u2019Inde dans toute sa diversit\u00e9<\/a><\/p>\n\n\n\n<p>Italie :&nbsp;<a href=\"http:\/\/www.iglbc.it\/uc\/\">Chambre de commerce italienne GLBT<\/a><\/p>\n\n\n\n<p>Jama\u00efque : Association jama\u00efcaine des entreprises diverses<\/p>\n\n\n\n<p>Mexique :&nbsp;<a href=\"http:\/\/fmelgbt.mx\/\">Federaci\u00f3n Mexicana de Empresarios<\/a><\/p>\n\n\n\n<p>Scandinavie :&nbsp;<a href=\"http:\/\/www.sglcc.se\/\">Chambre de commerce des gays et lesbiennes de Scandinavie<\/a><\/p>\n\n\n\n<p>Afrique du Sud :&nbsp;<a href=\"http:\/\/lgbtiplus.com\/\">PLUS \u2013 R\u00e9seau d\u2019affaires LGBT<\/a><\/p>\n\n\n\n<p>Uruguay :&nbsp;<a href=\"http:\/\/www.camaralgbturuguay.com\/\">C\u00e1mara de Comercio &amp; Negocios LGBT de Uruguay<\/a><\/p>\n\n\n\n<p>\u00c9tats-Unis :&nbsp;<a href=\"http:\/\/nglcc.org\/\">NGLCC \u2013 National Gay and Lesbian Chamber of Commerce (Chambre de commerce nationale des gays et lesbiennes)<\/a><\/p>\n<\/div>\n\n\n\n<div class=\"wp-block-column is-layout-flow wp-block-column-is-layout-flow\" style=\"flex-basis:33.33%\">\n<hr class=\"wp-block-separator has-text-color has-black-color has-alpha-channel-opacity has-black-background-color has-background\" \/>\n\n\n\n<p class=\"is-style-subheading\"><strong>ENTENTES DE COLLABORATION<\/strong><\/p>\n\n\n\n<p><a href=\"http:\/\/www.eastmeetswest.eu\/\">L\u2019Est rencontre l\u2019Ouest*<\/a>&nbsp;(Europe centrale et orientale)<\/p>\n\n\n\n<p><a href=\"http:\/\/cclgbt.co\/\">C\u00e1mara de Comerciantes LGBT de Colombia (en anglais)<\/a><\/p>\n\n\n\n<p><a href=\"http:\/\/www.ccdcr.org\/\">Chambre de commerce Diversa Costa Rica<\/a><\/p>\n\n\n\n<p><a href=\"http:\/\/cclgbtrd.do\/site\/\">Chambre de commerce LGBT de la R\u00e9publique dominicaine<\/a><\/p>\n\n\n\n<p><a href=\"http:\/\/fmelgbt.mx\/\">F\u00e9d\u00e9ration mexicaine des employeurs<\/a><\/p>\n\n\n\n<p><a href=\"http:\/\/www.sglcc.se\/\">Chambre de commerce des gays et lesbiennes de Scandinavie**<\/a><\/p>\n\n\n\n<p><a href=\"http:\/\/nglcc.org\/\">National Gay and Lesbian Chamber of Commerce (\u00c9tats-Unis)<\/a><\/p>\n\n\n\n<p><a href=\"https:\/\/www.outbritain.co.uk\/\">OutBritain<\/a>&nbsp;(Grande-Bretagne)<\/p>\n\n\n\n<p><a href=\"https:\/\/www.outbritain.co.uk\/\">OutScotland<\/a>&nbsp;(\u00c9cosse)<\/p>\n<\/div>\n<\/div>\n\n\n\n<div class=\"wp-block-group alignwide is-layout-flow wp-block-group-is-layout-flow\">\n<p>* Les pays membres sont, sans s\u2019y limiter: Albanie, L\u2019Autriche, la Bosnie, Bulgarie, Croatie, R\u00e9publique tch\u00e8que, Hongrie, Kosovo, Mac\u00e9doine, Pologne, Roumanie, Russie, Serbie, Slovaquie, la Slov\u00e9nie, Ukraine<\/p>\n\n\n\n<p>** Les pays membres sont, sans s\u2019y limiter: Danemark, Finlande, Norv\u00e8ge et Su\u00e8de.<\/p>\n<\/div>\n\n\n\n<div class=\"wp-block-media-text is-stacked-on-mobile\" style=\"grid-template-columns:15% auto\"><figure class=\"wp-block-media-text__media\"><img decoding=\"async\" src=\"https:\/\/queerchamber.ca\/wp-content\/uploads\/sites\/2\/2025\/02\/edc.png\" alt=\"\" class=\"wp-image-59343 size-full\" \/><\/figure><div class=\"wp-block-media-text__content\">\n<p>Nous remercions&nbsp;<strong>Exportation et d\u00e9veloppement Canada (EDC)<\/strong>, notre partenaire du Programme mondial.<\/p>\n<\/div><\/div>\n\n\n\n<p><\/p>\n","protected":false},"excerpt":{"rendered":"<p>Global The world\u2019s first government-led international trade mission for 2SLGBTQI+ businesses. We\u2019re proud to work alongside the Canadian Government to drive inclusive, international development that opens doors for&nbsp;2SLGBTQI+ businesses and entrepreneurs&nbsp;worldwide. By uniting Canada\u2019s extensive reach in global markets with our commitment to supporting&nbsp;Canadian businesses, we can offer tailored capacity-building programs, mentorship opportunities, and access to vital trade networks. Together, we identify growth sectors, facilitate cross-border partnerships, and help these innovators navigate the complexities of exporting into new regions. This collaboration ensures they have the knowledge, resources, and support needed to flourish in an increasingly interconnected global economy. Global Program [&hellip;]<\/p>\n","protected":false},"author":1,"featured_media":0,"parent":0,"menu_order":0,"comment_status":"closed","ping_status":"closed","template":"","meta":{"_acf_changed":false,"_tec_requires_first_save":true,"_trash_the_other_posts":false,"advanced_seo_description":"Our Global Initiatives connect Canadian 2SLGBTQI+ businesses to international opportunities. Find trade missions, resources & support for global expansion","jetpack_seo_html_title":"Global | Canada's 2SLGBTQI+ Chamber of Commerce | CCQC","jetpack_seo_noindex":false,"_EventAllDay":false,"_EventTimezone":"","_EventStartDate":"","_EventEndDate":"","_EventStartDateUTC":"","_EventEndDateUTC":"","_EventShowMap":false,"_EventShowMapLink":false,"_EventURL":"","_EventCost":"","_EventCostDescription":"","_EventCurrencySymbol":"","_EventCurrencyCode":"","_EventCurrencyPosition":"","_EventDateTimeSeparator":"","_EventTimeRangeSeparator":"","_EventOrganizerID":[],"_EventVenueID":[],"_OrganizerEmail":"","_OrganizerPhone":"","_OrganizerWebsite":"","_VenueAddress":"","_VenueCity":"","_VenueCountry":"","_VenueProvince":"","_VenueState":"","_VenueZip":"","_VenuePhone":"","_VenueURL":"","_VenueStateProvince":"","_VenueLat":"","_VenueLng":"","_VenueShowMap":false,"_VenueShowMapLink":false,"_price":"","_stock":"","_tribe_ticket_header":"","_tribe_default_ticket_provider":"","_tribe_ticket_capacity":"","_ticket_start_date":"","_ticket_end_date":"","_tribe_ticket_show_description":"","_tribe_ticket_show_not_going":false,"_tribe_ticket_use_global_stock":"","_tribe_ticket_global_stock_level":"","_global_stock_mode":"","_global_stock_cap":"","_tribe_rsvp_for_event":"","_tribe_ticket_going_count":"","_tribe_ticket_not_going_count":"","_tribe_tickets_list":"[]","_tribe_ticket_has_attendee_info_fields":false,"_tribe_blocks_recurrence_rules":"","_tribe_blocks_recurrence_description":"","_tribe_blocks_recurrence_exclusions":"","editor_notices":[],"footnotes":"","_tec_slr_enabled":"","_tec_slr_layout":""},"class_list":["post-59641","page","type-page","status-publish","hentry"],"acf":[],"jetpack_sharing_enabled":true,"ticketed":false,"_links":{"self":[{"href":"https:\/\/queerchamber.ca\/fr\/wp-json\/wp\/v2\/pages\/59641","targetHints":{"allow":["GET"]}}],"collection":[{"href":"https:\/\/queerchamber.ca\/fr\/wp-json\/wp\/v2\/pages"}],"about":[{"href":"https:\/\/queerchamber.ca\/fr\/wp-json\/wp\/v2\/types\/page"}],"author":[{"embeddable":true,"href":"https:\/\/queerchamber.ca\/fr\/wp-json\/wp\/v2\/users\/1"}],"replies":[{"embeddable":true,"href":"https:\/\/queerchamber.ca\/fr\/wp-json\/wp\/v2\/comments?post=59641"}],"version-history":[{"count":9,"href":"https:\/\/queerchamber.ca\/fr\/wp-json\/wp\/v2\/pages\/59641\/revisions"}],"predecessor-version":[{"id":126923,"href":"https:\/\/queerchamber.ca\/fr\/wp-json\/wp\/v2\/pages\/59641\/revisions\/126923"}],"wp:attachment":[{"href":"https:\/\/queerchamber.ca\/fr\/wp-json\/wp\/v2\/media?parent=59641"}],"curies":[{"name":"wp","href":"https:\/\/api.w.org\/{rel}","templated":true}]}}