{"id":59645,"date":"2024-02-28T17:23:52","date_gmt":"2024-02-28T22:23:52","guid":{"rendered":"https:\/\/dev-cglcc-multisite.pantheonsite.io\/fr\/rainbow-registered\/"},"modified":"2026-02-19T10:30:29","modified_gmt":"2026-02-19T15:30:29","slug":"arc-en-ciel-officiel","status":"publish","type":"page","link":"https:\/\/queerchamber.ca\/fr\/arc-en-ciel-officiel\/","title":{"rendered":"Arc-en-Ciel Officiel"},"content":{"rendered":"\n<div class=\"wp-block-group alignfull has-white-color has-dark-purple-background-color has-text-color has-background has-link-color wp-elements-f6fbc5bbfe98aef8521958c16b2afff0 has-global-padding is-layout-constrained wp-block-group-is-layout-constrained\" style=\"padding-top:0;padding-bottom:var(--wp--preset--spacing--large)\">\n<div class=\"wp-block-columns is-layout-flex wp-container-core-columns-is-layout-28f84493 wp-block-columns-is-layout-flex\">\n<div class=\"wp-block-column is-vertically-aligned-center is-layout-flow wp-block-column-is-layout-flow\" style=\"flex-basis:60%\">\n<div style=\"height:70px\" aria-hidden=\"true\" class=\"wp-block-spacer\"><\/div>\n\n\n\n<h1 class=\"wp-block-heading has-xxx-large-font-size\">Arc-en-Ciel Officiel<\/h1>\n\n\n\n<p>Un programme d\u2019accr\u00e9ditation national pour les milieux favorables aux personnes 2ELGBTQI+.<\/p>\n<\/div>\n\n\n\n<div class=\"wp-block-column is-vertically-aligned-center is-layout-flow wp-block-column-is-layout-flow\" style=\"flex-basis:33.33%\">\n<figure class=\"wp-block-image alignright size-large is-style-skewed-left span-right\"><img decoding=\"async\" src=\"https:\/\/queerchamber.ca\/wp-content\/uploads\/sites\/2\/2025\/10\/Rainbow-Registered-960x640.jpeg\" alt=\"\" class=\"wp-image-65768\" style=\"object-fit:cover\" \/><\/figure>\n<\/div>\n<\/div>\n\n\n\n<div style=\"height:30px\" aria-hidden=\"true\" class=\"wp-block-spacer\"><\/div>\n<\/div>\n\n\n\n<p>Acc\u00e9der :&nbsp;<a href=\"https:\/\/queerchamber.ca\/fr\/southern-ontario-tourism-project\/\">Projet de tourisme dans le sud de l&#8217;Ontario<\/a>&nbsp;|&nbsp;<a href=\"https:\/\/queerchamber.ca\/fr\/atlantic-canadian-tourism-hospitality\/\">Projet de tourisme de l&#8217;Atlantique<\/a>&nbsp;|&nbsp;<a href=\"https:\/\/queerchamber.ca\/fr\/2slgbtqi-tourism-project-northern-ontario\/\">Projet de tourisme dans le nord de l&#8217;Ontario<\/a><\/p>\n\n\n\n<div style=\"height:40px\" aria-hidden=\"true\" class=\"wp-block-spacer\"><\/div>\n\n\n\n<div class=\"wp-block-columns alignwide is-layout-flex wp-container-core-columns-is-layout-5016e1a0 wp-block-columns-is-layout-flex\">\n<div class=\"wp-block-column is-layout-flow wp-block-column-is-layout-flow\" style=\"flex-basis:66.66%\">\n<hr class=\"wp-block-separator has-text-color has-black-color has-alpha-channel-opacity has-black-background-color has-background\" \/>\n\n\n\n<h2 class=\"wp-block-heading\"><strong>Programme d\u2019accr\u00e9ditation Arc-en-ciel Officiel pour les milieux favorables aux personnes 2ELGBTQI+<\/strong><\/h2>\n\n\n\n<p>Non seulement l&#8217;adoption de politiques favorables \u00e0 2ELGBTQI+ dans votre entreprise est une bonne chose, mais c&#8217;est aussi une bonne chose pour les affaires. C&#8217;est pourquoi la Chambre de commerce du Canada 2ELGBTQI+ (la CCQC) et Tourisme RH Canada ont collabor\u00e9 pour lancer le programme d&#8217;accr\u00e9ditation Arc-en-Ciel Officiel pour les entreprises et organisations respectueuses de 2ELGBTQI+ au Canada &#8211;&nbsp;<strong>quel que soit leur secteur d&#8217;activit\u00e9 ou leur taille<\/strong>.<\/p>\n\n\n\n<p>Faites d\u00e9filer l&#8217;\u00e9cran vers le bas pour prendre connaissance de la proc\u00e9dure d&#8217;accr\u00e9ditation et pour poser votre candidature.<\/p>\n\n\n\n<p><\/p>\n<\/div>\n\n\n\n<div class=\"wp-block-column is-layout-flow wp-block-column-is-layout-flow\" style=\"flex-basis:33.33%\">\n<hr class=\"wp-block-separator has-text-color has-black-color has-alpha-channel-opacity has-black-background-color has-background\" \/>\n\n\n\n<figure class=\"wp-block-image aligncenter size-full is-resized is-style-default\"><img decoding=\"async\" src=\"https:\/\/queerchamber.ca\/wp-content\/uploads\/sites\/2\/2024\/02\/BlackLogoHorizontal-RainbowRegistered.webp\" alt=\"\" class=\"wp-image-16602\" style=\"width:357px;height:auto\" \/><\/figure>\n<\/div>\n<\/div>\n\n\n\n<div class=\"wp-block-columns alignwide is-layout-flex wp-container-core-columns-is-layout-5016e1a0 wp-block-columns-is-layout-flex\">\n<div class=\"wp-block-column is-layout-flow wp-block-column-is-layout-flow\" style=\"flex-basis:66.66%\">\n<hr class=\"wp-block-separator has-text-color has-black-color has-alpha-channel-opacity has-black-background-color has-background\" \/>\n\n\n\n<h3 class=\"wp-block-heading\"><strong>Que signifie la d\u00e9signation Arc-en-ciel Officiel ?<\/strong><\/h3>\n\n\n\n<p>Arc-en-Ciel Officiel est une&nbsp;<strong>accr\u00e9ditation nationale pour les entreprises<\/strong>&nbsp;et les organisations&nbsp;<strong>favorables \u00e0 2ELGBTQI+<\/strong>. Lorsque vous voyez le symbole Arc-en-Ciel Officiel, vous savez que l&#8217;entreprise ou l&#8217;organisation r\u00e9pond \u00e0 un ensemble de normes strictes visant \u00e0 garantir que les clients 2ELGBTQI+ se sentent mieux accueillis et accept\u00e9s.<\/p>\n\n\n\n<p>Le programme d&#8217;accr\u00e9ditation accorde&nbsp;<strong>une reconnaissance limit\u00e9e dans le temps<\/strong>&nbsp;aux entreprises et aux organisations qui d\u00e9montrent qu&#8217;elles respectent la norme de qualit\u00e9. Les entreprises accr\u00e9dit\u00e9es sont consid\u00e9r\u00e9es comme pr\u00eates pour le march\u00e9 du client 2ELGBTQI+ et ont le droit d&#8217;\u00eatre associ\u00e9es \u00e0 la prestigieuse d\u00e9signation du programme Arc-en-Ciel Officiel .<\/p>\n\n\n\n<p><\/p>\n\n\n\n<hr class=\"wp-block-separator has-text-color has-black-color has-alpha-channel-opacity has-black-background-color has-background\" \/>\n<\/div>\n\n\n\n<div class=\"wp-block-column is-layout-flow wp-block-column-is-layout-flow\" style=\"flex-basis:33.33%\">\n<hr class=\"wp-block-separator has-text-color has-black-color has-alpha-channel-opacity has-black-background-color has-background\" \/>\n\n\n\n<h3 class=\"wp-block-heading\">Trouver des entreprises Arc-en-Ciel Officiel pr\u00e8s de chez vous<\/h3>\n\n\n\n<p>Ces entreprises et organisations d\u00e9montrent qu&#8217;elles sont coh\u00e9rentes dans leurs efforts et qu&#8217;elles s&#8217;engagent \u00e0 offrir \u00e0 leurs clients et \u00e0 leur personnel une exp\u00e9rience plus accueillante et plus acceptante sur le site 2ELGBTQI+ .<\/p>\n\n\n\n<div class=\"wp-block-buttons is-layout-flex wp-block-buttons-is-layout-flex\">\n<div class=\"wp-block-button is-style-rounded-pill-large\"><a class=\"wp-block-button__link wp-element-button\" href=\"https:\/\/rainbowregistered.com\/fr\/find-a-business\/\" target=\"_blank\" rel=\"noreferrer noopener\">Voir les entreprises accr\u00e9dit\u00e9es<\/a><\/div>\n<\/div>\n<\/div>\n<\/div>\n\n\n\n<figure class=\"wp-block-pullquote has-text-align-center has-primary-color has-text-color has-link-color wp-elements-d113a8c012fde51f69d373a493ac17b1\"><blockquote><p><strong>Comment l&#8217;accr\u00e9ditation de Arc-en-Ciel Officiel \u00e9l\u00e8ve votre entreprise<\/strong><\/p><cite>D\u00e9montrez votre engagement \u00e0 cr\u00e9er des espaces plus inclusifs pour vos clients, vos visiteurs et votre personnel en devenant Arc-en-Ciel Officiel. Vous obtiendrez une reconnaissance nationale en tant qu&#8217;entreprise accueillante, vous gagnerez la confiance de la communaut\u00e9 2ELGBTQI+ et vous aurez acc\u00e8s \u00e0 des ressources pour vous aider dans votre d\u00e9marche d&#8217;inclusion. En outre, am\u00e9liorez votre culture interne en favorisant un lieu de travail qui valorise la diversit\u00e9, l&#8217;\u00e9quit\u00e9 et l&#8217;inclusion.<\/cite><\/blockquote><\/figure>\n\n\n\n<hr class=\"wp-block-separator has-alpha-channel-opacity\" \/>\n\n\n\n<div class=\"wp-block-group alignwide is-layout-flow wp-block-group-is-layout-flow\">\n<h2 class=\"wp-block-heading alignwide\" id=\"we-re-a-studio-in-berlin-with-an-international-practice-in-architecture-urban-planning-and-interior-design-we-believe-in-sharing-knowledge-and-promoting-dialogue-to-increase-the-creative-potential-of-collaboration\" style=\"font-size:clamp(27.894px, 1.743rem + ((1vw - 3.2px) * 1.795), 48px);line-height:1.1\"><strong>Les avantages de l&#8217;accr\u00e9ditation<\/strong><\/h2>\n\n\n\n<div class=\"wp-block-columns is-layout-flex wp-container-core-columns-is-layout-28f84493 wp-block-columns-is-layout-flex\">\n<div class=\"wp-block-column is-layout-flow wp-block-column-is-layout-flow\">\n<figure class=\"wp-block-image size-full is-resized\"><img decoding=\"async\" src=\"https:\/\/queerchamber.ca\/wp-content\/uploads\/sites\/2\/2024\/02\/Advocacy-e1651185364929.webp\" alt=\"\" class=\"wp-image-16552\" style=\"width:auto;height:120px\" \/><\/figure>\n\n\n\n<h2 class=\"wp-block-heading\">Renforcez votre lien avec la base de clients 2ELGBTQI+<\/h2>\n\n\n\n<p>En plus de b\u00e9n\u00e9ficier de lignes directrices qui fournissent des informations et des conseils pour que les clients de 2ELGBTQI+ se sentent bien accueillis et accept\u00e9s, les entreprises accr\u00e9dit\u00e9es seront en mesure de se pr\u00e9senter et de se commercialiser comme des destinations pour le march\u00e9 2ELGBTQI+. <\/p>\n<\/div>\n\n\n\n<div class=\"wp-block-column is-layout-flow wp-block-column-is-layout-flow\">\n<figure class=\"wp-block-image size-full is-resized\"><img decoding=\"async\" src=\"https:\/\/queerchamber.ca\/wp-content\/uploads\/sites\/2\/2024\/02\/Artboard-1_4.webp\" alt=\"\" class=\"wp-image-16601\" style=\"width:auto;height:120px\" \/><\/figure>\n\n\n\n<h2 class=\"wp-block-heading\">Liste d&#8217;entreprises dans l&#8217;annuaire Arc-en-Ciel Officiel<\/h2>\n\n\n\n<p>Les entreprises accr\u00e9dit\u00e9es seront r\u00e9pertori\u00e9es sur le&nbsp;<a href=\"http:\/\/rainbowregistered.ca\/\" target=\"_blank\" rel=\"noreferrer noopener\">site web Arc-en-Ciel Officiel&nbsp;<\/a>&#8211; le r\u00e9pertoire national des entreprises accr\u00e9dit\u00e9es en tant que &#8221; 2ELGBTQI+ friendly&#8221; &#8211; et auront la possibilit\u00e9 d&#8217;utiliser le logo Arc-en-Ciel Officiel dans leur mat\u00e9riel de marketing et dans leur entreprise ou leur vitrine.<\/p>\n<\/div>\n\n\n\n<div class=\"wp-block-column is-layout-flow wp-block-column-is-layout-flow\">\n<figure class=\"wp-block-image size-full is-resized\"><img decoding=\"async\" src=\"https:\/\/queerchamber.ca\/wp-content\/uploads\/sites\/2\/2024\/02\/Artboard-1_2.webp\" alt=\"\" class=\"wp-image-16603\" style=\"width:auto;height:120px\" \/><\/figure>\n\n\n\n<h2 class=\"wp-block-heading\">Avantages suppl\u00e9mentaires<\/h2>\n\n\n\n<ul class=\"wp-block-list\">\n<li>Arc-en-Ciel Officiel Kit de bienvenue (autocollant de fen\u00eatre, carte d&#8217;information)<\/li>\n\n\n\n<li>Acc\u00e8s aux avantages des membres associ\u00e9s de la CCQC<\/li>\n\n\n\n<li>Invitations \u00e0 des \u00e9v\u00e9nements exclusifs et \u00e0 des possibilit\u00e9s de mise en r\u00e9seau<\/li>\n\n\n\n<li>Soutien promotionnel par le biais des canaux Arc-en-Ciel et CCQC<\/li>\n<\/ul>\n<\/div>\n<\/div>\n\n\n\n<hr class=\"wp-block-separator has-alpha-channel-opacity\" \/>\n<\/div>\n\n\n\n<div class=\"wp-block-group alignwide is-layout-flow wp-block-group-is-layout-flow\">\n<hr class=\"wp-block-separator has-alpha-channel-opacity\" \/>\n\n\n\n<hr class=\"wp-block-separator has-alpha-channel-opacity\" \/>\n\n\n\n<h3 class=\"wp-block-heading alignwide\" id=\"we-re-a-studio-in-berlin-with-an-international-practice-in-architecture-urban-planning-and-interior-design-we-believe-in-sharing-knowledge-and-promoting-dialogue-to-increase-the-creative-potential-of-collaboration\" style=\"font-size:clamp(27.894px, 1.743rem + ((1vw - 3.2px) * 1.795), 48px);line-height:1.1\">Processus d&#8217;accr\u00e9ditation (cliquez sur chaque section pour la d\u00e9velopper)<\/h3>\n\n\n<div class=\"accordion-stack\" >\n\n\t\t\t\t\t\t\t\t\t\t\t\t\t\t\n            \n            <div class=\"accordion-details accordion-item-1\" data-open=\"false\" >\n                <div class=\"accordion-summary\" id=\"summary-accordion-item-1\" aria-controls=\"content-accordion-item-1\" aria-expanded=\"false\" tabindex=\"0\">\n                    <div class=\"accordion-title\" >\u00c9tape 1 : Examiner les exigences du programme<\/div>\n                    <div class=\"accordion-toggle\"><\/div>\n                <\/div><!-- .accordion-summary -->\n                <div class=\"accordion-content\" id=\"content-accordion-item-1\" aria-labelledby=\"summary-accordion-item-1\" >\n                    <div >\n\t\t\t\t\t\t<div class=\"row__text\">\n<p>Veuillez prendre quelques instants pour vous familiariser avec le\u00a0<a href=\"https:\/\/canadaglcc.sharepoint.com\/:b:\/s\/externalsharing\/IQBNy30s3V3ZSpKy7XOdem9TAUsw7k4pdGSet64c6zgkCHg?e=lcKuNB\" target=\"_blank\" rel=\"noopener\">guide de candidature au programme, \u00e9tape par \u00e9tape.<\/a><\/p>\n<p><strong>L&#8217;introduction d&#8217;une demande pour devenir Arc-en-Ciel Officiel ne donne pas automatiquement l&#8217;accr\u00e9ditation.<\/strong>\u00a0Une fois l&#8217;\u00e9valuation finalis\u00e9e, vous serez inform\u00e9 de la d\u00e9cision.<\/p>\n<\/div>\n<p class=\"p1\"><strong>Grandes entreprises et soci\u00e9t\u00e9s ayant plusieurs emplacements<\/strong> : veuillez nous contacter par courriel \u00e0 <a href=\"mailto:rainbowregistered@queerchamber.ca\">rainbowregistered@queerchamber.ca<\/a> avant de postuler afin de discuter de la structure de votre entreprise et de d\u00e9terminer l\u2019approche la plus appropri\u00e9e.<\/p>\n                    <\/div>\n\n                                    <\/div><!-- .accordion-content -->\n            <\/div><!-- .accordion-details -->\n\n\t\t\t\t\t\t\t\t\t\t\t\t\t\t\n            \n            <div class=\"accordion-details accordion-item-2\" data-open=\"false\" >\n                <div class=\"accordion-summary\" id=\"summary-accordion-item-2\" aria-controls=\"content-accordion-item-2\" aria-expanded=\"false\" tabindex=\"0\">\n                    <div class=\"accordion-title\" >\u00c9tape 2 : Commencez votre demande<\/div>\n                    <div class=\"accordion-toggle\"><\/div>\n                <\/div><!-- .accordion-summary -->\n                <div class=\"accordion-content\" id=\"content-accordion-item-2\" aria-labelledby=\"summary-accordion-item-2\" >\n                    <div >\n\t\t\t\t\t\t<p>Commencez la proc\u00e9dure ci-dessous dans la section &#8220;<em>Postuler maintenant<\/em>&#8221; en s\u00e9lectionnant la taille de votre entreprise\/organisation. Toutes les informations fournies sont confidentielles et les candidats recevront une notification confirmant la r\u00e9ception de leur formulaire de candidature et de leur paiement.<\/p>\n<p>Noter :<\/p>\n<ul>\n<li>Tous les frais de dossier ne sont pas remboursables.<\/li>\n<li>Les frais sont bas\u00e9s sur une seule \u00e9valuation fonci\u00e8re \/ commerciale. Les emplacements suppl\u00e9mentaires devront payer des frais de participation et n\u00e9cessiteront l\u2019approbation d\u2019un \u00e9valuateur.<\/li>\n<li>L&#8217;<strong>accr\u00e9ditation est valable pour une dur\u00e9e maximale de trois (3) ans<\/strong>\u00a0et une cotisation annuelle est automatiquement d\u00e9bit\u00e9e de la carte de cr\u00e9dit figurant dans le dossier. Une \u00e9valuation de r\u00e9accr\u00e9ditation doit ensuite \u00eatre effectu\u00e9e tous les trois ans pour maintenir votre statut dans le programme.<\/li>\n<li>Si vous disposez d&#8217;un coupon ou d&#8217;un code promotionnel, vous pouvez le saisir dans la section &#8220;<u>Vous avez un coupon ?<\/u>&#8221; de l&#8217;application, juste au-dessus de la section &#8220;Informations sur la carte de cr\u00e9dit&#8221;.<\/li>\n<\/ul>\n                    <\/div>\n\n                                    <\/div><!-- .accordion-content -->\n            <\/div><!-- .accordion-details -->\n\n\t\t\t\t\t\t\t\t\t\t\t\t\t\t\n            \n            <div class=\"accordion-details accordion-item-3\" data-open=\"false\" >\n                <div class=\"accordion-summary\" id=\"summary-accordion-item-3\" aria-controls=\"content-accordion-item-3\" aria-expanded=\"false\" tabindex=\"0\">\n                    <div class=\"accordion-title\" >\u00c9tape 3 : Phase d&#8217;\u00e9valuation<\/div>\n                    <div class=\"accordion-toggle\"><\/div>\n                <\/div><!-- .accordion-summary -->\n                <div class=\"accordion-content\" id=\"content-accordion-item-3\" aria-labelledby=\"summary-accordion-item-3\" >\n                    <div >\n\t\t\t\t\t\t<p>Une fois votre inscription termin\u00e9e, vous recevrez une invitation \u00e0 acc\u00e9der \u00e0 la plateforme de candidature pour soumettre vos preuves. Une fois l&#8217;op\u00e9ration termin\u00e9e, un \u00e9valuateur sera affect\u00e9 \u00e0 votre dossier et prendra contact avec vous.<\/p>\n<p>L&#8217;<strong>\u00a0\u00e9valuation doit \u00eatre r\u00e9alis\u00e9e dans un d\u00e9lai d&#8217;un (1) an \u00e0 compter de l&#8217;introduction de la demande<\/strong>. Si ce d\u00e9lai est d\u00e9pass\u00e9, votre demande sera consid\u00e9r\u00e9e comme abandonn\u00e9e et vous devrez soumettre une nouvelle demande et un nouveau paiement pour une nouvelle \u00e9valuation.<\/p>\n                    <\/div>\n\n                                    <\/div><!-- .accordion-content -->\n            <\/div><!-- .accordion-details -->\n\n\t\t\t\t\t\t\t\t\t\t\t\t\t\t\n            \n            <div class=\"accordion-details accordion-item-4\" data-open=\"false\" >\n                <div class=\"accordion-summary\" id=\"summary-accordion-item-4\" aria-controls=\"content-accordion-item-4\" aria-expanded=\"false\" tabindex=\"0\">\n                    <div class=\"accordion-title\" >\u00c9tape 4 : Rapport finalis\u00e9 et prochaines \u00e9tapes<\/div>\n                    <div class=\"accordion-toggle\"><\/div>\n                <\/div><!-- .accordion-summary -->\n                <div class=\"accordion-content\" id=\"content-accordion-item-4\" aria-labelledby=\"summary-accordion-item-4\" >\n                    <div >\n\t\t\t\t\t\t<p class=\"p1\">La CCQC informera les candidats de la d\u00e9cision et leur indiquera les prochaines \u00e9tapes. Les candidats retenus qui satisfont aux exigences du programme d&#8217;accr\u00e9ditation Arc-en-Ciel Officiel recevront un courriel contenant leur rapport d&#8217;\u00e9valuation finalis\u00e9 pour examen et conservation.<\/p>\n<p class=\"p1\">Les candidats qui ne satisfont pas aux normes d&#8217;accr\u00e9ditation recevront un rapport contenant des commentaires sur les lacunes \u00e9ventuelles, ainsi que des recommandations d&#8217;am\u00e9lioration. Ils auront jusqu&#8217;\u00e0 un an pour combler ces lacunes et se soumettre \u00e0 une r\u00e9\u00e9valuation s&#8217;ils le souhaitent.<\/p>\n                    <\/div>\n\n                                    <\/div><!-- .accordion-content -->\n            <\/div><!-- .accordion-details -->\n\n\t\t\t\t\t\t\n<\/div><!-- .accordion-stack -->\n\n\n\n<hr class=\"wp-block-separator has-alpha-channel-opacity\" \/>\n\n\n\n<hr class=\"wp-block-separator has-alpha-channel-opacity\" \/>\n\n\n\n<h2 class=\"wp-block-heading alignwide\" id=\"we-re-a-studio-in-berlin-with-an-international-practice-in-architecture-urban-planning-and-interior-design-we-believe-in-sharing-knowledge-and-promoting-dialogue-to-increase-the-creative-potential-of-collaboration\" style=\"font-size:clamp(27.894px, 1.743rem + ((1vw - 3.2px) * 1.795), 48px);line-height:1.1\"><strong><mark class=\"has-inline-color has-dark-red-color\"><strong><mark>Postuler<\/mark><\/strong><\/mark><\/strong><\/h2>\n\n\n\n<p>Pour les demandes des grandes entreprises (grandes soci\u00e9t\u00e9s ou entreprises avec plusieurs emplacements), veuillez nous contacter ou prendre rendez-vous.<\/p>\n\n\n\n<div class=\"wp-block-buttons is-layout-flex wp-block-buttons-is-layout-flex\">\n<div class=\"wp-block-button is-style-arrow-right\"><a class=\"wp-block-button__link wp-element-button\" href=\"https:\/\/outlook.office.com\/book\/MeetwithRainbowRegistered@queerchamber.ca\/?ismsaljsauthenabled\">Prendre rendez-vous<\/a><\/div>\n<\/div>\n\n\n\n<p>Pour conna\u00eetre les frais applicables et commencer votre demande,<strong>&nbsp;s\u00e9lectionnez la taille de votre entreprise<\/strong>&nbsp;(en fonction de l&#8217;\u00e9quivalent temps plein) dans les options ci-dessous :<\/p>\n\n\n\n\n\n<hr class=\"wp-block-separator has-alpha-channel-opacity\" \/>\n\n\n\n<hr class=\"wp-block-separator has-alpha-channel-opacity\" \/>\n\n\n\n<hr class=\"wp-block-separator has-text-color has-jet-color has-alpha-channel-opacity has-jet-background-color has-background\" \/>\n\n\n\n<div class=\"wp-block-columns is-layout-flex wp-container-core-columns-is-layout-28f84493 wp-block-columns-is-layout-flex\">\n<div class=\"wp-block-column is-layout-flow wp-block-column-is-layout-flow\" style=\"flex-basis:66.66%\">\n<figure class=\"wp-block-embed is-type-video is-provider-youtube wp-block-embed-youtube wp-embed-aspect-16-9 wp-has-aspect-ratio\"><div class=\"wp-block-embed__wrapper\">\n<iframe loading=\"lazy\" title=\"Where to Find Accredited #2SLGBTQI+ Friendly Spaces in Canada? - Rainbow Registered (ON)\" width=\"500\" height=\"281\" src=\"https:\/\/www.youtube.com\/embed\/uZRVJHC48nM?feature=oembed\" frameborder=\"0\" allow=\"accelerometer; autoplay; clipboard-write; encrypted-media; gyroscope; picture-in-picture; web-share\" referrerpolicy=\"strict-origin-when-cross-origin\" allowfullscreen><\/iframe>\n<\/div><\/figure>\n<\/div>\n\n\n\n<div class=\"wp-block-column is-layout-flow wp-block-column-is-layout-flow\" style=\"flex-basis:33.33%\">\n<div style=\"height:100px\" aria-hidden=\"true\" class=\"wp-block-spacer\"><\/div>\n\n\n\n<figure class=\"wp-block-image aligncenter size-large is-resized is-style-default\" style=\"margin-top:0;margin-bottom:0\"><a href=\"https:\/\/discoverhalifaxns.com\/things-to-do\/top10\/\"><img decoding=\"async\" src=\"https:\/\/queerchamber.ca\/wp-content\/uploads\/2025\/01\/Top-10-2025-Badge-Black-White-960x947.png\" alt=\"\" class=\"wp-image-58589\" style=\"width:300px\" \/><\/a><\/figure>\n<\/div>\n<\/div>\n\n\n\n<div style=\"height:23px\" aria-hidden=\"true\" class=\"wp-block-spacer\"><\/div>\n\n\n\n<hr class=\"wp-block-separator has-text-color has-jet-color has-alpha-channel-opacity has-jet-background-color has-background\" \/>\n\n\n\n<p><\/p>\n\n\n\n<figure class=\"wp-block-image size-full\"><img decoding=\"async\" src=\"https:\/\/queerchamber.ca\/wp-content\/uploads\/sites\/2\/2024\/02\/New_FDO_FundingLine_horizontal_BIL-EN.webp\" alt=\"\" class=\"wp-image-16816\" \/><\/figure>\n<\/div>\n\n\n\n<div style=\"height:100px\" aria-hidden=\"true\" class=\"wp-block-spacer\"><\/div>\n\n\n\n<p><\/p>\n","protected":false},"excerpt":{"rendered":"<p>Rainbow Registered A national accreditation for 2SLGBTQI+ friendly businesses and organizations. Rainbow Registered Accreditation Program for 2SLGBTQI+ Friendly Spaces Not only is having 2SLGBTQI+ friendly policies in your company the right thing to do \u2013 it\u2019s also good for business. That\u2019s why Canada\u2019s 2SLGBTQI+ Chamber of Commerce (CQCC) with Tourism HR Canada, have collaborated to initiate the Rainbow Registered Accreditation Program for 2SLGBTQI+ friendly businesses and organizations in Canada &#8211; regardless of the industry or size. Scroll down to review the accreditation process and to apply. What Does it Mean to be Rainbow Registered? Rainbow Registered is a national accreditation [&hellip;]<\/p>\n","protected":false},"author":1,"featured_media":0,"parent":0,"menu_order":0,"comment_status":"closed","ping_status":"closed","template":"","meta":{"_acf_changed":false,"_tec_requires_first_save":true,"_trash_the_other_posts":false,"advanced_seo_description":"In order to better serve the 2SLGBTQI+ community, we've partnered with Tourism HR Canada to introduce the Rainbow Registered Accreditation Program.","jetpack_seo_html_title":"Rainbow Registered | Canada's 2SLGBTQI+ Chamber of Commerce","jetpack_seo_noindex":false,"_EventAllDay":false,"_EventTimezone":"","_EventStartDate":"","_EventEndDate":"","_EventStartDateUTC":"","_EventEndDateUTC":"","_EventShowMap":false,"_EventShowMapLink":false,"_EventURL":"","_EventCost":"","_EventCostDescription":"","_EventCurrencySymbol":"","_EventCurrencyCode":"","_EventCurrencyPosition":"","_EventDateTimeSeparator":"","_EventTimeRangeSeparator":"","_EventOrganizerID":[],"_EventVenueID":[],"_OrganizerEmail":"","_OrganizerPhone":"","_OrganizerWebsite":"","_VenueAddress":"","_VenueCity":"","_VenueCountry":"","_VenueProvince":"","_VenueState":"","_VenueZip":"","_VenuePhone":"","_VenueURL":"","_VenueStateProvince":"","_VenueLat":"","_VenueLng":"","_VenueShowMap":false,"_VenueShowMapLink":false,"_price":"","_stock":"","_tribe_ticket_header":"","_tribe_default_ticket_provider":"","_ticket_start_date":"","_ticket_end_date":"","_tribe_ticket_show_description":"","_tribe_ticket_show_not_going":false,"_tribe_ticket_use_global_stock":"","_tribe_ticket_global_stock_level":"","_global_stock_mode":"","_global_stock_cap":"","_tribe_rsvp_for_event":"","_tribe_ticket_going_count":"","_tribe_ticket_not_going_count":"","_tribe_tickets_list":"[]","_tribe_ticket_has_attendee_info_fields":false,"_tribe_blocks_recurrence_rules":"","_tribe_blocks_recurrence_description":"","_tribe_blocks_recurrence_exclusions":"","editor_notices":[],"footnotes":"","_tec_slr_enabled":"","_tec_slr_layout":""},"class_list":["post-59645","page","type-page","status-publish","hentry"],"acf":[],"jetpack_sharing_enabled":true,"ticketed":false,"_links":{"self":[{"href":"https:\/\/queerchamber.ca\/fr\/wp-json\/wp\/v2\/pages\/59645","targetHints":{"allow":["GET"]}}],"collection":[{"href":"https:\/\/queerchamber.ca\/fr\/wp-json\/wp\/v2\/pages"}],"about":[{"href":"https:\/\/queerchamber.ca\/fr\/wp-json\/wp\/v2\/types\/page"}],"author":[{"embeddable":true,"href":"https:\/\/queerchamber.ca\/fr\/wp-json\/wp\/v2\/users\/1"}],"replies":[{"embeddable":true,"href":"https:\/\/queerchamber.ca\/fr\/wp-json\/wp\/v2\/comments?post=59645"}],"version-history":[{"count":16,"href":"https:\/\/queerchamber.ca\/fr\/wp-json\/wp\/v2\/pages\/59645\/revisions"}],"predecessor-version":[{"id":127045,"href":"https:\/\/queerchamber.ca\/fr\/wp-json\/wp\/v2\/pages\/59645\/revisions\/127045"}],"wp:attachment":[{"href":"https:\/\/queerchamber.ca\/fr\/wp-json\/wp\/v2\/media?parent=59645"}],"curies":[{"name":"wp","href":"https:\/\/api.w.org\/{rel}","templated":true}]}}