{"id":59651,"date":"2024-02-28T16:31:27","date_gmt":"2024-02-28T21:31:27","guid":{"rendered":"https:\/\/dev-cglcc-multisite.pantheonsite.io\/fr\/get-involved\/"},"modified":"2025-10-24T14:38:58","modified_gmt":"2025-10-24T18:38:58","slug":"participez","status":"publish","type":"page","link":"https:\/\/queerchamber.ca\/fr\/participez\/","title":{"rendered":"Participez"},"content":{"rendered":"\n<div class=\"wp-block-group alignfull has-light-purple-background-color has-background has-global-padding is-layout-constrained wp-block-group-is-layout-constrained\" style=\"padding-top:0;padding-bottom:var(--wp--preset--spacing--large)\">\n<div class=\"wp-block-columns is-layout-flex wp-container-core-columns-is-layout-28f84493 wp-block-columns-is-layout-flex\">\n<div class=\"wp-block-column is-vertically-aligned-center is-layout-flow wp-block-column-is-layout-flow\" style=\"flex-basis:60%\">\n<div style=\"height:70px\" aria-hidden=\"true\" class=\"wp-block-spacer\"><\/div>\n\n\n\n<h1 class=\"wp-block-heading has-xxx-large-font-size\">Impliquez-vous<\/h1>\n<\/div>\n<\/div>\n\n\n\n<div style=\"height:30px\" aria-hidden=\"true\" class=\"wp-block-spacer\"><\/div>\n<\/div>\n\n\n\n<div style=\"height:60px\" aria-hidden=\"true\" class=\"wp-block-spacer\"><\/div>\n\n\n\n<div class=\"wp-block-group alignwide is-layout-flow wp-block-group-is-layout-flow\">\n<div class=\"wp-block-group has-global-padding is-content-justification-left is-layout-constrained wp-container-core-group-is-layout-12dd3699 wp-block-group-is-layout-constrained\">\n<div class=\"wp-block-columns alignwide is-layout-flex wp-container-core-columns-is-layout-28f84493 wp-block-columns-is-layout-flex\">\n<div class=\"wp-block-column is-layout-flow wp-block-column-is-layout-flow\" style=\"flex-basis:66%\">\n<hr class=\"wp-block-separator has-text-color has-jet-color has-alpha-channel-opacity has-jet-background-color has-background\" \/>\n\n\n\n<h2 class=\"wp-block-heading\">Soutenez le CQCC et le travail que nous faisons pour aider la communaut\u00e9 d\u2019affaires 2ELGBTQI+ du Canada<\/h2>\n\n\n\n<p>En tant qu\u2019organisme national \u00e0 but non lucratif, le CQCC utilise les contributions financi\u00e8res par le biais de l\u2019adh\u00e9sion et de la commandite pour autonomiser \u00e9conomiquement la communaut\u00e9 d\u2019affaires 2ELGBTQI+ du Canada. Votre implication nous aide \u00e0 faire progresser nos offres d\u2019\u00e9ducation et de renforcement des capacit\u00e9s\u00a0; renforcer les r\u00e9seaux et les liens\u00a0; cr\u00e9er des opportunit\u00e9s d\u2019affaires\u00a0; et offrir du mentorat aux jeunes entrepreneurs 2ELGBTQI+.<\/p>\n\n\n\n<p>En collaboration avec nos partenaires priv\u00e9s et publics, ainsi qu\u2019avec des particuliers, nous fournissons les ressources dont les entreprises et les entrepreneurs 2ELGBTQI+ ont besoin pour cro\u00eetre et prosp\u00e9rer.<\/p>\n\n\n\n<p><strong>Il existe de nombreuses fa\u00e7ons de soutenir notre travail :<\/strong><\/p>\n\n\n\n<div style=\"height:24px\" aria-hidden=\"true\" class=\"wp-block-spacer\"><\/div>\n\n\n\n<hr class=\"wp-block-separator has-text-color has-jet-color has-alpha-channel-opacity has-jet-background-color has-background\" \/>\n<\/div>\n\n\n\n<div class=\"wp-block-column is-layout-flow wp-block-column-is-layout-flow\" style=\"padding-right:var(--wp--preset--spacing--medium);padding-left:var(--wp--preset--spacing--medium);flex-basis:25%\">\n<figure class=\"wp-block-image size-full\"><img decoding=\"async\" src=\"https:\/\/queerchamber.ca\/wp-content\/uploads\/sites\/2\/2025\/10\/CQCC-Day-2-4x6-IG-69.jpg\" alt=\"\" class=\"wp-image-65330\" \/><\/figure>\n<\/div>\n<\/div>\n<\/div>\n<\/div>\n\n\n\n<div class=\"wp-block-group alignwide is-layout-flow wp-block-group-is-layout-flow\" id=\"become-a-sponsor\">\n<div class=\"wp-block-columns is-layout-flex wp-container-core-columns-is-layout-28f84493 wp-block-columns-is-layout-flex\">\n<div class=\"wp-block-column is-layout-flow wp-block-column-is-layout-flow\" style=\"flex-basis:66.66%\">\n<h2 class=\"wp-block-heading\">Devenir parrain<\/h2>\n\n\n\n<p>Montrez votre soutien aux activit\u00e9s du CQCC et \u00e0 la communaut\u00e9 d\u2019affaires 2ELGBTQI+ en commanditant l\u2019un de nos \u00e9v\u00e9nements ou programmes. Les commanditaires de l\u2019\u00e9v\u00e9nement et du programme, qu\u2019ils soient ou non des partenaires corporatifs existants, ont rendu possible bon nombre des engagements les plus r\u00e9ussis du CQCC. En tant qu\u2019organisme \u00e0 but non lucratif vou\u00e9 \u00e0 la promotion des int\u00e9r\u00eats des entreprises 2ELGBTQI+, chaque dollar sert \u00e0 renforcer \u00e9conomiquement la communaut\u00e9 d\u2019affaires 2ELGBTQI+.<\/p>\n\n\n<div class=\"wpforms-container wpforms-container-save-resume wpforms-block wpforms-block-802f2038-a67f-4472-a978-69b5f660d222\" id=\"wpforms-74\"><form id=\"wpforms-form-74\" class=\"wpforms-validate wpforms-form\" data-formid=\"74\" method=\"post\" enctype=\"multipart\/form-data\" action=\"\/fr\/wp-json\/wp\/v2\/pages\/59651\" data-token=\"a06180d1a09620279802b6a1f6bc1409\" data-token-time=\"1777131890\"><noscript class=\"wpforms-error-noscript\">Please enable JavaScript in your browser to complete this form.<\/noscript><div class=\"wpforms-field-container\"><div id=\"wpforms-74-field_0-container\" class=\"wpforms-field wpforms-field-name form-group\" data-field-id=\"0\"><label class=\"wpforms-field-label\">Name <span class=\"wpforms-required-label\">*<\/span><\/label><div class=\"wpforms-field-row wpforms-field-large\"><div class=\"wpforms-field-row-block wpforms-first wpforms-one-half\"><input type=\"text\" id=\"wpforms-74-field_0\" class=\"wpforms-field-name-first wpforms-field-required\" name=\"wpforms[fields][0][first]\" required><label for=\"wpforms-74-field_0\" class=\"wpforms-field-sublabel after\">First<\/label><\/div><div class=\"wpforms-field-row-block wpforms-one-half\"><input type=\"text\" id=\"wpforms-74-field_0-last\" class=\"wpforms-field-name-last wpforms-field-required\" name=\"wpforms[fields][0][last]\" required><label for=\"wpforms-74-field_0-last\" class=\"wpforms-field-sublabel after\">Last<\/label><\/div><\/div><div class=\"wpforms-field-description\">Description<\/div><\/div><div id=\"wpforms-74-field_5-container\" class=\"wpforms-field wpforms-field-layout\" data-field-id=\"5\"><div class=\"wpforms-field-layout-columns wpforms-field-layout-preset-50-50\"><div class=\"wpforms-layout-column wpforms-layout-column-50\" ><div id=\"wpforms-74-field_6-container\" class=\"wpforms-field wpforms-field-text\" data-field-id=\"6\"><label class=\"wpforms-field-label\" for=\"wpforms-74-field_6\">Single Line Text<\/label><input type=\"text\" id=\"wpforms-74-field_6\" class=\"wpforms-field-medium\" name=\"wpforms[fields][6]\" ><\/div><\/div><div class=\"wpforms-layout-column wpforms-layout-column-50\" ><div id=\"wpforms-74-field_8-container\" class=\"wpforms-field wpforms-field-phone\" data-field-id=\"8\"><label class=\"wpforms-field-label\" for=\"wpforms-74-field_8\">Phone<\/label><input type=\"tel\" id=\"wpforms-74-field_8\" class=\"wpforms-field-medium wpforms-smart-phone-field\" data-rule-smart-phone-field=\"true\" name=\"wpforms[fields][8]\" aria-label=\"Phone\" ><\/div><\/div><\/div><\/div><div id=\"wpforms-74-field_1-container\" class=\"wpforms-field wpforms-field-email wpforms-conditional-trigger\" data-field-id=\"1\"><label class=\"wpforms-field-label\" for=\"wpforms-74-field_1\">Email <span class=\"wpforms-required-label\">*<\/span><\/label><input type=\"email\" id=\"wpforms-74-field_1\" class=\"wpforms-field-large wpforms-field-required\" name=\"wpforms[fields][1]\" spellcheck=\"false\" required><\/div><div id=\"wpforms-74-field_2-container\" class=\"wpforms-field wpforms-field-textarea wpforms-conditional-field wpforms-conditional-show\" data-field-id=\"2\" style=\"display:none;\"><label class=\"wpforms-field-label\" for=\"wpforms-74-field_2\">Comment or Message <span class=\"wpforms-required-label\">*<\/span><\/label><textarea id=\"wpforms-74-field_2\" class=\"wpforms-field-medium wpforms-field-required\" name=\"wpforms[fields][2]\" required><\/textarea><\/div><\/div><!-- .wpforms-field-container --><div class=\"wpforms-field wpforms-field-hp\"><label for=\"wpforms-74-field-hp\" class=\"wpforms-field-label\">Email<\/label><input type=\"text\" name=\"wpforms[hp]\" id=\"wpforms-74-field-hp\" class=\"wpforms-field-medium\"><\/div><div class=\"wpforms-recaptcha-container wpforms-is-recaptcha wpforms-is-recaptcha-type-v3\" ><input type=\"hidden\" name=\"wpforms[recaptcha]\" value=\"\"><\/div><div class=\"wpforms-submit-container\" ><input type=\"hidden\" name=\"wpforms[id]\" value=\"74\"><input type=\"hidden\" name=\"page_title\" value=\"\"><input type=\"hidden\" name=\"page_url\" value=\"https:\/\/queerchamber.ca\/fr\/wp-json\/wp\/v2\/pages\/59651\"><input type=\"hidden\" name=\"url_referer\" value=\"\"><button type=\"submit\" name=\"wpforms[submit]\" id=\"wpforms-submit-74\" class=\"wpforms-submit\" data-alt-text=\"Sending...\" data-submit-text=\"Submit\" aria-live=\"assertive\" value=\"wpforms-submit\">Submit<\/button><\/div><\/form><\/div>  <!-- .wpforms-container --><\/div>\n\n\n\n<div class=\"wp-block-column is-layout-flow wp-block-column-is-layout-flow\" style=\"flex-basis:33.33%\"><\/div>\n<\/div>\n<\/div>\n\n\n\n<div style=\"height:40px\" aria-hidden=\"true\" class=\"wp-block-spacer\"><\/div>\n\n\n\n<div class=\"wp-block-group alignwide is-layout-flow wp-block-group-is-layout-flow\" id=\"donate\">\n<div class=\"wp-block-columns is-layout-flex wp-container-core-columns-is-layout-28f84493 wp-block-columns-is-layout-flex\">\n<div class=\"wp-block-column is-layout-flow wp-block-column-is-layout-flow\" style=\"flex-basis:66.66%\">\n<hr class=\"wp-block-separator has-text-color has-charcoal-color has-alpha-channel-opacity has-charcoal-background-color has-background\" \/>\n\n\n\n<h2 class=\"wp-block-heading\">Faites un don de bienfaisance \u00e0 l\u2019un des deux fonds du CQCC de la Canadian Gay &amp; Lesbian Business Education Foundation<\/h2>\n\n\n\n<p>Votre contribution joue un r\u00f4le central dans l\u2019\u00e9laboration de programmes qui favorisent les possibilit\u00e9s et la croissance des entreprises 2ELGBTQI+ au Canada et \u00e0 l\u2019\u00e9tranger.<\/p>\n\n\n\n<p>En soutenant le CQCC, vous contribuez directement \u00e0 la cr\u00e9ation d\u2019une \u00e9conomie inclusive o\u00f9 tous les entrepreneurs et entreprises 2ELGBTQI+ ont un acc\u00e8s \u00e9gal et la possibilit\u00e9 de participer activement, ce qui leur permet de prosp\u00e9rer dans un march\u00e9 concurrentiel et d\u2019inspirer les g\u00e9n\u00e9rations futures \u00e0 poursuivre leurs r\u00eaves entrepreneuriaux sans craindre la discrimination ou l\u2019exclusion.<\/p>\n<\/div>\n\n\n\n<div class=\"wp-block-column is-layout-flow wp-block-column-is-layout-flow\" style=\"flex-basis:33.33%\"><\/div>\n<\/div>\n<\/div>\n\n\n\n<div style=\"height:40px\" aria-hidden=\"true\" class=\"wp-block-spacer\"><\/div>\n\n\n\n<div class=\"wp-block-group alignwide is-layout-flow wp-block-group-is-layout-flow\" id=\"volunteer-application-form\">\n<div class=\"wp-block-columns is-layout-flex wp-container-core-columns-is-layout-28f84493 wp-block-columns-is-layout-flex\">\n<div class=\"wp-block-column is-layout-flow wp-block-column-is-layout-flow\" style=\"flex-basis:33.33%\">\n<hr class=\"wp-block-separator has-text-color has-charcoal-color has-alpha-channel-opacity has-charcoal-background-color has-background\" \/>\n\n\n\n<h2 class=\"wp-block-heading\">Fonds Bill Pallett pour le leadership des jeunes<\/h2>\n\n\n\n<p>Le Fonds Bill Pallett pour le leadership jeunesse vise \u00e0 former les futurs chefs d\u2019entreprise canadiens de la communaut\u00e9 2ELGBTQI+ en offrant au moins un si\u00e8ge aux jeunes 2ELGBTQI+&nbsp;de chacune des huit r\u00e9gions canadiennes identifi\u00e9es (Colombie-Britannique, Alberta, Saskatchewan, Manitoba, Ontario, Qu\u00e9bec, Canada atlantique et Territoires du Nord) pendant au moins dix ans.<\/p>\n\n\n\n<p>Aidez-nous \u00e0 faire en sorte que l\u2019h\u00e9ritage de Bill Pallett, membre fondateur du conseil d\u2019administration du CQCC, qui consiste \u00e0 donner un coup de main aux leaders prometteurs de demain, se perp\u00e9tue.<\/p>\n\n\n\n<div class=\"wp-block-buttons is-layout-flex wp-block-buttons-is-layout-flex\">\n<div class=\"wp-block-button is-style-rounded-pill-large\"><a class=\"wp-block-button__link has-dark-red-background-color has-background wp-element-button\" href=\"https:\/\/cglbef.ca\/donate\/\" target=\"_blank\" rel=\"noreferrer noopener\">Faites un don aujourd\u2019hui<\/a><\/div>\n<\/div>\n<\/div>\n\n\n\n<div class=\"wp-block-column is-layout-flow wp-block-column-is-layout-flow\" style=\"flex-basis:33.33%\">\n<hr class=\"wp-block-separator has-text-color has-charcoal-color has-alpha-channel-opacity has-charcoal-background-color has-background\" \/>\n\n\n\n<h2 class=\"wp-block-heading\">Fonds de leadership d\u2019entreprise 2ELGBTQI+<\/h2>\n\n\n\n<p>Le Fonds de d\u00e9veloppement du leadership du CQCC offre des possibilit\u00e9s et un acc\u00e8s \u00e0 l\u2019\u00e9ducation, \u00e0 la formation et \u00e0 la recherche dans trois domaines d\u2019int\u00e9r\u00eat : les petites et moyennes entreprises commerciales certifi\u00e9es 2ELGBTQI+\u00a0; les chambres de commerce et les associations commerciales r\u00e9gionales canadiennes 2ELGBTQI+\u00a0; et de jeunes entrepreneurs 2ELGBTQI+&nbsp;.<\/p>\n\n\n\n<p>Aidez \u00e0 faciliter la r\u00e9ussite des entreprises 2ELGBTQI+ en faisant un don unique ou r\u00e9current aux chefs d\u2019entreprise 2ELGBTQI+&nbsp;.<\/p>\n\n\n\n<div class=\"wp-block-buttons is-layout-flex wp-block-buttons-is-layout-flex\">\n<div class=\"wp-block-button is-style-rounded-pill-large\"><a class=\"wp-block-button__link has-dark-red-background-color has-background wp-element-button\" href=\"https:\/\/cglbef.ca\/donate\/\" target=\"_blank\" rel=\"noreferrer noopener\">Faites un don aujourd\u2019hui<\/a><\/div>\n<\/div>\n<\/div>\n\n\n\n<div class=\"wp-block-column is-layout-flow wp-block-column-is-layout-flow\" style=\"flex-basis:33.33%\"><\/div>\n<\/div>\n<\/div>\n\n\n\n<div style=\"height:40px\" aria-hidden=\"true\" class=\"wp-block-spacer\"><\/div>\n\n\n\n<div class=\"wp-block-group alignwide is-layout-flow wp-block-group-is-layout-flow\">\n<div class=\"wp-block-columns is-layout-flex wp-container-core-columns-is-layout-28f84493 wp-block-columns-is-layout-flex\">\n<div class=\"wp-block-column is-layout-flow wp-block-column-is-layout-flow\" style=\"flex-basis:66.66%\">\n<hr class=\"wp-block-separator has-text-color has-charcoal-color has-alpha-channel-opacity has-charcoal-background-color has-background\" \/>\n\n\n\n<h2 class=\"wp-block-heading\">Volontaire<\/h2>\n\n\n\n<p>Le CQCC d\u00e9pend de l\u2019appui de b\u00e9n\u00e9voles \u00e0 travers le pays pour offrir des programmes qui appuient son mandat.<\/p>\n\n\n\n<p>Les b\u00e9n\u00e9voles peuvent aider en fournissant de l\u2019aide lors d\u2019\u00e9v\u00e9nements, en partageant leur expertise avec d\u2019autres propri\u00e9taires d\u2019entreprise et en offrant des services qui soutiennent les activit\u00e9s du CQCC.<\/p>\n\n\n\n<p>Les b\u00e9n\u00e9voles ont l\u2019occasion de r\u00e9seauter avec des chefs d\u2019entreprise de partout au Canada et d\u2019aider \u00e0 fa\u00e7onner les efforts et les activit\u00e9s du CQCC, tout en aidant la communaut\u00e9 2ELGBTQI+ \u00e0 cro\u00eetre.<\/p>\n\n\n<div class=\"wpforms-container wpforms-container-save-resume wpforms-block wpforms-block-802f2038-a67f-4472-a978-69b5f660d222\" id=\"wpforms-74\"><form id=\"wpforms-form-74\" class=\"wpforms-validate wpforms-form\" data-formid=\"74\" method=\"post\" enctype=\"multipart\/form-data\" action=\"\/fr\/wp-json\/wp\/v2\/pages\/59651\" data-token=\"a06180d1a09620279802b6a1f6bc1409\" data-token-time=\"1777131890\"><noscript class=\"wpforms-error-noscript\">Please enable JavaScript in your browser to complete this form.<\/noscript><div class=\"wpforms-field-container\"><div id=\"wpforms-74-field_0-container\" class=\"wpforms-field wpforms-field-name form-group\" data-field-id=\"0\"><label class=\"wpforms-field-label\">Name <span class=\"wpforms-required-label\">*<\/span><\/label><div class=\"wpforms-field-row wpforms-field-large\"><div class=\"wpforms-field-row-block wpforms-first wpforms-one-half\"><input type=\"text\" id=\"wpforms-74-field_0\" class=\"wpforms-field-name-first wpforms-field-required\" name=\"wpforms[fields][0][first]\" required><label for=\"wpforms-74-field_0\" class=\"wpforms-field-sublabel after\">First<\/label><\/div><div class=\"wpforms-field-row-block wpforms-one-half\"><input type=\"text\" id=\"wpforms-74-field_0-last\" class=\"wpforms-field-name-last wpforms-field-required\" name=\"wpforms[fields][0][last]\" required><label for=\"wpforms-74-field_0-last\" class=\"wpforms-field-sublabel after\">Last<\/label><\/div><\/div><div class=\"wpforms-field-description\">Description<\/div><\/div><div id=\"wpforms-74-field_5-container\" class=\"wpforms-field wpforms-field-layout\" data-field-id=\"5\"><div class=\"wpforms-field-layout-columns wpforms-field-layout-preset-50-50\"><div class=\"wpforms-layout-column wpforms-layout-column-50\" ><div id=\"wpforms-74-field_6-container\" class=\"wpforms-field wpforms-field-text\" data-field-id=\"6\"><label class=\"wpforms-field-label\" for=\"wpforms-74-field_6\">Single Line Text<\/label><input type=\"text\" id=\"wpforms-74-field_6\" class=\"wpforms-field-medium\" name=\"wpforms[fields][6]\" ><\/div><\/div><div class=\"wpforms-layout-column wpforms-layout-column-50\" ><div id=\"wpforms-74-field_8-container\" class=\"wpforms-field wpforms-field-phone\" data-field-id=\"8\"><label class=\"wpforms-field-label\" for=\"wpforms-74-field_8\">Phone<\/label><input type=\"tel\" id=\"wpforms-74-field_8\" class=\"wpforms-field-medium wpforms-smart-phone-field\" data-rule-smart-phone-field=\"true\" name=\"wpforms[fields][8]\" aria-label=\"Phone\" ><\/div><\/div><\/div><\/div><div id=\"wpforms-74-field_1-container\" class=\"wpforms-field wpforms-field-email wpforms-conditional-trigger\" data-field-id=\"1\"><label class=\"wpforms-field-label\" for=\"wpforms-74-field_1\">Email <span class=\"wpforms-required-label\">*<\/span><\/label><input type=\"email\" id=\"wpforms-74-field_1\" class=\"wpforms-field-large wpforms-field-required\" name=\"wpforms[fields][1]\" spellcheck=\"false\" required><\/div><div id=\"wpforms-74-field_2-container\" class=\"wpforms-field wpforms-field-textarea wpforms-conditional-field wpforms-conditional-show\" data-field-id=\"2\" style=\"display:none;\"><label class=\"wpforms-field-label\" for=\"wpforms-74-field_2\">Comment or Message <span class=\"wpforms-required-label\">*<\/span><\/label><textarea id=\"wpforms-74-field_2\" class=\"wpforms-field-medium wpforms-field-required\" name=\"wpforms[fields][2]\" required><\/textarea><\/div><\/div><!-- .wpforms-field-container --><div class=\"wpforms-field wpforms-field-hp\"><label for=\"wpforms-74-field-hp\" class=\"wpforms-field-label\">Email<\/label><input type=\"text\" name=\"wpforms[hp]\" id=\"wpforms-74-field-hp\" class=\"wpforms-field-medium\"><\/div><div class=\"wpforms-recaptcha-container wpforms-is-recaptcha wpforms-is-recaptcha-type-v3\" ><input type=\"hidden\" name=\"wpforms[recaptcha]\" value=\"\"><\/div><div class=\"wpforms-submit-container\" ><input type=\"hidden\" name=\"wpforms[id]\" value=\"74\"><input type=\"hidden\" name=\"page_title\" value=\"\"><input type=\"hidden\" name=\"page_url\" value=\"https:\/\/queerchamber.ca\/fr\/wp-json\/wp\/v2\/pages\/59651\"><input type=\"hidden\" name=\"url_referer\" value=\"\"><button type=\"submit\" name=\"wpforms[submit]\" id=\"wpforms-submit-74\" class=\"wpforms-submit\" data-alt-text=\"Sending...\" data-submit-text=\"Submit\" aria-live=\"assertive\" value=\"wpforms-submit\">Submit<\/button><\/div><\/form><\/div>  <!-- .wpforms-container --><\/div>\n\n\n\n<div class=\"wp-block-column is-layout-flow wp-block-column-is-layout-flow\" style=\"flex-basis:33.33%\"><\/div>\n<\/div>\n<\/div>\n\n\n\n<div style=\"height:40px\" aria-hidden=\"true\" class=\"wp-block-spacer\"><\/div>\n","protected":false},"excerpt":{"rendered":"<p>Soutenez le CQCC et le travail que nous accomplissons pour aider la communaut\u00e9 d\u2019affaires 2ELGBTQI+ du Canada En tant qu\u2019organisme national \u00e0 but non lucratif, le CQCC utilise des contributions financi\u00e8res par le biais de l\u2019adh\u00e9sion et de la commandite pour renforcer \u00e9conomiquement la communaut\u00e9 d\u2019affaires 2ELGBTQI+ du Canada. Votre implication nous aide \u00e0 faire progresser nos offres d\u2019\u00e9ducation et de renforcement des capacit\u00e9s\u00a0; renforcer les r\u00e9seaux et les liens\u00a0; cr\u00e9er des opportunit\u00e9s d\u2019affaires\u00a0; et offrir du mentorat aux jeunes entrepreneurs 2ELGBTQI+. En collaboration avec nos partenaires priv\u00e9s et publics, ainsi qu\u2019avec des particuliers, nous fournissons les ressources dont les entreprises et les entrepreneurs 2ELGBTQI+ ont besoin pour cro\u00eetre et prosp\u00e9rer. Il existe de nombreuses fa\u00e7ons de soutenir notre travail : Devenez un sponsor Montrez votre soutien \u00e0 [&#8230;]<\/p>\n","protected":false},"author":1,"featured_media":0,"parent":0,"menu_order":0,"comment_status":"closed","ping_status":"closed","template":"","meta":{"_acf_changed":false,"_tec_requires_first_save":true,"_trash_the_other_posts":false,"advanced_seo_description":"We offer various ways to get involved, including volunteering, sponsorship, and membership. Be a part of creating a more inclusive economy in Canada.","jetpack_seo_html_title":"Get Involved | Canada\u2019s 2SLGBTQI+ Chamber of Commerce","jetpack_seo_noindex":false,"_EventAllDay":false,"_EventTimezone":"","_EventStartDate":"","_EventEndDate":"","_EventStartDateUTC":"","_EventEndDateUTC":"","_EventShowMap":false,"_EventShowMapLink":false,"_EventURL":"","_EventCost":"","_EventCostDescription":"","_EventCurrencySymbol":"","_EventCurrencyCode":"","_EventCurrencyPosition":"","_EventDateTimeSeparator":"","_EventTimeRangeSeparator":"","_EventOrganizerID":[],"_EventVenueID":[],"_OrganizerEmail":"","_OrganizerPhone":"","_OrganizerWebsite":"","_VenueAddress":"","_VenueCity":"","_VenueCountry":"","_VenueProvince":"","_VenueState":"","_VenueZip":"","_VenuePhone":"","_VenueURL":"","_VenueStateProvince":"","_VenueLat":"","_VenueLng":"","_VenueShowMap":false,"_VenueShowMapLink":false,"_price":"","_stock":"","_tribe_ticket_header":"","_tribe_default_ticket_provider":"","_tribe_ticket_capacity":"","_ticket_start_date":"","_ticket_end_date":"","_tribe_ticket_show_description":"","_tribe_ticket_show_not_going":false,"_tribe_ticket_use_global_stock":"","_tribe_ticket_global_stock_level":"","_global_stock_mode":"","_global_stock_cap":"","_tribe_rsvp_for_event":"","_tribe_ticket_going_count":"","_tribe_ticket_not_going_count":"","_tribe_tickets_list":"[]","_tribe_ticket_has_attendee_info_fields":false,"_tribe_blocks_recurrence_rules":"","_tribe_blocks_recurrence_description":"","_tribe_blocks_recurrence_exclusions":"","editor_notices":[],"footnotes":"","_tec_slr_enabled":"","_tec_slr_layout":""},"class_list":["post-59651","page","type-page","status-publish","hentry"],"acf":[],"jetpack_sharing_enabled":true,"ticketed":false,"_links":{"self":[{"href":"https:\/\/queerchamber.ca\/fr\/wp-json\/wp\/v2\/pages\/59651","targetHints":{"allow":["GET"]}}],"collection":[{"href":"https:\/\/queerchamber.ca\/fr\/wp-json\/wp\/v2\/pages"}],"about":[{"href":"https:\/\/queerchamber.ca\/fr\/wp-json\/wp\/v2\/types\/page"}],"author":[{"embeddable":true,"href":"https:\/\/queerchamber.ca\/fr\/wp-json\/wp\/v2\/users\/1"}],"replies":[{"embeddable":true,"href":"https:\/\/queerchamber.ca\/fr\/wp-json\/wp\/v2\/comments?post=59651"}],"version-history":[{"count":3,"href":"https:\/\/queerchamber.ca\/fr\/wp-json\/wp\/v2\/pages\/59651\/revisions"}],"predecessor-version":[{"id":126783,"href":"https:\/\/queerchamber.ca\/fr\/wp-json\/wp\/v2\/pages\/59651\/revisions\/126783"}],"wp:attachment":[{"href":"https:\/\/queerchamber.ca\/fr\/wp-json\/wp\/v2\/media?parent=59651"}],"curies":[{"name":"wp","href":"https:\/\/api.w.org\/{rel}","templated":true}]}}