{"id":59653,"date":"2024-02-28T16:09:25","date_gmt":"2024-02-28T21:09:25","guid":{"rendered":"https:\/\/dev-cglcc-multisite.pantheonsite.io\/fr\/news-events\/"},"modified":"2025-10-21T16:28:17","modified_gmt":"2025-10-21T20:28:17","slug":"news-events","status":"publish","type":"page","link":"https:\/\/queerchamber.ca\/fr\/news-events\/","title":{"rendered":"News &amp; Events"},"content":{"rendered":"\n<div class=\"alignfull hero hero--large hero--green_blue \" role=\"region\"\n    aria-label=\"News &amp; Events\">\n\n    \n<svg preserveAspectRatio=\"xMidYMid slice\" viewBox=\"0 0 1853 1113\" version=\"1.1\" xmlns=\"http:\/\/www.w3.org\/2000\/svg\" xmlns:xlink=\"http:\/\/www.w3.org\/1999\/xlink\">\n    <defs>\n        <linearGradient x1=\"50%\" y1=\"-1.35958952e-14%\" x2=\"50%\" y2=\"82.5018024%\" id=\"linearGradient-1\">\n            <stop stop-color=\"#005408\" offset=\"0%\"><\/stop>\n            <stop stop-color=\"#003176\" offset=\"100%\"><\/stop>\n        <\/linearGradient>\n        <rect id=\"path-2\" x=\"0\" y=\"0\" width=\"1854\" height=\"1116\"><\/rect>\n        <linearGradient x1=\"0.0474896411%\" y1=\"49.9525104%\" x2=\"99.9525104%\" y2=\"49.9525104%\" id=\"linearGradient-4\">\n            <stop stop-color=\"#005408\" offset=\"0%\"><\/stop>\n            <stop stop-color=\"#002891\" offset=\"99.9841639%\"><\/stop>\n        <\/linearGradient>\n        <linearGradient x1=\"50%\" y1=\"-3.02492406e-14%\" x2=\"50%\" y2=\"99.9050207%\" id=\"linearGradient-5\">\n            <stop stop-color=\"#005408\" offset=\"0%\"><\/stop>\n            <stop stop-color=\"#002891\" offset=\"99.9841639%\"><\/stop>\n        <\/linearGradient>\n        <linearGradient x1=\"50%\" y1=\"78.6720412%\" x2=\"50%\" y2=\"35.0485931%\" id=\"linearGradient-6\">\n            <stop stop-color=\"#005408\" offset=\"0%\"><\/stop>\n            <stop stop-color=\"#002891\" offset=\"100%\"><\/stop>\n        <\/linearGradient>\n    <\/defs>\n    <g id=\"Header---News-&amp;-Events----Tall\" stroke=\"none\" stroke-width=\"1\" fill=\"none\" fill-rule=\"evenodd\">\n        <mask id=\"mask-3\" fill=\"white\">\n            <use xlink:href=\"#path-2\"><\/use>\n        <\/mask>\n        <use id=\"Mask\" fill=\"url(#linearGradient-1)\" xlink:href=\"#path-2\"><\/use>\n        <g id=\"Shapes\" mask=\"url(#mask-3)\">\n            <g transform=\"translate(1374.103385, 662.942527) rotate(12.000000) translate(-1374.103385, -662.942527) translate(-845.396615, -1200.557473)\">\n                <g class=\"triangle triangle--3\"><polygon id=\"Fill-1-Copy-2\" fill=\"url(#linearGradient-4)\" transform=\"translate(1735.152646, 2148.729735) rotate(-12.000000) translate(-1735.152646, -2148.729735) \" points=\"1735.16383 853.647814 986.150627 2148.72973 237.11506 3443.81166 1735.16383 3443.81166 3233.19023 3443.81166 2484.17703 2148.72973\"><\/polygon><\/g>\n                <g class=\"triangle triangle--4\"><polygon id=\"Fill-1-Copy-3\" fill=\"url(#linearGradient-5)\" transform=\"translate(2439.033640, 1578.773834) rotate(-12.000000) translate(-2439.033640, -1578.773834) \" points=\"2439.04482 283.691913 1690.03162 1578.77383 940.996053 2873.85575 2439.04482 2873.85575 3937.07123 2873.85575 3188.05802 1578.77383\"><\/polygon><\/g>\n                <g class=\"triangle triangle--2\"><polygon id=\"Fill-1\" fill-opacity=\"0.6\" fill=\"url(#linearGradient-6)\" transform=\"translate(2703.581072, 1885.473452) rotate(-192.000000) translate(-2703.581072, -1885.473452) \" points=\"2703.59226 590.391532 1954.57905 1885.47345 1205.54349 3180.55537 2703.59226 3180.55537 4201.61866 3180.55537 3452.60546 1885.47345\"><\/polygon><\/g>\n            <\/g>\n        <\/g>\n    <\/g>\n<\/svg>\n    <div class=\"hero__text block-container\">\n        <div class=\"hero__text-inner\">\n            \n                        <h1 id=\"page-title\">\n                Stay up-to-date with our powerfully connected network.            <\/h1>\n        <\/div>\n    <\/div>\n<\/div>\n\n\n<main class=\"wp-block-group alignwide has-global-padding is-layout-constrained wp-container-core-group-is-layout-3cb30ead wp-block-group-is-layout-constrained\" style=\"padding-top:var(--wp--preset--spacing--60);padding-bottom:var(--wp--preset--spacing--50)\">\n<div style=\"height:60px\" aria-hidden=\"true\" class=\"wp-block-spacer\"><\/div>\n\n\n\n<div class=\"wp-block-columns is-layout-flex wp-container-core-columns-is-layout-28f84493 wp-block-columns-is-layout-flex\">\n<div class=\"wp-block-column is-vertically-aligned-bottom is-layout-flow wp-block-column-is-layout-flow\">\n<p class=\"is-style-subheading\">News<\/p>\n<\/div>\n\n\n\n<div class=\"wp-block-column is-layout-flow wp-block-column-is-layout-flow\">\n<div class=\"wp-block-buttons is-content-justification-right is-layout-flex wp-container-core-buttons-is-layout-c133f063 wp-block-buttons-is-layout-flex\">\n<div class=\"wp-block-button is-style-arrow-right\"><a class=\"wp-block-button__link wp-element-button\" href=\"\/news\">View All News<\/a><\/div>\n<\/div>\n<\/div>\n<\/div>\n\n\n\n<hr class=\"wp-block-separator has-text-color has-black-color has-alpha-channel-opacity has-black-background-color has-background\" \/>\n\n\n\n<div class=\"wp-block-query alignwide is-layout-flow wp-block-query-is-layout-flow\"><ul class=\"columns-3 wp-block-post-template is-layout-grid wp-container-core-post-template-is-layout-6d3fbd8f wp-block-post-template-is-layout-grid\"><li class=\"wp-block-post post-127189 post type-post status-publish format-standard has-post-thumbnail hentry category-news\">\n\n<div class=\"wp-block-group is-layout-flow wp-block-group-is-layout-flow\" style=\"padding-top:30px;padding-right:0px;padding-bottom:30px;padding-left:0px\"><figure style=\"height:350px;\" class=\"wp-block-post-featured-image\"><a href=\"https:\/\/queerchamber.ca\/fr\/news\/profil-membre-margaret-coons\/\" target=\"_self\"  style=\"height:350px\"><img loading=\"lazy\" decoding=\"async\" width=\"1440\" height=\"810\" src=\"https:\/\/queerchamber.ca\/fr\/wp-content\/uploads\/sites\/7\/2026\/04\/margaret_4x5-e1774899967233-1440x810.png\" class=\"attachment-post-thumbnail size-post-thumbnail wp-post-image\" alt=\"Devenir fou pour les produits non laitiers : d\u00e9velopper une activit\u00e9 fromag\u00e8re vegan avec le soutien du programme Diversit\u00e9 des Fournisseurs\u00a0\" style=\"height:350px;object-fit:cover;\" \/><\/a><\/figure>\n\n<div class=\"taxonomy-category wp-block-post-terms\"><a href=\"https:\/\/queerchamber.ca\/fr\/category\/news\/\" rel=\"tag\">Nouvelles<\/a><\/div>\n\n<h2 class=\"wp-block-post-title\"><a href=\"https:\/\/queerchamber.ca\/fr\/news\/profil-membre-margaret-coons\/\" target=\"_self\" >Devenir fou pour les produits non laitiers : d\u00e9velopper une activit\u00e9 fromag\u00e8re vegan avec le soutien du programme Diversit\u00e9 des Fournisseurs\u00a0<\/a><\/h2>\n\n<div class=\"wp-block-post-excerpt\"><p class=\"wp-block-post-excerpt__excerpt\">Comment cette passion pour cr\u00e9er et partager de d\u00e9licieux fromages v\u00e9g\u00e9taux est-elle devenue une activit\u00e9 \u00e0 l\u2019international ? D\u00e9couvrez comment l\u2019entrepreneure queer Margaret Coons, fondatrice et PDG de Nuts For&hellip;<\/p><p class=\"wp-block-post-excerpt__more-text\"><a class=\"wp-block-post-excerpt__more-link\" href=\"https:\/\/queerchamber.ca\/fr\/news\/profil-membre-margaret-coons\/\">Read More<\/a><\/p><\/div><\/div>\n\n<\/li><li class=\"wp-block-post post-127185 post type-post status-publish format-standard has-post-thumbnail hentry category-news\">\n\n<div class=\"wp-block-group is-layout-flow wp-block-group-is-layout-flow\" style=\"padding-top:30px;padding-right:0px;padding-bottom:30px;padding-left:0px\"><figure style=\"height:350px;\" class=\"wp-block-post-featured-image\"><a href=\"https:\/\/queerchamber.ca\/fr\/news\/economie-denergie-a-cinq-niveaux-de-chaine-dapprovisionnement-diversifiee\/\" target=\"_self\"  style=\"height:350px\"><img loading=\"lazy\" decoding=\"async\" width=\"1440\" height=\"655\" src=\"https:\/\/queerchamber.ca\/fr\/wp-content\/uploads\/sites\/7\/2026\/03\/meta_9x16_01.jpg\" class=\"attachment-post-thumbnail size-post-thumbnail wp-post-image\" alt=\"Cinq fa\u00e7ons dont une cha\u00eene d\u2019approvisionnement diversifi\u00e9e peut alimenter une \u00e9conomie canadienne plus forte\u00a0\" style=\"height:350px;object-fit:cover;\" srcset=\"https:\/\/queerchamber.ca\/fr\/wp-content\/uploads\/sites\/7\/2026\/03\/meta_9x16_01.jpg 1440w, https:\/\/queerchamber.ca\/fr\/wp-content\/uploads\/sites\/7\/2026\/03\/meta_9x16_01-462x210.jpg 462w, https:\/\/queerchamber.ca\/fr\/wp-content\/uploads\/sites\/7\/2026\/03\/meta_9x16_01-960x437.jpg 960w, https:\/\/queerchamber.ca\/fr\/wp-content\/uploads\/sites\/7\/2026\/03\/meta_9x16_01-768x349.jpg 768w\" sizes=\"auto, (max-width: 1440px) 100vw, 1440px\" \/><\/a><\/figure>\n\n<div class=\"taxonomy-category wp-block-post-terms\"><a href=\"https:\/\/queerchamber.ca\/fr\/category\/news\/\" rel=\"tag\">Nouvelles<\/a><\/div>\n\n<h2 class=\"wp-block-post-title\"><a href=\"https:\/\/queerchamber.ca\/fr\/news\/economie-denergie-a-cinq-niveaux-de-chaine-dapprovisionnement-diversifiee\/\" target=\"_self\" >Cinq fa\u00e7ons dont une cha\u00eene d\u2019approvisionnement diversifi\u00e9e peut alimenter une \u00e9conomie canadienne plus forte\u00a0<\/a><\/h2>\n\n<div class=\"wp-block-post-excerpt\"><p class=\"wp-block-post-excerpt__excerpt\">La diversit\u00e9 des fournisseurs pr\u00e9pare le terrain pour la force et la r\u00e9silience \u00e0 tous les niveaux de l\u2019\u00e9conomie canadienne, des startups locales aux marques internationales. D\u00e9couvrez cinq fa\u00e7ons puissantes&hellip;<\/p><p class=\"wp-block-post-excerpt__more-text\"><a class=\"wp-block-post-excerpt__more-link\" href=\"https:\/\/queerchamber.ca\/fr\/news\/economie-denergie-a-cinq-niveaux-de-chaine-dapprovisionnement-diversifiee\/\">Read More<\/a><\/p><\/div><\/div>\n\n<\/li><li class=\"wp-block-post post-127158 post type-post status-publish format-standard has-post-thumbnail hentry category-news\">\n\n<div class=\"wp-block-group is-layout-flow wp-block-group-is-layout-flow\" style=\"padding-top:30px;padding-right:0px;padding-bottom:30px;padding-left:0px\"><figure style=\"height:350px;\" class=\"wp-block-post-featured-image\"><a href=\"https:\/\/queerchamber.ca\/fr\/news\/profil-de-membre-gavin-armstrong\/\" target=\"_self\"  style=\"height:350px\"><img loading=\"lazy\" decoding=\"async\" width=\"1440\" height=\"810\" src=\"https:\/\/queerchamber.ca\/fr\/wp-content\/uploads\/sites\/7\/2026\/03\/gavin_4x5-1440x810.png\" class=\"attachment-post-thumbnail size-post-thumbnail wp-post-image\" alt=\"Plus que de la chance : comment le PDG Gavin Armstrong lutte contre la carence en fer avec le soutien des missions commerciales mondiales\" style=\"height:350px;object-fit:cover;\" \/><\/a><\/figure>\n\n<div class=\"taxonomy-category wp-block-post-terms\"><a href=\"https:\/\/queerchamber.ca\/fr\/category\/news\/\" rel=\"tag\">Nouvelles<\/a><\/div>\n\n<h2 class=\"wp-block-post-title\"><a href=\"https:\/\/queerchamber.ca\/fr\/news\/profil-de-membre-gavin-armstrong\/\" target=\"_self\" >Plus que de la chance : comment le PDG Gavin Armstrong lutte contre la carence en fer avec le soutien des missions commerciales mondiales<\/a><\/h2>\n\n<div class=\"wp-block-post-excerpt\"><p class=\"wp-block-post-excerpt__excerpt\">Un village rural, un petit poisson m\u00e9tallique, et un entrepreneur \u00e9trange avec la volont\u00e9 de faire la diff\u00e9rence. D\u00e9couvrez comment Gavin Armstrong, PDG de Lucky Iron Life, a fait conna\u00eetre&hellip;<\/p><p class=\"wp-block-post-excerpt__more-text\"><a class=\"wp-block-post-excerpt__more-link\" href=\"https:\/\/queerchamber.ca\/fr\/news\/profil-de-membre-gavin-armstrong\/\">Read More<\/a><\/p><\/div><\/div>\n\n<\/li><\/ul><\/div>\n<\/main>\n\n\n\n<div class=\"wp-block-group alignfull has-white-color has-secondary-background-color has-text-color has-background has-link-color wp-elements-b4d31e2cda3f5a0c54404e76badc4121 has-global-padding is-layout-constrained wp-block-group-is-layout-constrained\" style=\"padding-top:var(--wp--preset--spacing--x-large);padding-bottom:var(--wp--preset--spacing--x-large)\">\n<div class=\"wp-block-columns is-layout-flex wp-container-core-columns-is-layout-28f84493 wp-block-columns-is-layout-flex\">\n<div class=\"wp-block-column is-vertically-aligned-bottom is-layout-flow wp-block-column-is-layout-flow\">\n<p class=\"is-style-subheading\">EVENTS<\/p>\n<\/div>\n\n\n\n<div class=\"wp-block-column is-layout-flow wp-block-column-is-layout-flow\">\n<div class=\"wp-block-buttons is-content-justification-right is-layout-flex wp-container-core-buttons-is-layout-c133f063 wp-block-buttons-is-layout-flex\">\n<div class=\"wp-block-button is-style-arrow-right\"><a class=\"wp-block-button__link has-white-color has-text-color has-link-color wp-element-button\" href=\"\/events\">View All Events<\/a><\/div>\n<\/div>\n<\/div>\n<\/div>\n\n\n\n<hr class=\"wp-block-separator has-text-color has-white-color has-alpha-channel-opacity has-white-background-color has-background\" \/>\n\n\n\n<div class=\"wp-block-query alignwide is-layout-flow wp-block-query-is-layout-flow\"><ul class=\"columns-3 wp-block-post-template is-layout-grid wp-container-core-post-template-is-layout-6d3fbd8f wp-block-post-template-is-layout-grid\"><li class=\"wp-block-post post-127252 tribe_events type-tribe_events status-publish has-post-thumbnail hentry\">\n\n<div class=\"wp-block-group is-layout-flow wp-block-group-is-layout-flow\" style=\"padding-top:30px;padding-right:0px;padding-bottom:30px;padding-left:0px\"><figure style=\"height:350px;\" class=\"wp-block-post-featured-image\"><a href=\"https:\/\/queerchamber.ca\/fr\/event\/concu-pour-etre-vu-un-labo-marketing-queer-ta-histoire-messageriebranding-contenu-a-fort-impact-comme-garantie\/\" target=\"_self\"  style=\"height:350px\"><img loading=\"lazy\" decoding=\"async\" width=\"1440\" height=\"810\" src=\"https:\/\/queerchamber.ca\/fr\/wp-content\/uploads\/sites\/7\/2026\/04\/marketing-apr-en-2-1440x810.png\" class=\"attachment-post-thumbnail size-post-thumbnail wp-post-image\" alt=\"Cr\u00e9\u00e9 pour rayonner : un laboratoire de marketing queer \u2013 Votre message StoryBrand et des contenus percutants pour vos supports marketing\" style=\"height:350px;object-fit:cover;\" srcset=\"https:\/\/queerchamber.ca\/fr\/wp-content\/uploads\/sites\/7\/2026\/04\/marketing-apr-en-2-1440x810.png 1440w, https:\/\/queerchamber.ca\/fr\/wp-content\/uploads\/sites\/7\/2026\/04\/marketing-apr-en-2-462x260.png 462w, https:\/\/queerchamber.ca\/fr\/wp-content\/uploads\/sites\/7\/2026\/04\/marketing-apr-en-2-960x540.png 960w, https:\/\/queerchamber.ca\/fr\/wp-content\/uploads\/sites\/7\/2026\/04\/marketing-apr-en-2-768x432.png 768w, https:\/\/queerchamber.ca\/fr\/wp-content\/uploads\/sites\/7\/2026\/04\/marketing-apr-en-2-1536x864.png 1536w, https:\/\/queerchamber.ca\/fr\/wp-content\/uploads\/sites\/7\/2026\/04\/marketing-apr-en-2.png 1600w\" sizes=\"auto, (max-width: 1440px) 100vw, 1440px\" \/><\/a><\/figure>\n\n<h3 class=\"has-link-color wp-elements-027ce37daf92e0c1cd725c73cda05629 wp-block-post-title has-text-color has-white-color has-large-font-size\"><a href=\"https:\/\/queerchamber.ca\/fr\/event\/concu-pour-etre-vu-un-labo-marketing-queer-ta-histoire-messageriebranding-contenu-a-fort-impact-comme-garantie\/\" target=\"_self\" >Cr\u00e9\u00e9 pour rayonner : un laboratoire de marketing queer \u2013 Votre message StoryBrand et des contenus percutants pour vos supports marketing<\/a><\/h3>\n\n<div class=\"wp-elements-ed0af8f143cc8d0b3b96ef71be5e0ce2 wp-block-post-excerpt has-text-color has-white-color\"><p class=\"wp-block-post-excerpt__excerpt\">Restez \u00e0 l\u2019\u00e9coute : plus de d\u00e9tails \u00e0 venir&#8230;<\/p><p class=\"wp-block-post-excerpt__more-text\"><a class=\"wp-block-post-excerpt__more-link\" href=\"https:\/\/queerchamber.ca\/fr\/event\/concu-pour-etre-vu-un-labo-marketing-queer-ta-histoire-messageriebranding-contenu-a-fort-impact-comme-garantie\/\">View Event<\/a><\/p><\/div><\/div>\n\n<\/li><li class=\"wp-block-post post-127244 tribe_events type-tribe_events status-publish has-post-thumbnail hentry\">\n\n<div class=\"wp-block-group is-layout-flow wp-block-group-is-layout-flow\" style=\"padding-top:30px;padding-right:0px;padding-bottom:30px;padding-left:0px\"><figure style=\"height:350px;\" class=\"wp-block-post-featured-image\"><a href=\"https:\/\/queerchamber.ca\/fr\/event\/rediger-une-demande-de-subvention-comme-entrepreneur-e-queer\/\" target=\"_self\"  style=\"height:350px\"><img loading=\"lazy\" decoding=\"async\" width=\"1366\" height=\"768\" src=\"https:\/\/queerchamber.ca\/fr\/wp-content\/uploads\/sites\/7\/2026\/04\/CQCC-Webinar-Wednesdays-Vanessa-FR.png\" class=\"attachment-post-thumbnail size-post-thumbnail wp-post-image\" alt=\"Webinaire mercredi : R\u00e9diger une demande de subvention comme entrepreneur.e queer\" style=\"height:350px;object-fit:cover;\" srcset=\"https:\/\/queerchamber.ca\/fr\/wp-content\/uploads\/sites\/7\/2026\/04\/CQCC-Webinar-Wednesdays-Vanessa-FR.png 1366w, https:\/\/queerchamber.ca\/fr\/wp-content\/uploads\/sites\/7\/2026\/04\/CQCC-Webinar-Wednesdays-Vanessa-FR-462x260.png 462w, https:\/\/queerchamber.ca\/fr\/wp-content\/uploads\/sites\/7\/2026\/04\/CQCC-Webinar-Wednesdays-Vanessa-FR-960x540.png 960w, https:\/\/queerchamber.ca\/fr\/wp-content\/uploads\/sites\/7\/2026\/04\/CQCC-Webinar-Wednesdays-Vanessa-FR-768x432.png 768w\" sizes=\"auto, (max-width: 1366px) 100vw, 1366px\" \/><\/a><\/figure>\n\n<h3 class=\"has-link-color wp-elements-027ce37daf92e0c1cd725c73cda05629 wp-block-post-title has-text-color has-white-color has-large-font-size\"><a href=\"https:\/\/queerchamber.ca\/fr\/event\/rediger-une-demande-de-subvention-comme-entrepreneur-e-queer\/\" target=\"_self\" >Webinaire mercredi : R\u00e9diger une demande de subvention comme entrepreneur.e queer<\/a><\/h3>\n\n<div class=\"wp-elements-ed0af8f143cc8d0b3b96ef71be5e0ce2 wp-block-post-excerpt has-text-color has-white-color\"><p class=\"wp-block-post-excerpt__excerpt\">Si vous avez fait votre d\u00e9veloppement vous-m\u00eame, maximis\u00e9 vos cartes de cr\u00e9dit personnelles ou saut\u00e9 votre propre salaire parce que vous pensez que les subventions sont \u00ab r\u00e9serv\u00e9es aux associations&hellip;<\/p><p class=\"wp-block-post-excerpt__more-text\"><a class=\"wp-block-post-excerpt__more-link\" href=\"https:\/\/queerchamber.ca\/fr\/event\/rediger-une-demande-de-subvention-comme-entrepreneur-e-queer\/\">View Event<\/a><\/p><\/div><\/div>\n\n<\/li><li class=\"wp-block-post post-127239 tribe_events type-tribe_events status-publish has-post-thumbnail hentry\">\n\n<div class=\"wp-block-group is-layout-flow wp-block-group-is-layout-flow\" style=\"padding-top:30px;padding-right:0px;padding-bottom:30px;padding-left:0px\"><figure style=\"height:350px;\" class=\"wp-block-post-featured-image\"><a href=\"https:\/\/queerchamber.ca\/fr\/event\/arc-en-ciel-enregistre-presents-gendercraft-5\/\" target=\"_self\"  style=\"height:350px\"><img loading=\"lazy\" decoding=\"async\" width=\"1352\" height=\"698\" src=\"https:\/\/queerchamber.ca\/fr\/wp-content\/uploads\/sites\/7\/2026\/04\/4.png\" class=\"attachment-post-thumbnail size-post-thumbnail wp-post-image\" alt=\"Rainbow Registered pr\u00e9sente : GENDERCRAFT (Partie 4)\" style=\"height:350px;object-fit:cover;\" srcset=\"https:\/\/queerchamber.ca\/fr\/wp-content\/uploads\/sites\/7\/2026\/04\/4.png 1352w, https:\/\/queerchamber.ca\/fr\/wp-content\/uploads\/sites\/7\/2026\/04\/4-462x239.png 462w, https:\/\/queerchamber.ca\/fr\/wp-content\/uploads\/sites\/7\/2026\/04\/4-960x496.png 960w, https:\/\/queerchamber.ca\/fr\/wp-content\/uploads\/sites\/7\/2026\/04\/4-768x396.png 768w\" sizes=\"auto, (max-width: 1352px) 100vw, 1352px\" \/><\/a><\/figure>\n\n<h3 class=\"has-link-color wp-elements-027ce37daf92e0c1cd725c73cda05629 wp-block-post-title has-text-color has-white-color has-large-font-size\"><a href=\"https:\/\/queerchamber.ca\/fr\/event\/arc-en-ciel-enregistre-presents-gendercraft-5\/\" target=\"_self\" >Rainbow Registered pr\u00e9sente : GENDERCRAFT (Partie 4)<\/a><\/h3>\n\n<div class=\"wp-elements-ed0af8f143cc8d0b3b96ef71be5e0ce2 wp-block-post-excerpt has-text-color has-white-color\"><p class=\"wp-block-post-excerpt__excerpt\">Une analyse plus approfondie de l\u2019identit\u00e9 de genre et de l\u2019expression de genre. Ce module commence par une revue des meilleures pratiques li\u00e9es au soutien des personnes aux identit\u00e9s de&hellip;<\/p><p class=\"wp-block-post-excerpt__more-text\"><a class=\"wp-block-post-excerpt__more-link\" href=\"https:\/\/queerchamber.ca\/fr\/event\/arc-en-ciel-enregistre-presents-gendercraft-5\/\">View Event<\/a><\/p><\/div><\/div>\n\n<\/li><\/ul><\/div>\n<\/div>\n","protected":false},"excerpt":{"rendered":"<p>News EVENTS<\/p>\n","protected":false},"author":1,"featured_media":0,"parent":0,"menu_order":0,"comment_status":"closed","ping_status":"closed","template":"","meta":{"_acf_changed":false,"_tec_requires_first_save":true,"_trash_the_other_posts":false,"advanced_seo_description":"Stay up-to-date on news, events, and initiatives for Canada's 2SLGBTQI+ business community with CQCC. Find webinars, conferences, resources, and more.","jetpack_seo_html_title":"News & Events | Canada\u2019s 2SLGBTQI+ Chamber of Commerce | CQCC","jetpack_seo_noindex":false,"_EventAllDay":false,"_EventTimezone":"","_EventStartDate":"","_EventEndDate":"","_EventStartDateUTC":"","_EventEndDateUTC":"","_EventShowMap":false,"_EventShowMapLink":false,"_EventURL":"","_EventCost":"","_EventCostDescription":"","_EventCurrencySymbol":"","_EventCurrencyCode":"","_EventCurrencyPosition":"","_EventDateTimeSeparator":"","_EventTimeRangeSeparator":"","_EventOrganizerID":[],"_EventVenueID":[],"_OrganizerEmail":"","_OrganizerPhone":"","_OrganizerWebsite":"","_VenueAddress":"","_VenueCity":"","_VenueCountry":"","_VenueProvince":"","_VenueState":"","_VenueZip":"","_VenuePhone":"","_VenueURL":"","_VenueStateProvince":"","_VenueLat":"","_VenueLng":"","_VenueShowMap":false,"_VenueShowMapLink":false,"_price":"","_stock":"","_tribe_ticket_header":"","_tribe_default_ticket_provider":"","_tribe_ticket_capacity":"","_ticket_start_date":"","_ticket_end_date":"","_tribe_ticket_show_description":"","_tribe_ticket_show_not_going":false,"_tribe_ticket_use_global_stock":"","_tribe_ticket_global_stock_level":"","_global_stock_mode":"","_global_stock_cap":"","_tribe_rsvp_for_event":"","_tribe_ticket_going_count":"","_tribe_ticket_not_going_count":"","_tribe_tickets_list":"[]","_tribe_ticket_has_attendee_info_fields":false,"_tribe_blocks_recurrence_rules":"","_tribe_blocks_recurrence_description":"","_tribe_blocks_recurrence_exclusions":"","editor_notices":[],"footnotes":"","_tec_slr_enabled":"","_tec_slr_layout":""},"class_list":["post-59653","page","type-page","status-publish","hentry"],"acf":[],"jetpack_sharing_enabled":true,"ticketed":false,"_links":{"self":[{"href":"https:\/\/queerchamber.ca\/fr\/wp-json\/wp\/v2\/pages\/59653","targetHints":{"allow":["GET"]}}],"collection":[{"href":"https:\/\/queerchamber.ca\/fr\/wp-json\/wp\/v2\/pages"}],"about":[{"href":"https:\/\/queerchamber.ca\/fr\/wp-json\/wp\/v2\/types\/page"}],"author":[{"embeddable":true,"href":"https:\/\/queerchamber.ca\/fr\/wp-json\/wp\/v2\/users\/1"}],"replies":[{"embeddable":true,"href":"https:\/\/queerchamber.ca\/fr\/wp-json\/wp\/v2\/comments?post=59653"}],"version-history":[{"count":1,"href":"https:\/\/queerchamber.ca\/fr\/wp-json\/wp\/v2\/pages\/59653\/revisions"}],"predecessor-version":[{"id":59654,"href":"https:\/\/queerchamber.ca\/fr\/wp-json\/wp\/v2\/pages\/59653\/revisions\/59654"}],"wp:attachment":[{"href":"https:\/\/queerchamber.ca\/fr\/wp-json\/wp\/v2\/media?parent=59653"}],"curies":[{"name":"wp","href":"https:\/\/api.w.org\/{rel}","templated":true}]}}