{"id":59661,"date":"2024-02-28T14:44:21","date_gmt":"2024-02-28T19:44:21","guid":{"rendered":"https:\/\/dev-cglcc-multisite.pantheonsite.io\/fr\/councils\/"},"modified":"2025-10-22T17:18:34","modified_gmt":"2025-10-22T21:18:34","slug":"councils","status":"publish","type":"page","link":"https:\/\/queerchamber.ca\/fr\/councils\/","title":{"rendered":"Conseils et groupes de travail"},"content":{"rendered":"\n<div class=\"wp-block-group alignfull has-yellow-background-color has-background has-global-padding is-layout-constrained wp-block-group-is-layout-constrained\" style=\"padding-top:0;padding-bottom:var(--wp--preset--spacing--large)\">\n<div class=\"wp-block-columns is-layout-flex wp-container-core-columns-is-layout-28f84493 wp-block-columns-is-layout-flex\">\n<div class=\"wp-block-column is-vertically-aligned-center is-layout-flow wp-block-column-is-layout-flow\" style=\"flex-basis:60%\">\n<div style=\"height:70px\" aria-hidden=\"true\" class=\"wp-block-spacer\"><\/div>\n\n\n\n<h1 class=\"wp-block-heading has-xxx-large-font-size\">Conseils et groupes de travail<\/h1>\n<\/div>\n\n\n\n<div class=\"wp-block-column is-vertically-aligned-center is-layout-flow wp-block-column-is-layout-flow\" style=\"flex-basis:33.33%\"><\/div>\n<\/div>\n\n\n\n<div style=\"height:30px\" aria-hidden=\"true\" class=\"wp-block-spacer\"><\/div>\n<\/div>\n\n\n\n<div style=\"height:30px\" aria-hidden=\"true\" class=\"wp-block-spacer\"><\/div>\n\n\n\n<div class=\"wp-block-group alignwide is-layout-flow wp-block-group-is-layout-flow\">\n<div class=\"wp-block-group has-global-padding is-content-justification-left is-layout-constrained wp-container-core-group-is-layout-12dd3699 wp-block-group-is-layout-constrained\">\n<hr class=\"wp-block-separator has-text-color has-jet-color has-alpha-channel-opacity has-jet-background-color has-background\" \/>\n\n\n\n<p>Les voix de nos membres et partenaires comptent. Le travail de la CCQC est guid\u00e9 par des conseils consultatifs et des groupes de travail afin de s\u2019assurer que nous r\u00e9pondons aux besoins de notre r\u00e9seau. Leurs contributions nous aident \u00e0 fa\u00e7onner et am\u00e9liorer nos programmes ainsi que les activit\u00e9s auxquelles nous participons.<\/p>\n\n\n\n<hr class=\"wp-block-separator has-text-color has-jet-color has-alpha-channel-opacity has-jet-background-color has-background\" \/>\n\n\n\n<h2 class=\"wp-block-heading\">Conseil canadien des chambres et organisations d\u2019affaires<\/h2>\n\n\n\n<p>Le Conseil canadien des chambres et organisations d\u2019affaires (CCCBO) offre aux chambres 2ELGBTQI+ provinciales et r\u00e9gionales ainsi qu\u2019aux autres associations commerciales affili\u00e9es \u00e0 la CCQC une voix au sein de la direction. Leur leadership \u00e9lu contribue \u00e0 d\u00e9terminer comment mieux servir les int\u00e9r\u00eats des membres de la CCQC, en discutant des enjeux importants et en proposant des politiques. Ce conseil constitue \u00e9galement un espace d\u2019\u00e9change local, o\u00f9 les membres peuvent partager de l\u2019information, discuter de questions, offrir du soutien et communiquer leurs besoins.<\/p>\n\n\n\n<div style=\"height:40px\" aria-hidden=\"true\" class=\"wp-block-spacer\"><\/div>\n\n\n\n<hr class=\"wp-block-separator has-text-color has-jet-color has-alpha-channel-opacity has-jet-background-color has-background\" \/>\n\n\n\n<h2 class=\"wp-block-heading\">Conseil consultatif corporatif<\/h2>\n\n\n\n<p>Le Conseil consultatif corporatif (CAC) est compos\u00e9 des partenaires corporatifs de la CCQC. Leur r\u00f4le est de renforcer notre plateforme en sensibilisant aux avantages \u00e9conomiques d\u2019un lieu de travail diversifi\u00e9 et des relations mutuellement b\u00e9n\u00e9fiques entre la communaut\u00e9 2ELGBTQI+ et ses alli\u00e9.e.s, contribuant \u00e0 \u00e9duquer les entreprises canadiennes et le public sur l\u2019\u00e9conomie inclusive et ses avantages.<\/p>\n\n\n\n<div style=\"height:40px\" aria-hidden=\"true\" class=\"wp-block-spacer\"><\/div>\n\n\n\n<hr class=\"wp-block-separator has-text-color has-jet-color has-alpha-channel-opacity has-jet-background-color has-background is-style-default\" \/>\n\n\n\n<h2 class=\"wp-block-heading\">Conseil consultatif trans<\/h2>\n\n\n\n<p>Ce conseil reconna\u00eet les probl\u00e9matiques et obstacles sp\u00e9cifiques aux entreprises d\u00e9tenues par des personnes trans et non binaires et aide \u00e0 identifier les ressources adapt\u00e9es pour y r\u00e9pondre.<\/p>\n\n\n\n<p>Il veille \u00e0 ce que les entreprises trans et non binaires soient visibles et incluses dans tous les programmes de la CCQC, recommande des politiques et aide \u00e0 faire avancer les int\u00e9r\u00eats des personnes entrepreneures, professionnelles et entreprises trans et non binaires. Ce conseil met en lumi\u00e8re ces enjeux afin qu\u2019ils soient au centre des pr\u00e9occupations de la CCQC.<\/p>\n\n\n\n<div style=\"height:40px\" aria-hidden=\"true\" class=\"wp-block-spacer\"><\/div>\n\n\n\n<hr class=\"wp-block-separator has-text-color has-jet-color has-alpha-channel-opacity has-jet-background-color has-background is-style-default\" \/>\n\n\n\n<h2 class=\"wp-block-heading\">Conseil consultatif en approvisionnement<\/h2>\n\n\n\n<p>Le Conseil consultatif en approvisionnement vise \u00e0 faire progresser la diversit\u00e9 des fournisseurs au Canada. Il sert de forum pour discuter et agir sur les meilleures pratiques en mati\u00e8re de diversit\u00e9 des fournisseurs et aide \u00e0 cr\u00e9er et maintenir des standards pour travailler avec les entreprises certifi\u00e9es 2ELGBTQI+.<\/p>\n\n\n\n<p>Son objectif est non seulement d\u2019accro\u00eetre la diversit\u00e9 des fournisseurs, mais aussi d\u2019am\u00e9liorer la qualit\u00e9 des interactions entre les entreprises 2ELGBTQI+ et les corporations, le gouvernement et les principaux fournisseurs.<\/p>\n\n\n\n<p>Gr\u00e2ce \u00e0 l\u2019\u00e9ducation, les conseils strat\u00e9giques et les orientations, ce conseil collabore avec le r\u00e9seau des chambres locales et des entreprises 2ELGBTQI+ pour identifier et s\u00e9curiser des opportunit\u00e9s, et avec les partenaires corporatifs pour s\u2019assurer que leurs pratiques d\u2019approvisionnement r\u00e9fl\u00e8tent les standards \u00e9tablis par le Conseil consultatif en approvisionnement.<\/p>\n\n\n\n<div style=\"height:40px\" aria-hidden=\"true\" class=\"wp-block-spacer\"><\/div>\n\n\n\n<hr class=\"wp-block-separator has-text-color has-jet-color has-alpha-channel-opacity has-jet-background-color has-background is-style-default\" \/>\n\n\n\n<h2 class=\"wp-block-heading\">Groupe de travail BIPOC (Noirs, Autochtones et personnes de couleur)<\/h2>\n\n\n\n<p>Le Groupe de travail BIPOC a pour mission d\u2019accro\u00eetre la repr\u00e9sentation BIPOC au sein des membres et des fournisseurs certifi\u00e9s de la CCQC, de discuter des enjeux sp\u00e9cifiques aux entreprises d\u00e9tenues par des personnes BIPOC, de partager les meilleures pratiques et d\u2019identifier les ressources et m\u00e9canismes pour r\u00e9pondre \u00e0 ces d\u00e9fis.<\/p>\n\n\n\n<p>Ce groupe r\u00e9unit des membres et fournisseurs certifi\u00e9s de la CCQC, engag\u00e9s dans la promotion des personnes entrepreneures, des professionnel.le.s et des entreprises BIPOC.<\/p>\n<\/div>\n\n\n\n<div style=\"height:100px\" aria-hidden=\"true\" class=\"wp-block-spacer\"><\/div>\n\n\n\n<\/div>\n","protected":false},"excerpt":{"rendered":"<p>Councils &amp; Working Groups The voices of our members and partners matter. CQCC\u2019s work is informed by advisory councils and working groups to ensure we are meeting our network\u2019s needs. This input from various stakeholders helps us shape and improve the programs we offer and the activities we engage in. Canadian Council of Chambers and Business Organizations The Canadian Council of Chambers and Business Organizations (CCCBO) gives Canadian provincial and regional 2SLGBTQI+ chambers and other CQCC business association affiliates a voice at the leadership table.&nbsp; &nbsp;Their elected leadership helps determine how the interests of CQCC members can be best served [&hellip;]<\/p>\n","protected":false},"author":1,"featured_media":0,"parent":0,"menu_order":0,"comment_status":"closed","ping_status":"closed","template":"","meta":{"_acf_changed":false,"_tec_requires_first_save":true,"_trash_the_other_posts":false,"advanced_seo_description":"CCQC's advisory councils & working groups, comprised of diverse stakeholders, inform & shape the organization's programs & activities, ensuring they meet the network's needs. ","jetpack_seo_html_title":"Councils & Working Groups | CCQC ","jetpack_seo_noindex":false,"_EventAllDay":false,"_EventTimezone":"","_EventStartDate":"","_EventEndDate":"","_EventStartDateUTC":"","_EventEndDateUTC":"","_EventShowMap":false,"_EventShowMapLink":false,"_EventURL":"","_EventCost":"","_EventCostDescription":"","_EventCurrencySymbol":"","_EventCurrencyCode":"","_EventCurrencyPosition":"","_EventDateTimeSeparator":"","_EventTimeRangeSeparator":"","_EventOrganizerID":[],"_EventVenueID":[],"_OrganizerEmail":"","_OrganizerPhone":"","_OrganizerWebsite":"","_VenueAddress":"","_VenueCity":"","_VenueCountry":"","_VenueProvince":"","_VenueState":"","_VenueZip":"","_VenuePhone":"","_VenueURL":"","_VenueStateProvince":"","_VenueLat":"","_VenueLng":"","_VenueShowMap":false,"_VenueShowMapLink":false,"_price":"","_stock":"","_tribe_ticket_header":"","_tribe_default_ticket_provider":"","_tribe_ticket_capacity":"","_ticket_start_date":"","_ticket_end_date":"","_tribe_ticket_show_description":"","_tribe_ticket_show_not_going":false,"_tribe_ticket_use_global_stock":"","_tribe_ticket_global_stock_level":"","_global_stock_mode":"","_global_stock_cap":"","_tribe_rsvp_for_event":"","_tribe_ticket_going_count":"","_tribe_ticket_not_going_count":"","_tribe_tickets_list":"[]","_tribe_ticket_has_attendee_info_fields":false,"_tribe_blocks_recurrence_rules":"","_tribe_blocks_recurrence_description":"","_tribe_blocks_recurrence_exclusions":"","editor_notices":[],"footnotes":"","_tec_slr_enabled":"","_tec_slr_layout":""},"class_list":["post-59661","page","type-page","status-publish","hentry"],"acf":[],"jetpack_sharing_enabled":true,"ticketed":false,"_links":{"self":[{"href":"https:\/\/queerchamber.ca\/fr\/wp-json\/wp\/v2\/pages\/59661","targetHints":{"allow":["GET"]}}],"collection":[{"href":"https:\/\/queerchamber.ca\/fr\/wp-json\/wp\/v2\/pages"}],"about":[{"href":"https:\/\/queerchamber.ca\/fr\/wp-json\/wp\/v2\/types\/page"}],"author":[{"embeddable":true,"href":"https:\/\/queerchamber.ca\/fr\/wp-json\/wp\/v2\/users\/1"}],"replies":[{"embeddable":true,"href":"https:\/\/queerchamber.ca\/fr\/wp-json\/wp\/v2\/comments?post=59661"}],"version-history":[{"count":4,"href":"https:\/\/queerchamber.ca\/fr\/wp-json\/wp\/v2\/pages\/59661\/revisions"}],"predecessor-version":[{"id":126657,"href":"https:\/\/queerchamber.ca\/fr\/wp-json\/wp\/v2\/pages\/59661\/revisions\/126657"}],"wp:attachment":[{"href":"https:\/\/queerchamber.ca\/fr\/wp-json\/wp\/v2\/media?parent=59661"}],"curies":[{"name":"wp","href":"https:\/\/api.w.org\/{rel}","templated":true}]}}