{"id":59663,"date":"2024-02-28T14:05:56","date_gmt":"2024-02-28T19:05:56","guid":{"rendered":"https:\/\/dev-cglcc-multisite.pantheonsite.io\/fr\/membership\/"},"modified":"2026-04-01T14:00:03","modified_gmt":"2026-04-01T18:00:03","slug":"adhesion","status":"publish","type":"page","link":"https:\/\/queerchamber.ca\/fr\/adhesion\/","title":{"rendered":"Adh\u00e9sion"},"content":{"rendered":"\n<div class=\"wp-block-group alignfull has-peach-background-color has-background has-global-padding is-layout-constrained wp-block-group-is-layout-constrained\" style=\"padding-top:0;padding-bottom:var(--wp--preset--spacing--large)\">\n<div class=\"wp-block-columns is-layout-flex wp-container-core-columns-is-layout-28f84493 wp-block-columns-is-layout-flex\">\n<div class=\"wp-block-column is-vertically-aligned-center is-layout-flow wp-block-column-is-layout-flow\" style=\"flex-basis:60%\">\n<div style=\"height:70px\" aria-hidden=\"true\" class=\"wp-block-spacer\"><\/div>\n\n\n\n<h1 class=\"wp-block-heading has-xxx-large-font-size\">renforcer vos liens avec la communaut\u00e9 d&#8217;affaires 2ELGBTQI+<\/h1>\n<\/div>\n\n\n\n<div class=\"wp-block-column is-vertically-aligned-center is-layout-flow wp-block-column-is-layout-flow\" style=\"flex-basis:33.33%\">\n<figure class=\"wp-block-image alignright size-large is-style-skewed-left span-right\"><img decoding=\"async\" src=\"https:\/\/queerchamber.ca\/wp-content\/uploads\/sites\/2\/2025\/10\/962fb847e9d6874edc2a4793b64c329576f12b25-960x640.jpg\" alt=\"\" class=\"wp-image-63690\" style=\"object-fit:cover\" \/><\/figure>\n<\/div>\n<\/div>\n\n\n\n<div class=\"wp-block-columns is-layout-flex wp-container-core-columns-is-layout-28f84493 wp-block-columns-is-layout-flex\">\n<div class=\"wp-block-column is-layout-flow wp-block-column-is-layout-flow\" style=\"flex-basis:70%\">\n<p class=\"is-style-default has-medium-font-size\">As a CQCC Member, your network grows overnight to include the corporations who support us and who are actively seeking to diversify their corporate practices.<\/p>\n<\/div>\n\n\n\n<div class=\"wp-block-column is-layout-flow wp-block-column-is-layout-flow\" style=\"flex-basis:25%\"><\/div>\n<\/div>\n\n\n\n<div style=\"height:30px\" aria-hidden=\"true\" class=\"wp-block-spacer\"><\/div>\n<\/div>\n\n\n\n<div class=\"wp-block-group alignfull has-purple-background-color has-background has-global-padding is-layout-constrained wp-block-group-is-layout-constrained\" id=\"BenefitsOfMembership\" style=\"margin-top:0;margin-bottom:0;padding-top:0;padding-bottom:0\">\n<div class=\"wp-block-media-text alignfull is-stacked-on-mobile is-image-fill-element is-style-image-cut-right-angle\" style=\"padding-top:0;padding-bottom:0\"><figure class=\"wp-block-media-text__media\"><img decoding=\"async\" src=\"https:\/\/queerchamber.ca\/wp-content\/uploads\/sites\/2\/2025\/10\/609da3f149776f3d3e72da6906b706ed5bf860cb-960x640.jpg\" alt=\"\" class=\"wp-image-63698 size-full\" style=\"object-position:50% 50%\" \/><\/figure><div class=\"wp-block-media-text__content\">\n<div style=\"height:60px\" aria-hidden=\"true\" class=\"wp-block-spacer\"><\/div>\n\n\n\n<h2 class=\"wp-block-heading\">Avantages offerts aux membres<\/h2>\n\n\n\n<p>Rejoignez une communaut\u00e9 inclusive et dynamique d\u2019entreprises et de professionnel\u00b7le\u00b7s 2ELGBTQI+ qui souhaitent se connecter, collaborer et se soutenir mutuellement.<br>Que vous soyez Membre, Partenaire ou Fournisseur certifi\u00e9, vous acc\u00e9derez \u00e0 une gamme d\u2019avantages concrets, pens\u00e9s pour favoriser votre croissance et votre rayonnement.<\/p>\n\n\n\n<ul style=\"padding-top:0;padding-right:var(--wp--preset--spacing--small);padding-bottom:0;padding-left:var(--wp--preset--spacing--small)\" class=\"wp-block-list has-small-font-size\">\n<li>Acc\u00e9dez \u00e0 du contenu exclusif en mati\u00e8re de leadership \u00e9clair\u00e9.<\/li>\n\n\n\n<li>Faites inscrire votre entreprise dans notre annuaire national des membres.<\/li>\n\n\n\n<li>Profitez d\u2019un acc\u00e8s illimit\u00e9 \u00e0 tous nos \u00e9v\u00e9nements de r\u00e9seautage, en ligne ou en personne.<\/li>\n<\/ul>\n\n\n\n<div style=\"height:35px\" aria-hidden=\"true\" class=\"wp-block-spacer\"><\/div>\n\n\n\n<div class=\"wp-block-columns is-layout-flex wp-container-core-columns-is-layout-28f84493 wp-block-columns-is-layout-flex\">\n<div class=\"wp-block-column is-layout-flow wp-block-column-is-layout-flow\">\n<figure class=\"wp-block-image size-full\"><img decoding=\"async\" src=\"https:\/\/queerchamber.ca\/wp-content\/uploads\/sites\/2\/2025\/10\/access.svg\" alt=\"\" class=\"wp-image-63700\" \/><\/figure>\n\n\n\n<p class=\"has-small-font-size\">Acc\u00e8s \u00e0 la communaut\u00e9 d\u2019affaires 2ELGBTQI+<\/p>\n<\/div>\n\n\n\n<div class=\"wp-block-column is-layout-flow wp-block-column-is-layout-flow\">\n<figure class=\"wp-block-image size-full\"><img decoding=\"async\" src=\"https:\/\/queerchamber.ca\/wp-content\/uploads\/sites\/2\/2025\/10\/tools.svg\" alt=\"\" class=\"wp-image-63701\" \/><\/figure>\n\n\n\n<p class=\"has-small-font-size\">Outils et soutien pour d\u00e9velopper votre entreprise<\/p>\n<\/div>\n\n\n\n<div class=\"wp-block-column is-layout-flow wp-block-column-is-layout-flow\">\n<figure class=\"wp-block-image size-full\"><img decoding=\"async\" src=\"https:\/\/queerchamber.ca\/wp-content\/uploads\/sites\/2\/2025\/10\/events.svg\" alt=\"\" class=\"wp-image-63702\" \/><\/figure>\n\n\n\n<p class=\"has-small-font-size\">R\u00e9seautage et \u00e9v\u00e9nements exclusifs<\/p>\n<\/div>\n<\/div>\n\n\n\n<div style=\"height:60px\" aria-hidden=\"true\" class=\"wp-block-spacer\"><\/div>\n<\/div><\/div>\n<\/div>\n\n\n\n<div class=\"wp-block-group alignwide is-layout-flow wp-block-group-is-layout-flow\" id=\"MembershipTypes\">\n<div class=\"wp-block-columns is-layout-flex wp-container-core-columns-is-layout-f8a4909b wp-block-columns-is-layout-flex\" style=\"padding-top:var(--wp--preset--spacing--x-large);padding-bottom:var(--wp--preset--spacing--x-large)\">\n<div class=\"wp-block-column is-vertically-aligned-center is-layout-flow wp-block-column-is-layout-flow\">\n<h2 class=\"wp-block-heading has-x-large-font-size\">Types d\u2019adh\u00e9sion<\/h2>\n\n\n\n<p>Il existe de nombreuses fa\u00e7ons de collaborer avec nous.<br>Que vous souhaitiez soutenir notre mission, acc\u00e9der chaque mois \u00e0 du contenu et \u00e9v\u00e9nements exclusifs ou que vous vouliez vous engager pleinement et devenir une r\u00e9f\u00e9rence en mati\u00e8re d&#8217;initiatives pour la diversit\u00e9 des fournisseurs, nous avons une formule d\u2019adh\u00e9sion faite pour vous.<\/p>\n<\/div>\n\n\n\n<div class=\"wp-block-column is-layout-flow wp-block-column-is-layout-flow\">\n<figure class=\"wp-block-image size-large is-style-line-overlay-red-left\"><img decoding=\"async\" src=\"https:\/\/queerchamber.ca\/wp-content\/uploads\/sites\/2\/2025\/10\/9734c9169e837f55c47d32b6ca222a00cd702f48-960x640.jpg\" alt=\"\" class=\"wp-image-63734\" \/><\/figure>\n\n\n\n<p class=\"has-small-font-size\" style=\"padding-top:0;padding-bottom:0;padding-left:10%\">Nos membres peuvent \u00eatre des entreprises de tout type souhaitant acc\u00e9der \u00e0 nos ressources et \u00e0 notre r\u00e9seau qui c\u00e9l\u00e8bre la prosp\u00e9rit\u00e9 des entreprises 2ELGBTQI+ au Canada.<\/p>\n<\/div>\n<\/div>\n\n\n\n<div class=\"wp-block-columns membership-columns has-sequel-sans-font-family has-small-font-size is-layout-flex wp-container-core-columns-is-layout-28f84493 wp-block-columns-is-layout-flex\" style=\"font-style:normal;font-weight:305\">\n<div class=\"wp-block-column has-jet-color has-yellow-background-color has-text-color has-background has-link-color wp-elements-3b40e073b8b91e225db2b1a7f2f910d5 is-layout-flow wp-block-column-is-layout-flow\" style=\"padding-top:var(--wp--preset--spacing--large);padding-right:var(--wp--preset--spacing--medium);padding-bottom:var(--wp--preset--spacing--medium);padding-left:var(--wp--preset--spacing--medium)\">\n<h3 class=\"wp-block-heading has-text-align-center\"><strong>membre fam<\/strong><\/h3>\n\n\n\n<p class=\"has-text-align-center has-normal-font-size\">FAM est un r\u00e9seau professionnel national qui met en relation les personnes entrepreneures avec des ressources, des ateliers de renforcement des comp\u00e9tences et un sentiment d\u2019appartenance \u00e0 l\u2019\u00e9cosyst\u00e8me de la CCQC.<\/p>\n\n\n\n<ul class=\"wp-block-list has-small-font-size\">\n<li>D\u00e9veloppement de son entreprise gr\u00e2ce \u00e0 nos programmes sur mesure, incluant des ateliers cibl\u00e9s selon le secteur d\u2019activit\u00e9.<\/li>\n\n\n\n<li>\u00c9largissement de son r\u00e9seau en participant aux \u00e9v\u00e9nements de r\u00e9seautage de la CCQC.<\/li>\n\n\n\n<li>Connexion avec d\u2019autres gestionnaires queer gr\u00e2ce \u00e0 une plateforme sociale d\u00e9di\u00e9e.<\/li>\n\n\n\n<li>Plus de visibilit\u00e9 \u00e0 travers le Canada en figurant dans le r\u00e9pertoire national de la CCQC et en profitant d\u2019autres occasions de faire conna\u00eetre son entreprise.<\/li>\n<\/ul>\n\n\n\n<div style=\"height:40px\" aria-hidden=\"true\" class=\"wp-block-spacer\"><\/div>\n\n\n\n<p class=\"has-text-align-center is-style-subheading price has-small-font-size\" style=\"text-transform:uppercase\"><strong>$0<\/strong><br><sub>jusqu&#8217;au 1er avril 2026<\/sub><\/p>\n\n\n\n<div class=\"wp-block-buttons is-content-justification-center is-layout-flex wp-container-core-buttons-is-layout-a89b3969 wp-block-buttons-is-layout-flex\">\n<div class=\"wp-block-button\"><a class=\"wp-block-button__link has-small-font-size has-custom-font-size wp-element-button\" href=\"https:\/\/queerchamber.ca\/fr\/fam\/\" style=\"padding-right:var(--wp--preset--spacing--x-large);padding-left:var(--wp--preset--spacing--x-large)\">Devenir membre<\/a><\/div>\n<\/div>\n<\/div>\n\n\n\n<div class=\"wp-block-column has-jet-color has-yellow-background-color has-text-color has-background has-link-color wp-elements-8d926b6f0386b18bd3879a674e1cfd82 is-layout-flow wp-block-column-is-layout-flow\" style=\"padding-top:var(--wp--preset--spacing--large);padding-right:var(--wp--preset--spacing--medium);padding-bottom:var(--wp--preset--spacing--medium);padding-left:var(--wp--preset--spacing--medium)\">\n<h3 class=\"wp-block-heading has-text-align-center\"><strong><strong>Fournisseur certifi\u00e9<\/strong><\/strong><\/h3>\n\n\n\n<p class=\"has-text-align-center has-normal-font-size\">Si vous \u00eates une entreprise canadienne d\u00e9tenue, exploit\u00e9e et contr\u00f4l\u00e9e au moins \u00e0 51 % par 2ELGBTQI+, vous pouvez devenir un fournisseur certifi\u00e9. Une remise est accord\u00e9e aux membres affili\u00e9s r\u00e9gionaux.<\/p>\n\n\n\n<ul class=\"wp-block-list has-small-font-size\">\n<li>Acc\u00e8s illimit\u00e9 \u00e0 des \u00e9v\u00e9nements de r\u00e9seautage (en ligne et en personne)<\/li>\n\n\n\n<li>Inscription de votre entreprise \u00e0 notre r\u00e9pertoire national des membres<\/li>\n\n\n\n<li>Acc\u00e8s \u00e0 des formations, des outils et des ressources exclusives pour favoriser la croissance et l\u2019\u00e9volution de votre entreprise<\/li>\n\n\n\n<li>\u00c9tablissement de liens avec des soci\u00e9t\u00e9s des quatre coins du pays gr\u00e2ce \u00e0 notre programme de diversit\u00e9 des fournisseurs<\/li>\n<\/ul>\n\n\n\n<div style=\"height:40px\" aria-hidden=\"true\" class=\"wp-block-spacer\"><\/div>\n\n\n\n<p class=\"has-text-align-center price is-style-subheading has-small-font-size\">Remarque : Si vous \u00eates d\u00e9j\u00e0 membre de l&#8217;un des membres affili\u00e9s r\u00e9gionaux de la CCQC (Ontario Gay &amp; Lesbian Chamber of Commerce, Manitoba LGBT* Chamber of Commerce, Alberta LGBT+ Chamber of Commerce, ou LOUD Business (BC)), vous avez droit \u00e0 des tarifs r\u00e9duits pour la certification. Contactez votre organisation locale pour en savoir plus.<\/p>\n\n\n\n<hr class=\"wp-block-separator has-alpha-channel-opacity\" style=\"margin-bottom:var(--wp--preset--spacing--medium)\" \/>\n\n\n\n<p class=\"has-text-align-center is-style-subheading price has-small-font-size\" style=\"text-transform:uppercase\"><strong>$449<\/strong><br>\/ ann\u00e9e<\/p>\n\n\n\n<div class=\"wp-block-buttons is-content-justification-center is-layout-flex wp-container-core-buttons-is-layout-a89b3969 wp-block-buttons-is-layout-flex\">\n<div class=\"wp-block-button\"><a class=\"wp-block-button__link has-small-font-size has-custom-font-size wp-element-button\" href=\"https:\/\/queerchamber.ca\/fr\/diversite-des-fournisseurs\/\" style=\"padding-right:var(--wp--preset--spacing--x-large);padding-left:var(--wp--preset--spacing--x-large)\">En savoir plus<\/a><\/div>\n<\/div>\n<\/div>\n\n\n\n<div class=\"wp-block-column has-jet-color has-yellow-background-color has-text-color has-background has-link-color wp-elements-403289a63ed506f7d9b7de4d6b290eaa is-layout-flow wp-block-column-is-layout-flow\" style=\"padding-top:var(--wp--preset--spacing--large);padding-right:var(--wp--preset--spacing--medium);padding-bottom:var(--wp--preset--spacing--medium);padding-left:var(--wp--preset--spacing--medium)\">\n<h3 class=\"wp-block-heading has-text-align-center\"><strong><strong>Soci\u00e9t\u00e9 partenaire<\/strong><\/strong><\/h3>\n\n\n\n<p class=\"has-text-align-center has-normal-font-size\">En tant que soci\u00e9t\u00e9 partenaire, vous diversifierez vos fournisseurs, vous aurez acc\u00e8s \u00e0 des outils et formations et vous signalerez \u00e0 des millions de consommateurs 2ELGBTQI+ et leurs alli\u00e9s que la diversit\u00e9 et l&#8217;inclusion sont importantes.&nbsp;&nbsp;<\/p>\n\n\n\n<ul class=\"wp-block-list has-small-font-size\">\n<li>\u00c9tablissement de liens avec des entreprises 2ELGBTQI+ partout au Canada<\/li>\n\n\n\n<li>Rehaussement de votre image de marque et am\u00e9lioration de votre visibilit\u00e9 aupr\u00e8s des communaut\u00e9s 2ELGBTQI+<\/li>\n\n\n\n<li>Possibilit\u00e9 d\u2019influencer les politiques en participant au Comit\u00e9 consultatif des entreprises<\/li>\n\n\n\n<li>Occasion de favoriser la croissance et le succ\u00e8s de votre entreprise en diversifiant vos sources d\u2019approvisionnement<\/li>\n\n\n\n<li>Moyen de t\u00e9moigner votre soutien aux membres 2ELGBTQI+ de votre propre organisation<\/li>\n<\/ul>\n\n\n\n<div style=\"height:40px\" aria-hidden=\"true\" class=\"wp-block-spacer\"><\/div>\n\n\n\n<p class=\"has-text-align-center is-style-subheading price has-small-font-size\" style=\"text-transform:uppercase\"><\/p>\n\n\n\n<div class=\"wp-block-buttons is-content-justification-center is-layout-flex wp-container-core-buttons-is-layout-a89b3969 wp-block-buttons-is-layout-flex\">\n<div class=\"wp-block-button\"><a class=\"wp-block-button__link has-small-font-size has-custom-font-size wp-element-button\" href=\"https:\/\/queerchamber.ca\/fr\/become-a-partner\/\" style=\"padding-right:var(--wp--preset--spacing--x-large);padding-left:var(--wp--preset--spacing--x-large)\">En savoir plus<\/a><\/div>\n<\/div>\n<\/div>\n<\/div>\n\n\n\n<div class=\"wp-block-columns membership-columns is-layout-flex wp-container-core-columns-is-layout-28f84493 wp-block-columns-is-layout-flex\">\n<div class=\"wp-block-column has-white-color has-primary-background-color has-text-color has-background has-link-color wp-elements-c8112b37d8602574e1681687a542112e is-layout-flow wp-block-column-is-layout-flow\" style=\"padding-top:var(--wp--preset--spacing--large);padding-right:var(--wp--preset--spacing--large);padding-bottom:var(--wp--preset--spacing--medium);padding-left:var(--wp--preset--spacing--large)\">\n<h3 class=\"wp-block-heading has-text-align-left heading-image\"><img loading=\"lazy\" decoding=\"async\" width=\"79\" height=\"60\" class=\"wp-image-107895\" style=\"width: 79px\" src=\"https:\/\/queerchamber.ca\/fr\/wp-content\/uploads\/sites\/7\/2024\/06\/white_rainbowregistered_logo-1.png\" alt=\"\"><strong><strong>Arc-en-ciel Officiel<\/strong><\/strong><\/h3>\n\n\n\n<div class=\"wp-block-columns is-layout-flex wp-container-core-columns-is-layout-28f84493 wp-block-columns-is-layout-flex\">\n<div class=\"wp-block-column is-layout-flow wp-block-column-is-layout-flow\" style=\"flex-basis:66.66%\">\n<p class=\"has-text-align-left has-normal-font-size\">Arc-en-Ciel Officiel est une accr\u00e9ditation nationale pour les entreprises et les organisations qui respectent un ensemble de normes strictes pour garantir des espaces conviviaux sur le site 2ELGBTQI+ .<\/p>\n<\/div>\n\n\n\n<div class=\"wp-block-column is-layout-flow wp-block-column-is-layout-flow\" style=\"flex-basis:33.33%\"><\/div>\n<\/div>\n\n\n\n<ul class=\"wp-block-list list-3columns has-small-font-size\">\n<li>Garantie du sentiment d\u2019accueil et d\u2019acceptation de la client\u00e8le 2ELGBTQI+<\/li>\n\n\n\n<li>Kit de bienvenue Arc-en-ciel Officiel (autocollant de fen\u00eatre, carte de bureau)<\/li>\n\n\n\n<li>Acc\u00e8s aux avantages des membres associ\u00e9s de la CCQC<\/li>\n\n\n\n<li>Inscription dans le r\u00e9pertoire Arc-en-Ciel Officiel<\/li>\n\n\n\n<li>Inscription dans l&#8217;annuaire professionnel Arc-en-Ciel Officiel<\/li>\n<\/ul>\n\n\n\n<div class=\"wp-block-columns is-layout-flex wp-container-core-columns-is-layout-28f84493 wp-block-columns-is-layout-flex\">\n<div class=\"wp-block-column is-layout-flow wp-block-column-is-layout-flow\" style=\"flex-basis:66.66%\">\n<p class=\"has-text-align-center has-small-font-size\" style=\"letter-spacing:2px;text-transform:uppercase\"><br>Accr\u00e9ditation de 3 ans<\/p>\n\n\n\n<figure class=\"wp-block-table rr-table\"><table class=\"has-fixed-layout\"><tbody><tr><td>\u226410 EMPLOY\u00e9.es<\/td><td>11-100 EMPLOY\u00e9.es<\/td><td>101+ EMPLOY\u00e9.es<\/td><\/tr><tr><td><strong>$250<\/strong><br>\/an<br><sub>$49 de frais d&#8217;inscription<\/sub><\/td><td><strong>$400<\/strong><br>\/an<br><sub>$199 de frais d&#8217;inscription<\/sub><\/td><td><strong>$525<\/strong><br>\/an<br><sub>$274 de frais d&#8217;inscription<\/sub><\/td><\/tr><\/tbody><\/table><\/figure>\n<\/div>\n\n\n\n<div class=\"wp-block-column is-vertically-aligned-center is-layout-flow wp-block-column-is-layout-flow\" style=\"flex-basis:33.33%\">\n<div class=\"wp-block-buttons is-content-justification-center is-layout-flex wp-container-core-buttons-is-layout-a89b3969 wp-block-buttons-is-layout-flex\">\n<div class=\"wp-block-button is-style-rounded-pill membership-button\"><a class=\"wp-block-button__link has-white-background-color has-background wp-element-button\" href=\"\/programs\/rainbow-registered\/\">D\u00e9marrer<\/a><\/div>\n<\/div>\n<\/div>\n<\/div>\n\n\n\n<div style=\"height:40px\" aria-hidden=\"true\" class=\"wp-block-spacer\"><\/div>\n<\/div>\n<\/div>\n\n\n\n<div style=\"height:70px\" aria-hidden=\"true\" class=\"wp-block-spacer\"><\/div>\n<\/div>\n\n\n\n<div class=\"wp-block-media-text alignfull is-stacked-on-mobile is-image-fill-element is-style-dark-blue-polygon-left has-peach-background-color has-background\" style=\"margin-top:0;margin-bottom:0;padding-top:0;padding-bottom:0\"><figure class=\"wp-block-media-text__media\"><img decoding=\"async\" src=\"https:\/\/queerchamber.ca\/wp-content\/uploads\/sites\/2\/2025\/10\/corporate-partner.png\" alt=\"\" class=\"wp-image-63729 size-full\" style=\"object-position:50% 50%\" \/><\/figure><div class=\"wp-block-media-text__content\">\n<div style=\"height:40px\" aria-hidden=\"true\" class=\"wp-block-spacer\"><\/div>\n\n\n\n<h2 class=\"wp-block-heading has-xx-large-font-size\" style=\"margin-top:var(--wp--preset--spacing--medium);margin-bottom:var(--wp--preset--spacing--medium);padding-top:0;padding-right:0;padding-bottom:0;padding-left:0\">Devenir une soci\u00e9t\u00e9 partenaire<\/h2>\n\n\n\n<p>Restez \u00e0 la pointe des pratiques en mati\u00e8re de diversit\u00e9 en apprenant comment travailler avec la communaut\u00e9 2ELGBTQI+ et en acc\u00e9dant \u00e0 la formation et aux outils sur la diversit\u00e9 des fournisseurs. B\u00e2tissez une \u00e9conomie canadienne plus inclusive avec nous et les entreprises certifi\u00e9es LGBTQ+ pr\u00eates \u00e0 travailler avec vous.<\/p>\n\n\n\n<div class=\"wp-block-buttons is-layout-flex wp-block-buttons-is-layout-flex\">\n<div class=\"wp-block-button is-style-fill\"><a class=\"wp-block-button__link wp-element-button\">En savoir plus<\/a><\/div>\n<\/div>\n\n\n\n<div style=\"height:70px\" aria-hidden=\"true\" class=\"wp-block-spacer\"><\/div>\n<\/div><\/div>\n\n\n","protected":false},"excerpt":{"rendered":"<p>Strengthen your ties to the 2SLGBTQI+ community As a CQCC Member, your network grows overnight to include the corporations who support us and who are actively seeking to diversify their corporate practices. Benefits of Membership Join a welcoming community of 2SLGBTQI+ businesses and professionals looking to connect and support one another. Whether you\u2019re a Member, Partner or a Certified Supplier, you\u2019ll unlock a variety of meaningful benefits. Access to the 2SLGBTQI+ business community Tools and support to grow your business Exclusive events and networking Membership Types There are numerous ways to connect with us. Support our work and access exclusive [&hellip;]<\/p>\n","protected":false},"author":1,"featured_media":0,"parent":0,"menu_order":0,"comment_status":"closed","ping_status":"closed","template":"","meta":{"_acf_changed":false,"_tec_requires_first_save":true,"_trash_the_other_posts":false,"advanced_seo_description":"We offer various membership options for 2SLGBTQI+ businesses and allies in Canada. Gain access to networking, resources, and support for inclusive growth.","jetpack_seo_html_title":"Membership | Canada\u2019s 2SLGBTQI+ Chamber of Commerce | CQCC","jetpack_seo_noindex":false,"_EventAllDay":false,"_EventTimezone":"","_EventStartDate":"","_EventEndDate":"","_EventStartDateUTC":"","_EventEndDateUTC":"","_EventShowMap":false,"_EventShowMapLink":false,"_EventURL":"","_EventCost":"","_EventCostDescription":"","_EventCurrencySymbol":"","_EventCurrencyCode":"","_EventCurrencyPosition":"","_EventDateTimeSeparator":"","_EventTimeRangeSeparator":"","_EventOrganizerID":[],"_EventVenueID":[],"_OrganizerEmail":"","_OrganizerPhone":"","_OrganizerWebsite":"","_VenueAddress":"","_VenueCity":"","_VenueCountry":"","_VenueProvince":"","_VenueState":"","_VenueZip":"","_VenuePhone":"","_VenueURL":"","_VenueStateProvince":"","_VenueLat":"","_VenueLng":"","_VenueShowMap":false,"_VenueShowMapLink":false,"_price":"","_stock":"","_tribe_ticket_header":"","_tribe_default_ticket_provider":"","_tribe_ticket_capacity":"","_ticket_start_date":"","_ticket_end_date":"","_tribe_ticket_show_description":"","_tribe_ticket_show_not_going":false,"_tribe_ticket_use_global_stock":"","_tribe_ticket_global_stock_level":"","_global_stock_mode":"","_global_stock_cap":"","_tribe_rsvp_for_event":"","_tribe_ticket_going_count":"","_tribe_ticket_not_going_count":"","_tribe_tickets_list":"[]","_tribe_ticket_has_attendee_info_fields":false,"_tribe_blocks_recurrence_rules":"","_tribe_blocks_recurrence_description":"","_tribe_blocks_recurrence_exclusions":"","editor_notices":[],"footnotes":"","_tec_slr_enabled":"","_tec_slr_layout":""},"class_list":["post-59663","page","type-page","status-publish","hentry"],"acf":[],"jetpack_sharing_enabled":true,"ticketed":false,"_links":{"self":[{"href":"https:\/\/queerchamber.ca\/fr\/wp-json\/wp\/v2\/pages\/59663","targetHints":{"allow":["GET"]}}],"collection":[{"href":"https:\/\/queerchamber.ca\/fr\/wp-json\/wp\/v2\/pages"}],"about":[{"href":"https:\/\/queerchamber.ca\/fr\/wp-json\/wp\/v2\/types\/page"}],"author":[{"embeddable":true,"href":"https:\/\/queerchamber.ca\/fr\/wp-json\/wp\/v2\/users\/1"}],"replies":[{"embeddable":true,"href":"https:\/\/queerchamber.ca\/fr\/wp-json\/wp\/v2\/comments?post=59663"}],"version-history":[{"count":18,"href":"https:\/\/queerchamber.ca\/fr\/wp-json\/wp\/v2\/pages\/59663\/revisions"}],"predecessor-version":[{"id":127196,"href":"https:\/\/queerchamber.ca\/fr\/wp-json\/wp\/v2\/pages\/59663\/revisions\/127196"}],"wp:attachment":[{"href":"https:\/\/queerchamber.ca\/fr\/wp-json\/wp\/v2\/media?parent=59663"}],"curies":[{"name":"wp","href":"https:\/\/api.w.org\/{rel}","templated":true}]}}