{"id":59673,"date":"2019-10-30T14:24:56","date_gmt":"2019-10-30T18:24:56","guid":{"rendered":"https:\/\/dev-cglcc-multisite.pantheonsite.io\/fr\/cookies\/"},"modified":"2025-10-23T14:20:24","modified_gmt":"2025-10-23T18:20:24","slug":"cookies","status":"publish","type":"page","link":"https:\/\/queerchamber.ca\/fr\/cookies\/","title":{"rendered":"Politique en mati\u00e8re de cookies"},"content":{"rendered":"\n<div class=\"alignfull hero hero--small hero--pink_red \" role=\"region\"\n    aria-label=\"Politique en mati\u00e8re de cookies\">\n\n    \n<svg preserveAspectRatio=\"xMidYMid slice\" viewBox=\"0 0 1823 1095\" version=\"1.1\" xmlns=\"http:\/\/www.w3.org\/2000\/svg\" xmlns:xlink=\"http:\/\/www.w3.org\/1999\/xlink\">\n    <defs>\n        <linearGradient x1=\"0.0474896411%\" y1=\"49.9525104%\" x2=\"99.4409612%\" y2=\"49.9525104%\" id=\"linearGradient-1\">\n            <stop stop-color=\"#81008C\" offset=\"0%\"><\/stop>\n            <stop stop-color=\"#F90000\" offset=\"100%\"><\/stop>\n        <\/linearGradient>\n        <rect id=\"path-2\" x=\"0\" y=\"0\" width=\"1823\" height=\"1095\"><\/rect>\n        <linearGradient x1=\"49.7442254%\" y1=\"99.6492461%\" x2=\"49.7442254%\" y2=\"0.255774573%\" id=\"linearGradient-4\">\n            <stop stop-color=\"#500057\" offset=\"0%\"><\/stop>\n            <stop stop-color=\"#6B003D\" offset=\"30.1309122%\"><\/stop>\n            <stop stop-color=\"#960013\" offset=\"78.2939189%\"><\/stop>\n            <stop stop-color=\"#A10008\" offset=\"90.5194257%\"><\/stop>\n            <stop stop-color=\"#A90000\" offset=\"100%\"><\/stop>\n        <\/linearGradient>\n        <linearGradient x1=\"0.0474896411%\" y1=\"49.9525104%\" x2=\"99.4409612%\" y2=\"49.9525104%\" id=\"linearGradient-5\">\n            <stop stop-color=\"#500057\" offset=\"0%\"><\/stop>\n            <stop stop-color=\"#600047\" offset=\"18.4227196%\"><\/stop>\n            <stop stop-color=\"#9A000F\" offset=\"82.9365498%\"><\/stop>\n            <stop stop-color=\"#A90000\" offset=\"100%\"><\/stop>\n        <\/linearGradient>\n        <linearGradient x1=\"49.7442254%\" y1=\"99.6492461%\" x2=\"49.7442254%\" y2=\"0.255774573%\" id=\"linearGradient-6\">\n            <stop stop-color=\"#500057\" offset=\"0%\"><\/stop>\n            <stop stop-color=\"#A90000\" offset=\"100%\"><\/stop>\n        <\/linearGradient>\n        <linearGradient x1=\"49.7442254%\" y1=\"99.6492461%\" x2=\"49.7442254%\" y2=\"0.255774573%\" id=\"linearGradient-7\">\n            <stop stop-color=\"#500057\" offset=\"0%\"><\/stop>\n            <stop stop-color=\"#A90000\" offset=\"100%\"><\/stop>\n        <\/linearGradient>\n    <\/defs>\n    <g id=\"gradient--red\" stroke=\"none\" stroke-width=\"1\" fill=\"none\" fill-rule=\"evenodd\">\n        <mask id=\"mask-3\" fill=\"white\">\n            <use xlink:href=\"#path-2\"><\/use>\n        <\/mask>\n        <use id=\"Mask\" fill=\"url(#linearGradient-1)\" xlink:href=\"#path-2\"><\/use>\n        <g id=\"Shapes\" mask=\"url(#mask-3)\">\n            <g transform=\"translate(884.365172, 919.856748) rotate(12.000000) translate(-884.365172, -919.856748) translate(-2054.134828, -910.643252)\">\n                <g class=\"triangle triangle--1\"><polygon id=\"Fill-1\" fill=\"url(#linearGradient-4)\" transform=\"translate(3272.189547, 1578.848015) rotate(-192.000000) translate(-3272.189547, -1578.848015) \" points=\"3272.20073 283.766095 2523.18753 1578.84802 1774.15196 2873.92994 3272.20073 2873.92994 4770.22713 2873.92994 4138.80339 1782.16618 4021.21393 1578.84802\"><\/polygon><\/g>\n                <g class=\"triangle triangle--2\"><polygon id=\"Fill-1-Copy-2\" fill=\"url(#linearGradient-5)\" transform=\"translate(3326.488737, 1675.833862) rotate(-12.000000) translate(-3326.488737, -1675.833862) \" points=\"3326.49992 380.751941 2577.48672 1675.83386 1828.45115 2970.91578 3326.49992 2970.91578 4824.52632 2970.91578 4075.51312 1675.83386\"><\/polygon><\/g>\n                <g class=\"triangle triangle--3\"><polygon id=\"Fill-1-Copy\" fill=\"url(#linearGradient-6)\" transform=\"translate(1840.854217, 1986.513888) rotate(-12.000000) translate(-1840.854217, -1986.513888) \" points=\"1840.86608 612.761856 1046.23778 1986.51389 251.585745 3360.26592 1840.86608 3360.26592 3430.12269 3360.26592 2635.49439 1986.51389\"><\/polygon><\/g>\n                <g class=\"triangle triangle--4\"><polygon id=\"Fill-1-Copy-3\" fill=\"url(#linearGradient-7)\" transform=\"translate(4141.631313, 1614.868031) rotate(-192.000000) translate(-4141.631313, -1614.868031) \" points=\"4141.6425 319.786111 3392.62929 1614.86803 2643.59373 2909.94995 4141.6425 2909.94995 5639.6689 2909.94995 4890.6557 1614.86803\"><\/polygon><\/g>\n            <\/g>\n        <\/g>\n    <\/g>\n<\/svg>\n    <div class=\"hero__text block-container\">\n        <div class=\"hero__text-inner\">\n            \n                        <h1 id=\"page-title\">\n                Politique en mati\u00e8re de cookies            <\/h1>\n        <\/div>\n    <\/div>\n<\/div>\n\n\n<div style=\"height:60px\" aria-hidden=\"true\" class=\"wp-block-spacer\"><\/div>\n\n\n\n<div class=\"wp-block-group mdpadding is-layout-flow wp-block-group-is-layout-flow\">\n<p>Nous utilisons des cookies pour am\u00e9liorer votre exp\u00e9rience sur CQCC. Cette politique en mati\u00e8re de cookies fait partie de la politique de confidentialit\u00e9 du CQCC et couvre l\u2019utilisation des cookies entre votre appareil et notre site. Nous fournissons \u00e9galement des informations de base sur les services tiers que nous pouvons utiliser, qui peuvent \u00e9galement utiliser des cookies dans le cadre de leur service, bien qu\u2019ils ne soient pas couverts par notre politique.<\/p>\n\n\n\n<p>Si vous ne souhaitez pas accepter les cookies de notre part, vous devez demander \u00e0 votre navigateur de refuser les cookies de CQCC, \u00e9tant entendu que nous pourrions ne pas \u00eatre en mesure de vous fournir certains des contenus et services souhait\u00e9s.<\/p>\n\n\n\n<h3 class=\"wp-block-heading\">Qu\u2019est-ce qu\u2019un cookie ?<\/h3>\n\n\n\n<p>Un cookie est un petit \u00e9l\u00e9ment de donn\u00e9es qu\u2019un site web stocke sur votre \nlorsque vous visitez, contenant g\u00e9n\u00e9ralement des informations sur le \nsite web lui-m\u00eame, un identifiant unique qui permet au site de reconna\u00eetre \nvotre navigateur Web lorsque vous revenez, des donn\u00e9es suppl\u00e9mentaires qui servent \u00e0 la \nl\u2019objectif du cookie et la dur\u00e9e de vie du cookie lui-m\u00eame.<\/p>\n\n\n\n<p>Les cookies sont utilis\u00e9s pour activer certaines fonctionnalit\u00e9s (par exemple, la connexion), pour \nsuivre l\u2019utilisation du site (par exemple, Analytics), pour stocker vos param\u00e8tres utilisateur (par exemple. \nfuseau horaire, pr\u00e9f\u00e9rences de notification) et pour personnaliser votre contenu \n(par exemple, publicit\u00e9, langage).<\/p>\n\n\n\n<p>Les cookies d\u00e9finis par le site Web que vous visitez sont normalement r\u00e9f\u00e9renc\u00e9s \nen tant que \u00ab cookies de premi\u00e8re partie \u00bb, et ne suivent g\u00e9n\u00e9ralement que votre activit\u00e9 sur ce\n site particulier. Cookies d\u00e9finis par d\u2019autres sites et soci\u00e9t\u00e9s (c\u2019est-\u00e0-dire \nparties) sont appel\u00e9s \u00ab cookies tiers \u00bb et peuvent \u00eatre utilis\u00e9s pour vous suivre \nsur d\u2019autres sites Web qui utilisent le m\u00eame service tiers.<\/p>\n\n\n\n<h3 class=\"wp-block-heading\">Types de cookies et comment nous les utilisons<\/h3>\n\n\n\n<h4 class=\"wp-block-heading\">Cookies essentiels<\/h4>\n\n\n\n<p>Les cookies essentiels sont cruciaux pour votre exp\u00e9rience d\u2019un site web, \nl\u2019activation de fonctionnalit\u00e9s de base telles que les connexions d\u2019utilisateurs, la gestion de compte, les achats \nchariots et traitement des paiements. Nous utilisons des cookies essentiels pour permettre \u00e0 certains\n fonctions sur notre site Web.<\/p>\n\n\n\n<h4 class=\"wp-block-heading\">Cookies de performance<\/h4>\n\n\n\n<p>Les cookies de performance sont utilis\u00e9s dans le suivi de la fa\u00e7on dont vous utilisez un site web\n lors de votre visite, sans collecter d\u2019informations personnelles vous concernant. \nEn r\u00e8gle g\u00e9n\u00e9rale, ces informations sont anonymes et agr\u00e9g\u00e9es avec des informations\n suivi par tous les utilisateurs du site, pour aider les entreprises \u00e0 comprendre les visiteurs \nles habitudes d\u2019utilisation, identifier et diagnostiquer les probl\u00e8mes ou les erreurs que leurs utilisateurs peuvent\n et prendre de meilleures d\u00e9cisions strat\u00e9giques pour am\u00e9liorer leur \nl\u2019exp\u00e9rience globale du site Web du public. Ces cookies peuvent \u00eatre d\u00e9finis par le \nsite Web que vous visitez (propri\u00e9taire) ou par des services tiers. Nous utilisons\n Cookies de performance sur notre site.<\/p>\n\n\n\n<h4 class=\"wp-block-heading\">Cookies de fonctionnalit\u00e9<\/h4>\n\n\n\n<p>Les cookies de fonctionnalit\u00e9 sont utilis\u00e9s pour collecter des informations sur votre \nappareil et tous les param\u00e8tres que vous pouvez configurer sur le site Web que vous visitez\n (comme les param\u00e8tres de langue et de fuseau horaire). Avec ces informations, les sites web \npeut vous fournir des contenus personnalis\u00e9s, enrichis ou optimis\u00e9s et \nservices. Ces cookies peuvent \u00eatre d\u00e9finis par le site Web que vous visitez \n(de premi\u00e8re partie) ou par un service tiers. Nous utilisons des cookies de fonctionnalit\u00e9 \npour certaines fonctionnalit\u00e9s de notre site.<\/p>\n\n\n\n<h4 class=\"wp-block-heading\">Cookies de ciblage\/publicit\u00e9<\/h4>\n\n\n\n<p>Les cookies de ciblage\/publicit\u00e9 sont utilis\u00e9s pour d\u00e9terminer ce que \nle contenu promotionnel est plus pertinent et appropri\u00e9 pour vous et votre \nInt\u00e9r\u00eats. Les sites Web peuvent les utiliser pour diffuser des publicit\u00e9s cibl\u00e9es ou pour \nLimitez le nombre de fois que vous voyez une publicit\u00e9. Cela aide les entreprises\n am\u00e9liorer l\u2019efficacit\u00e9 de leurs campagnes et la qualit\u00e9 des contenus\n qui vous est pr\u00e9sent\u00e9. Ces cookies peuvent \u00eatre d\u00e9finis par le site Web sur lequel vous vous trouvez \nVisite (de premi\u00e8re partie) ou par des services tiers. Ciblage\/publicit\u00e9\n Les cookies d\u00e9finis par des tiers peuvent \u00eatre utilis\u00e9s pour vous suivre sur d\u2019autres sites Web\n qui utilisent le m\u00eame service tiers. Nous utilisons le ciblage\/la publicit\u00e9 \nCookies sur notre site.<\/p>\n\n\n\n<h3 class=\"wp-block-heading\">Cookies tiers sur notre site<\/h3>\n\n\n\n<p>Nous pouvons employer des soci\u00e9t\u00e9s et des personnes tierces sur nos sites Web, par exemple, des fournisseurs d\u2019analyses et des partenaires de contenu. Nous accordons \u00e0 ces tiers l\u2019acc\u00e8s \u00e0 des informations s\u00e9lectionn\u00e9es pour effectuer des t\u00e2ches sp\u00e9cifiques en notre nom. Ils peuvent \u00e9galement d\u00e9finir des cookies tiers afin de fournir les services qu\u2019ils fournissent. Les cookies tiers peuvent \u00eatre utilis\u00e9s pour vous suivre sur d\u2019autres sites Web qui utilisent le m\u00eame service tiers. Comme nous n\u2019avons aucun contr\u00f4le sur les cookies tiers, ils ne sont pas couverts par la politique de cookies du CQCC.<\/p>\n\n\n\n<h4 class=\"wp-block-heading\">Notre promesse en mati\u00e8re de confidentialit\u00e9 des tiers<\/h4>\n\n\n\n<p>Nous examinons les politiques de confidentialit\u00e9 de tous nos fournisseurs tiers \navant de faire appel \u00e0 leurs services pour s\u2019assurer que leurs pratiques sont conformes aux \nle n\u00f4tre. Nous n\u2019inclurons jamais sciemment des services tiers qui \ncompromettre ou violer la vie priv\u00e9e de nos utilisateurs.<\/p>\n\n\n\n<h3 class=\"wp-block-heading\">Comment vous pouvez contr\u00f4ler ou refuser les cookies<\/h3>\n\n\n\n<p>Si vous ne souhaitez pas accepter les cookies de notre part, vous pouvez demander \u00e0 votre \nnavigateur pour refuser les cookies de notre site Web. La plupart des navigateurs sont configur\u00e9s\n pour accepter les cookies par d\u00e9faut, mais vous pouvez mettre \u00e0 jour ces param\u00e8tres pour \nsoit refuser compl\u00e8tement les cookies, soit vous avertir lorsqu\u2019un site web est \nTentative de d\u00e9finition ou de mise \u00e0 jour d\u2019un cookie.<\/p>\n\n\n\n<p>Si vous naviguez sur des sites Web \u00e0 partir de plusieurs appareils, vous devrez peut-\u00eatre mettre \u00e0 jour vos param\u00e8tres sur chaque appareil.<\/p>\n\n\n\n<p>Bien que certains cookies puissent \u00eatre bloqu\u00e9s sans avoir beaucoup d\u2019impact sur votre exp\u00e9rience d\u2019un site Web, le blocage de tous les cookies peut signifier que vous ne pouvez pas acc\u00e9der \u00e0 certaines fonctionnalit\u00e9s et \u00e0 certains contenus des sites que vous visitez.<\/p>\n\n\n\n<div style=\"height:150px\" aria-hidden=\"true\" class=\"wp-block-spacer\"><\/div>\n<\/div>\n","protected":false},"excerpt":{"rendered":"<p>Nous utilisons des cookies pour am\u00e9liorer votre exp\u00e9rience sur CQCC. Cette politique en mati\u00e8re de cookies fait partie de la politique de confidentialit\u00e9 du CQCC et couvre l\u2019utilisation des cookies entre votre appareil et notre site. Nous fournissons \u00e9galement des informations de base sur les services tiers que nous pouvons utiliser, qui peuvent \u00e9galement utiliser des cookies dans le cadre de leur service, bien qu\u2019ils ne soient pas couverts par notre politique. Si vous ne souhaitez pas accepter les cookies de notre part, vous devez demander \u00e0 votre navigateur de refuser les cookies de CQCC, \u00e9tant entendu que nous pourrions ne pas \u00eatre en mesure de vous fournir certains des contenus et services souhait\u00e9s. Qu\u2019est-ce que [&#8230;]<\/p>\n","protected":false},"author":1,"featured_media":0,"parent":0,"menu_order":0,"comment_status":"closed","ping_status":"closed","template":"","meta":{"_acf_changed":false,"_tec_requires_first_save":true,"_trash_the_other_posts":false,"advanced_seo_description":"","jetpack_seo_html_title":"Cookie Policy | Canada's 2SLGBTQI+ Chamber of Commerce | CCQC","jetpack_seo_noindex":false,"_EventAllDay":false,"_EventTimezone":"","_EventStartDate":"","_EventEndDate":"","_EventStartDateUTC":"","_EventEndDateUTC":"","_EventShowMap":false,"_EventShowMapLink":false,"_EventURL":"","_EventCost":"","_EventCostDescription":"","_EventCurrencySymbol":"","_EventCurrencyCode":"","_EventCurrencyPosition":"","_EventDateTimeSeparator":"","_EventTimeRangeSeparator":"","_EventOrganizerID":[],"_EventVenueID":[],"_OrganizerEmail":"","_OrganizerPhone":"","_OrganizerWebsite":"","_VenueAddress":"","_VenueCity":"","_VenueCountry":"","_VenueProvince":"","_VenueState":"","_VenueZip":"","_VenuePhone":"","_VenueURL":"","_VenueStateProvince":"","_VenueLat":"","_VenueLng":"","_VenueShowMap":false,"_VenueShowMapLink":false,"_price":"","_stock":"","_tribe_ticket_header":"","_tribe_default_ticket_provider":"","_tribe_ticket_capacity":"","_ticket_start_date":"","_ticket_end_date":"","_tribe_ticket_show_description":"","_tribe_ticket_show_not_going":false,"_tribe_ticket_use_global_stock":"","_tribe_ticket_global_stock_level":"","_global_stock_mode":"","_global_stock_cap":"","_tribe_rsvp_for_event":"","_tribe_ticket_going_count":"","_tribe_ticket_not_going_count":"","_tribe_tickets_list":"[]","_tribe_ticket_has_attendee_info_fields":false,"_tribe_blocks_recurrence_rules":"","_tribe_blocks_recurrence_description":"","_tribe_blocks_recurrence_exclusions":"","editor_notices":[],"footnotes":"","_tec_slr_enabled":"","_tec_slr_layout":""},"class_list":["post-59673","page","type-page","status-publish","hentry"],"acf":[],"jetpack_sharing_enabled":true,"ticketed":false,"_links":{"self":[{"href":"https:\/\/queerchamber.ca\/fr\/wp-json\/wp\/v2\/pages\/59673","targetHints":{"allow":["GET"]}}],"collection":[{"href":"https:\/\/queerchamber.ca\/fr\/wp-json\/wp\/v2\/pages"}],"about":[{"href":"https:\/\/queerchamber.ca\/fr\/wp-json\/wp\/v2\/types\/page"}],"author":[{"embeddable":true,"href":"https:\/\/queerchamber.ca\/fr\/wp-json\/wp\/v2\/users\/1"}],"replies":[{"embeddable":true,"href":"https:\/\/queerchamber.ca\/fr\/wp-json\/wp\/v2\/comments?post=59673"}],"version-history":[{"count":2,"href":"https:\/\/queerchamber.ca\/fr\/wp-json\/wp\/v2\/pages\/59673\/revisions"}],"predecessor-version":[{"id":126738,"href":"https:\/\/queerchamber.ca\/fr\/wp-json\/wp\/v2\/pages\/59673\/revisions\/126738"}],"wp:attachment":[{"href":"https:\/\/queerchamber.ca\/fr\/wp-json\/wp\/v2\/media?parent=59673"}],"curies":[{"name":"wp","href":"https:\/\/api.w.org\/{rel}","templated":true}]}}